{"id":13255,"date":"2023-10-05T14:13:50","date_gmt":"2023-10-05T12:13:50","guid":{"rendered":"https:\/\/adflow.agency\/product\/rotorkopf-kartusche-fuer-midwest-e-mini\/"},"modified":"2026-02-24T11:04:33","modified_gmt":"2026-02-24T10:04:33","slug":"rotorkopf-kartusche-fuer-midwest-e-mini","status":"publish","type":"product","link":"https:\/\/adflow.agency\/de\/product\/rotorkopf-kartusche-fuer-midwest-e-mini\/","title":{"rendered":"Rotorkopf\/Kartusche f\u00fcr Midwest E Mini"},"content":{"rendered":"","protected":false},"excerpt":{"rendered":"<ul>\n<li>Kompletter Rotorkopf\/Kartusche f\u00fcr Midwest E Mini Winkelst\u00fcck<\/li>\n<li>Hergestellt mit deutschen Hochpr\u00e4zisions-Radialkeramiklagern<\/li>\n<li>Jede Kartusche wird gr\u00fcndlich in einem Handst\u00fcck getestet<\/li>\n<li>12 Monate Garantie<\/li>\n<li>Hergestellt in Deutschland<\/li>\n<\/ul>\n","protected":false},"featured_media":6015,"comment_status":"closed","ping_status":"closed","template":"","meta":{"inline_featured_image":false,"_uag_custom_page_level_css":""},"product_brand":[],"product_cat":[1279,1142],"product_tag":[1217],"class_list":{"0":"post-13255","1":"product","2":"type-product","3":"status-publish","4":"has-post-thumbnail","6":"product_cat-midwest-rotoren-cartridges","7":"product_cat-neue-produkte","8":"product_tag-midwest-e-mini","10":"first","11":"instock","12":"taxable","13":"shipping-taxable","14":"product-type-simple"},"acf":[],"uagb_featured_image_src":{"full":["https:\/\/adflow.agency\/wp-content\/uploads\/2023\/10\/A10095.0-KT-Midwest-E-mini.jpg",1538,1310,false],"thumbnail":["https:\/\/adflow.agency\/wp-content\/uploads\/2023\/10\/A10095.0-KT-Midwest-E-mini.jpg",235,200,false],"medium":["https:\/\/adflow.agency\/wp-content\/uploads\/2023\/10\/A10095.0-KT-Midwest-E-mini.jpg",352,300,false],"medium_large":["https:\/\/adflow.agency\/wp-content\/uploads\/2023\/10\/A10095.0-KT-Midwest-E-mini.jpg",768,654,false],"large":["https:\/\/adflow.agency\/wp-content\/uploads\/2023\/10\/A10095.0-KT-Midwest-E-mini.jpg",1409,1200,false],"1536x1536":["https:\/\/adflow.agency\/wp-content\/uploads\/2023\/10\/A10095.0-KT-Midwest-E-mini.jpg",1536,1308,false],"2048x2048":["https:\/\/adflow.agency\/wp-content\/uploads\/2023\/10\/A10095.0-KT-Midwest-E-mini.jpg",1538,1310,false],"woocommerce_thumbnail":["https:\/\/adflow.agency\/wp-content\/uploads\/2023\/10\/A10095.0-KT-Midwest-E-mini-247x247.jpg",247,247,true],"woocommerce_single":["https:\/\/adflow.agency\/wp-content\/uploads\/2023\/10\/A10095.0-KT-Midwest-E-mini.jpg",510,434,false],"woocommerce_gallery_thumbnail":["https:\/\/adflow.agency\/wp-content\/uploads\/2023\/10\/A10095.0-KT-Midwest-E-mini-100x100.jpg",100,100,true]},"uagb_author_info":{"display_name":"aden_admin","author_link":"https:\/\/adflow.agency\/de\/author\/"},"uagb_comment_info":0,"uagb_excerpt":"Kompletter Rotorkopf\/Kartusche f\u00fcr Midwest E Mini Winkelst\u00fcck Hergestellt mit deutschen Hochpr\u00e4zisions-Radialkeramiklagern Jede Kartusche wird gr\u00fcndlich in einem Handst\u00fcck getestet 12 Monate Garantie Hergestellt in Deutschland","_links":{"self":[{"href":"https:\/\/adflow.agency\/de\/wp-json\/wp\/v2\/product\/13255","targetHints":{"allow":["GET"]}}],"collection":[{"href":"https:\/\/adflow.agency\/de\/wp-json\/wp\/v2\/product"}],"about":[{"href":"https:\/\/adflow.agency\/de\/wp-json\/wp\/v2\/types\/product"}],"replies":[{"embeddable":true,"href":"https:\/\/adflow.agency\/de\/wp-json\/wp\/v2\/comments?post=13255"}],"wp:featuredmedia":[{"embeddable":true,"href":"https:\/\/adflow.agency\/de\/wp-json\/wp\/v2\/media\/6015"}],"wp:attachment":[{"href":"https:\/\/adflow.agency\/de\/wp-json\/wp\/v2\/media?parent=13255"}],"wp:term":[{"taxonomy":"product_brand","embeddable":true,"href":"https:\/\/adflow.agency\/de\/wp-json\/wp\/v2\/product_brand?post=13255"},{"taxonomy":"product_cat","embeddable":true,"href":"https:\/\/adflow.agency\/de\/wp-json\/wp\/v2\/product_cat?post=13255"},{"taxonomy":"product_tag","embeddable":true,"href":"https:\/\/adflow.agency\/de\/wp-json\/wp\/v2\/product_tag?post=13255"}],"curies":[{"name":"wp","href":"https:\/\/api.w.org\/{rel}","templated":true}]}}