{"id":13407,"date":"2022-10-04T18:13:41","date_gmt":"2022-10-04T16:13:41","guid":{"rendered":"https:\/\/adflow.agency\/product\/kopfrotor-kartusche-fuer-wh-wg-99-wk-99\/"},"modified":"2026-02-24T11:19:31","modified_gmt":"2026-02-24T10:19:31","slug":"kopfrotor-kartusche-fuer-wh-wg-99-wk-99","status":"publish","type":"product","link":"https:\/\/adflow.agency\/de\/product\/kopfrotor-kartusche-fuer-wh-wg-99-wk-99\/","title":{"rendered":"Kopfrotor\/Kartusche f\u00fcr WH WG-99\/WK-99"},"content":{"rendered":"","protected":false},"excerpt":{"rendered":"<ul>\n<li>Kompletter Kopfgetrieberotor\/Kartusche f\u00fcr WH Synea Fusion WG-99 und Vision WK-99 Winkelst\u00fccke<\/li>\n<li>Hergestellt mit deutschen Hochpr\u00e4zisions-Radialkeramiklagern<\/li>\n<li>Alternative f\u00fcr WH REF. 06993900 \/ 07473400<\/li>\n<li>Jede Kartusche wird gr\u00fcndlich in einem Handst\u00fcck getestet<\/li>\n<li>12 Monate Garantie<\/li>\n<li>Hergestellt in Deutschland<\/li>\n<\/ul>\n","protected":false},"featured_media":5082,"comment_status":"closed","ping_status":"closed","template":"","meta":{"inline_featured_image":false,"_uag_custom_page_level_css":""},"product_brand":[],"product_cat":[1154],"product_tag":[1118,1119],"class_list":{"0":"post-13407","1":"product","2":"type-product","3":"status-publish","4":"has-post-thumbnail","6":"product_cat-wh-rotoren-cartridges","7":"product_tag-wh-wg-99","8":"product_tag-wh-wk-99","10":"first","11":"instock","12":"taxable","13":"shipping-taxable","14":"product-type-simple"},"acf":[],"uagb_featured_image_src":{"full":["https:\/\/adflow.agency\/wp-content\/uploads\/2022\/10\/A10902.0-WH-WG-99-scaled.jpg",2641,2231,false],"thumbnail":["https:\/\/adflow.agency\/wp-content\/uploads\/2022\/10\/A10902.0-WH-WG-99-250x200.jpg",250,200,true],"medium":["https:\/\/adflow.agency\/wp-content\/uploads\/2022\/10\/A10902.0-WH-WG-99-355x300.jpg",355,300,true],"medium_large":["https:\/\/adflow.agency\/wp-content\/uploads\/2022\/10\/A10902.0-WH-WG-99-768x649.jpg",768,649,true],"large":["https:\/\/adflow.agency\/wp-content\/uploads\/2022\/10\/A10902.0-WH-WG-99-1421x1200.jpg",1421,1200,true],"1536x1536":["https:\/\/adflow.agency\/wp-content\/uploads\/2022\/10\/A10902.0-WH-WG-99-1536x1298.jpg",1536,1298,true],"2048x2048":["https:\/\/adflow.agency\/wp-content\/uploads\/2022\/10\/A10902.0-WH-WG-99-2048x1730.jpg",2048,1730,true],"woocommerce_thumbnail":["https:\/\/adflow.agency\/wp-content\/uploads\/2022\/10\/A10902.0-WH-WG-99-247x247.jpg",247,247,true],"woocommerce_single":["https:\/\/adflow.agency\/wp-content\/uploads\/2022\/10\/A10902.0-WH-WG-99-510x431.jpg",510,431,true],"woocommerce_gallery_thumbnail":["https:\/\/adflow.agency\/wp-content\/uploads\/2022\/10\/A10902.0-WH-WG-99-100x100.jpg",100,100,true]},"uagb_author_info":{"display_name":"aden_admin","author_link":"https:\/\/adflow.agency\/de\/author\/"},"uagb_comment_info":0,"uagb_excerpt":"Kompletter Kopfgetrieberotor\/Kartusche f\u00fcr WH Synea Fusion WG-99 und Vision WK-99 Winkelst\u00fccke Hergestellt mit deutschen Hochpr\u00e4zisions-Radialkeramiklagern Alternative f\u00fcr WH REF. 06993900 \/ 07473400 Jede Kartusche wird gr\u00fcndlich in einem Handst\u00fcck getestet 12 Monate Garantie Hergestellt in Deutschland","_links":{"self":[{"href":"https:\/\/adflow.agency\/de\/wp-json\/wp\/v2\/product\/13407","targetHints":{"allow":["GET"]}}],"collection":[{"href":"https:\/\/adflow.agency\/de\/wp-json\/wp\/v2\/product"}],"about":[{"href":"https:\/\/adflow.agency\/de\/wp-json\/wp\/v2\/types\/product"}],"replies":[{"embeddable":true,"href":"https:\/\/adflow.agency\/de\/wp-json\/wp\/v2\/comments?post=13407"}],"wp:featuredmedia":[{"embeddable":true,"href":"https:\/\/adflow.agency\/de\/wp-json\/wp\/v2\/media\/5082"}],"wp:attachment":[{"href":"https:\/\/adflow.agency\/de\/wp-json\/wp\/v2\/media?parent=13407"}],"wp:term":[{"taxonomy":"product_brand","embeddable":true,"href":"https:\/\/adflow.agency\/de\/wp-json\/wp\/v2\/product_brand?post=13407"},{"taxonomy":"product_cat","embeddable":true,"href":"https:\/\/adflow.agency\/de\/wp-json\/wp\/v2\/product_cat?post=13407"},{"taxonomy":"product_tag","embeddable":true,"href":"https:\/\/adflow.agency\/de\/wp-json\/wp\/v2\/product_tag?post=13407"}],"curies":[{"name":"wp","href":"https:\/\/api.w.org\/{rel}","templated":true}]}}