{"id":13410,"date":"2023-01-30T14:42:28","date_gmt":"2023-01-30T13:42:28","guid":{"rendered":"https:\/\/adflow.agency\/product\/zange-fuer-midwest-sirona-winkelstuecke-kopf-o-87\/"},"modified":"2026-02-24T11:19:33","modified_gmt":"2026-02-24T10:19:33","slug":"zange-fuer-midwest-sirona-winkelstuecke-kopf-o-87","status":"publish","type":"product","link":"https:\/\/adflow.agency\/de\/product\/zange-fuer-midwest-sirona-winkelstuecke-kopf-o-87\/","title":{"rendered":"Zange f\u00fcr Midwest\/Sirona Winkelst\u00fccke Kopf \u00d8 8,7"},"content":{"rendered":"","protected":false},"excerpt":{"rendered":"<ul>\n<li>Zange zur Montage und Demontage von B.A. International, Midwest und Sirona Winkelst\u00fccken mit \u00d8 8,7 Kopf<\/li>\n<li>Kann f\u00fcr die hintere Kappe oder f\u00fcr die Verbindung zwischen Zwischenwelle und Kopfgeh\u00e4use verwendet werden<\/li>\n<li>Alternative f\u00fcr Sirona REF. 41 78 054<\/li>\n<\/ul>\n","protected":false},"featured_media":5060,"comment_status":"open","ping_status":"closed","template":"","meta":{"inline_featured_image":false,"_uag_custom_page_level_css":""},"product_brand":[],"product_cat":[1159],"product_tag":[1217,1215,1288,741,1185,1216],"class_list":{"0":"post-13410","1":"product","2":"type-product","3":"status-publish","4":"has-post-thumbnail","6":"product_cat-sonstige-werkzeuge-teile-wartungsausrustung","7":"product_tag-midwest-e-mini","8":"product_tag-midwest-e-plus","9":"product_tag-midwest-e-pro","10":"product_tag-sirona-c40l-2","11":"product_tag-sirona-a-c-s-200-l-o87","12":"product_tag-sirona-c200l-mini","14":"first","15":"instock","16":"taxable","17":"shipping-taxable","18":"product-type-simple"},"acf":[],"uagb_featured_image_src":{"full":["https:\/\/adflow.agency\/wp-content\/uploads\/2022\/08\/A10938.0-Pliers-Sirona-C200-8.7-MW-E-Plus-scaled.jpg",3456,2943,false],"thumbnail":["https:\/\/adflow.agency\/wp-content\/uploads\/2022\/08\/A10938.0-Pliers-Sirona-C200-8.7-MW-E-Plus-250x200.jpg",250,200,true],"medium":["https:\/\/adflow.agency\/wp-content\/uploads\/2022\/08\/A10938.0-Pliers-Sirona-C200-8.7-MW-E-Plus-352x300.jpg",352,300,true],"medium_large":["https:\/\/adflow.agency\/wp-content\/uploads\/2022\/08\/A10938.0-Pliers-Sirona-C200-8.7-MW-E-Plus-768x654.jpg",768,654,true],"large":["https:\/\/adflow.agency\/wp-content\/uploads\/2022\/08\/A10938.0-Pliers-Sirona-C200-8.7-MW-E-Plus-1409x1200.jpg",1409,1200,true],"1536x1536":["https:\/\/adflow.agency\/wp-content\/uploads\/2022\/08\/A10938.0-Pliers-Sirona-C200-8.7-MW-E-Plus-1536x1308.jpg",1536,1308,true],"2048x2048":["https:\/\/adflow.agency\/wp-content\/uploads\/2022\/08\/A10938.0-Pliers-Sirona-C200-8.7-MW-E-Plus-2048x1744.jpg",2048,1744,true],"woocommerce_thumbnail":["https:\/\/adflow.agency\/wp-content\/uploads\/2022\/08\/A10938.0-Pliers-Sirona-C200-8.7-MW-E-Plus-247x247.jpg",247,247,true],"woocommerce_single":["https:\/\/adflow.agency\/wp-content\/uploads\/2022\/08\/A10938.0-Pliers-Sirona-C200-8.7-MW-E-Plus-510x434.jpg",510,434,true],"woocommerce_gallery_thumbnail":["https:\/\/adflow.agency\/wp-content\/uploads\/2022\/08\/A10938.0-Pliers-Sirona-C200-8.7-MW-E-Plus-100x100.jpg",100,100,true]},"uagb_author_info":{"display_name":"aden_admin","author_link":"https:\/\/adflow.agency\/de\/author\/"},"uagb_comment_info":0,"uagb_excerpt":"Zange zur Montage und Demontage von B.A. International, Midwest und Sirona Winkelst\u00fccken mit \u00d8 8,7 Kopf Kann f\u00fcr die hintere Kappe oder f\u00fcr die Verbindung zwischen Zwischenwelle und Kopfgeh\u00e4use verwendet werden Alternative f\u00fcr Sirona REF. 41 78 054","_links":{"self":[{"href":"https:\/\/adflow.agency\/de\/wp-json\/wp\/v2\/product\/13410","targetHints":{"allow":["GET"]}}],"collection":[{"href":"https:\/\/adflow.agency\/de\/wp-json\/wp\/v2\/product"}],"about":[{"href":"https:\/\/adflow.agency\/de\/wp-json\/wp\/v2\/types\/product"}],"replies":[{"embeddable":true,"href":"https:\/\/adflow.agency\/de\/wp-json\/wp\/v2\/comments?post=13410"}],"wp:featuredmedia":[{"embeddable":true,"href":"https:\/\/adflow.agency\/de\/wp-json\/wp\/v2\/media\/5060"}],"wp:attachment":[{"href":"https:\/\/adflow.agency\/de\/wp-json\/wp\/v2\/media?parent=13410"}],"wp:term":[{"taxonomy":"product_brand","embeddable":true,"href":"https:\/\/adflow.agency\/de\/wp-json\/wp\/v2\/product_brand?post=13410"},{"taxonomy":"product_cat","embeddable":true,"href":"https:\/\/adflow.agency\/de\/wp-json\/wp\/v2\/product_cat?post=13410"},{"taxonomy":"product_tag","embeddable":true,"href":"https:\/\/adflow.agency\/de\/wp-json\/wp\/v2\/product_tag?post=13410"}],"curies":[{"name":"wp","href":"https:\/\/api.w.org\/{rel}","templated":true}]}}