{"id":13412,"date":"2023-01-30T15:21:11","date_gmt":"2023-01-30T14:21:11","guid":{"rendered":"https:\/\/adflow.agency\/product\/kombination-fuer-midwest-phoenix-pro-stylus-plus-mini-tradition-mit-kupplung-festem-ende-o-97\/"},"modified":"2026-02-24T11:19:35","modified_gmt":"2026-02-24T10:19:35","slug":"kombination-fuer-midwest-phoenix-pro-stylus-plus-mini-tradition-mit-kupplung-festem-ende-o-97","status":"publish","type":"product","link":"https:\/\/adflow.agency\/de\/product\/kombination-fuer-midwest-phoenix-pro-stylus-plus-mini-tradition-mit-kupplung-festem-ende-o-97\/","title":{"rendered":"Kombination f\u00fcr Midwest Phoenix Pro \/ Stylus Plus &amp; Mini \/ Tradition mit Kupplung\/festem Ende \u00d8 9,7"},"content":{"rendered":"","protected":false},"excerpt":{"rendered":"<ul>\n<li>Ausgewogene Spindel-\/Laufrad-Baugruppe f\u00fcr neuere Midwest-Highspeed-Handst\u00fcckmodelle<\/li>\n<li>Kann f\u00fcr Stylus Plus &amp; Mini, Tradition Pro und Phoenix &amp; Phoenix Pro verwendet werden (f\u00fcr alle Handst\u00fccke mit einer 6-stelligen Seriennummer, die mit &#8222;8&#8220; beginnt)<\/li>\n<li>Eine Produkt\u00fcbersicht mit weiteren Informationen zu Teilenummern und Modellen finden Sie in der Bildergalerie<\/li>\n<li>Lager\/Zubeh\u00f6r sind vom Kunden zu liefern und zu montieren<\/li>\n<li>12 Monate Garantie<\/li>\n<li>Hergestellt in Deutschland<\/li>\n<\/ul>\n","protected":false},"featured_media":5207,"comment_status":"open","ping_status":"closed","template":"","meta":{"inline_featured_image":false,"_uag_custom_page_level_css":""},"product_brand":[],"product_cat":[1239],"product_tag":[1290,1275,1291,1289,1253],"class_list":{"0":"post-13412","1":"product","2":"type-product","3":"status-publish","4":"has-post-thumbnail","6":"product_cat-midwest-kombinationen","7":"product_tag-midwest-phoenix","8":"product_tag-midwest-phoenix-pro","9":"product_tag-midwest-stylus-mini","10":"product_tag-midwest-stylus-plus","11":"product_tag-midwest-tradition","13":"first","14":"instock","15":"taxable","16":"shipping-taxable","17":"product-type-simple"},"acf":[],"uagb_featured_image_src":{"full":["https:\/\/adflow.agency\/wp-content\/uploads\/2023\/01\/A10941.0-Combo-MW-new_9.7.jpg",2284,1907,false],"thumbnail":["https:\/\/adflow.agency\/wp-content\/uploads\/2023\/01\/A10941.0-Combo-MW-new_9.7.jpg",240,200,false],"medium":["https:\/\/adflow.agency\/wp-content\/uploads\/2023\/01\/A10941.0-Combo-MW-new_9.7.jpg",359,300,false],"medium_large":["https:\/\/adflow.agency\/wp-content\/uploads\/2023\/01\/A10941.0-Combo-MW-new_9.7.jpg",768,641,false],"large":["https:\/\/adflow.agency\/wp-content\/uploads\/2023\/01\/A10941.0-Combo-MW-new_9.7.jpg",1437,1200,false],"1536x1536":["https:\/\/adflow.agency\/wp-content\/uploads\/2023\/01\/A10941.0-Combo-MW-new_9.7.jpg",1536,1282,false],"2048x2048":["https:\/\/adflow.agency\/wp-content\/uploads\/2023\/01\/A10941.0-Combo-MW-new_9.7.jpg",2048,1710,false],"woocommerce_thumbnail":["https:\/\/adflow.agency\/wp-content\/uploads\/2023\/01\/A10941.0-Combo-MW-new_9.7-247x247.jpg",247,247,true],"woocommerce_single":["https:\/\/adflow.agency\/wp-content\/uploads\/2023\/01\/A10941.0-Combo-MW-new_9.7.jpg",510,426,false],"woocommerce_gallery_thumbnail":["https:\/\/adflow.agency\/wp-content\/uploads\/2023\/01\/A10941.0-Combo-MW-new_9.7-100x100.jpg",100,100,true]},"uagb_author_info":{"display_name":"aden_admin","author_link":"https:\/\/adflow.agency\/de\/author\/"},"uagb_comment_info":0,"uagb_excerpt":"Ausgewogene Spindel-\/Laufrad-Baugruppe f\u00fcr neuere Midwest-Highspeed-Handst\u00fcckmodelle Kann f\u00fcr Stylus Plus &amp; Mini, Tradition Pro und Phoenix &amp; Phoenix Pro verwendet werden (f\u00fcr alle Handst\u00fccke mit einer 6-stelligen Seriennummer, die mit \"8\" beginnt) Eine Produkt\u00fcbersicht mit weiteren Informationen zu Teilenummern und Modellen finden Sie in der Bildergalerie Lager\/Zubeh\u00f6r sind vom Kunden zu liefern und zu montieren 12&hellip;","_links":{"self":[{"href":"https:\/\/adflow.agency\/de\/wp-json\/wp\/v2\/product\/13412","targetHints":{"allow":["GET"]}}],"collection":[{"href":"https:\/\/adflow.agency\/de\/wp-json\/wp\/v2\/product"}],"about":[{"href":"https:\/\/adflow.agency\/de\/wp-json\/wp\/v2\/types\/product"}],"replies":[{"embeddable":true,"href":"https:\/\/adflow.agency\/de\/wp-json\/wp\/v2\/comments?post=13412"}],"wp:featuredmedia":[{"embeddable":true,"href":"https:\/\/adflow.agency\/de\/wp-json\/wp\/v2\/media\/5207"}],"wp:attachment":[{"href":"https:\/\/adflow.agency\/de\/wp-json\/wp\/v2\/media?parent=13412"}],"wp:term":[{"taxonomy":"product_brand","embeddable":true,"href":"https:\/\/adflow.agency\/de\/wp-json\/wp\/v2\/product_brand?post=13412"},{"taxonomy":"product_cat","embeddable":true,"href":"https:\/\/adflow.agency\/de\/wp-json\/wp\/v2\/product_cat?post=13412"},{"taxonomy":"product_tag","embeddable":true,"href":"https:\/\/adflow.agency\/de\/wp-json\/wp\/v2\/product_tag?post=13412"}],"curies":[{"name":"wp","href":"https:\/\/api.w.org\/{rel}","templated":true}]}}