{"id":13414,"date":"2022-06-01T17:57:24","date_gmt":"2022-06-01T15:57:24","guid":{"rendered":"https:\/\/adflow.agency\/product\/zwischenwelle-fuer-sirona-a-c-s200l-c200l-mini-midwest-e-mini-e-plus-und-b-a-int-200lts-250lt\/"},"modified":"2026-02-24T11:21:00","modified_gmt":"2026-02-24T10:21:00","slug":"zwischenwelle-fuer-sirona-a-c-s200l-c200l-mini-midwest-e-mini-e-plus-und-b-a-int-200lts-250lt","status":"publish","type":"product","link":"https:\/\/adflow.agency\/de\/product\/zwischenwelle-fuer-sirona-a-c-s200l-c200l-mini-midwest-e-mini-e-plus-und-b-a-int-200lts-250lt\/","title":{"rendered":"Zwischenwelle f\u00fcr Sirona A\/C\/S200L \/ C200L Mini \/ Midwest E Mini\/E Plus und B.A. Int. 200LTS\/250LT"},"content":{"rendered":"","protected":false},"excerpt":{"rendered":"<ul>\n<li>Zwischenwelle f\u00fcr Sirona A\/C200(L), Midwest E Mini\/E Plus und B.A. International BA200LTS\/250LT Winkelst\u00fccke<\/li>\n<li>Alternative f\u00fcr Sirona REF. 61 75 603<\/li>\n<li>Jede Welle wird gr\u00fcndlich in einem Handst\u00fcck getestet<\/li>\n<li>Produkt wird als fertige Baugruppe geliefert<\/li>\n<li>12 Monate Garantie<\/li>\n<li>Hergestellt in Deutschland<\/li>\n<\/ul>\n","protected":false},"featured_media":4858,"comment_status":"closed","ping_status":"closed","template":"","meta":{"inline_featured_image":false,"_uag_custom_page_level_css":""},"product_brand":[],"product_cat":[1293,1294,1142,1205],"product_tag":[1217,1215,1184,1185,1216],"class_list":{"0":"post-13414","1":"product","2":"type-product","3":"status-publish","4":"has-post-thumbnail","6":"product_cat-b-a-international-zwischenwellen","7":"product_cat-midwest-zwischenwellen","8":"product_cat-neue-produkte","9":"product_cat-sirona-zwischenwellen","10":"product_tag-midwest-e-mini","11":"product_tag-midwest-e-plus","12":"product_tag-sirona-a-c-s-200-l-o-97","13":"product_tag-sirona-a-c-s-200-l-o87","14":"product_tag-sirona-c200l-mini","16":"first","17":"instock","18":"taxable","19":"shipping-taxable","20":"product-type-simple"},"acf":[],"uagb_featured_image_src":{"full":["https:\/\/adflow.agency\/wp-content\/uploads\/2022\/06\/A10582.0-ZST-Sirona-C200L-scaled.jpg",2807,2169,false],"thumbnail":["https:\/\/adflow.agency\/wp-content\/uploads\/2022\/06\/A10582.0-ZST-Sirona-C200L-250x200.jpg",250,200,true],"medium":["https:\/\/adflow.agency\/wp-content\/uploads\/2022\/06\/A10582.0-ZST-Sirona-C200L-388x300.jpg",388,300,true],"medium_large":["https:\/\/adflow.agency\/wp-content\/uploads\/2022\/06\/A10582.0-ZST-Sirona-C200L-768x593.jpg",768,593,true],"large":["https:\/\/adflow.agency\/wp-content\/uploads\/2022\/06\/A10582.0-ZST-Sirona-C200L-1553x1200.jpg",1553,1200,true],"1536x1536":["https:\/\/adflow.agency\/wp-content\/uploads\/2022\/06\/A10582.0-ZST-Sirona-C200L-1536x1187.jpg",1536,1187,true],"2048x2048":["https:\/\/adflow.agency\/wp-content\/uploads\/2022\/06\/A10582.0-ZST-Sirona-C200L-2048x1583.jpg",2048,1583,true],"woocommerce_thumbnail":["https:\/\/adflow.agency\/wp-content\/uploads\/2022\/06\/A10582.0-ZST-Sirona-C200L-247x247.jpg",247,247,true],"woocommerce_single":["https:\/\/adflow.agency\/wp-content\/uploads\/2022\/06\/A10582.0-ZST-Sirona-C200L-510x394.jpg",510,394,true],"woocommerce_gallery_thumbnail":["https:\/\/adflow.agency\/wp-content\/uploads\/2022\/06\/A10582.0-ZST-Sirona-C200L-100x100.jpg",100,100,true]},"uagb_author_info":{"display_name":"aden_admin","author_link":"https:\/\/adflow.agency\/de\/author\/"},"uagb_comment_info":0,"uagb_excerpt":"Zwischenwelle f\u00fcr Sirona A\/C200(L), Midwest E Mini\/E Plus und B.A. International BA200LTS\/250LT Winkelst\u00fccke Alternative f\u00fcr Sirona REF. 61 75 603 Jede Welle wird gr\u00fcndlich in einem Handst\u00fcck getestet Produkt wird als fertige Baugruppe geliefert 12 Monate Garantie Hergestellt in Deutschland","_links":{"self":[{"href":"https:\/\/adflow.agency\/de\/wp-json\/wp\/v2\/product\/13414","targetHints":{"allow":["GET"]}}],"collection":[{"href":"https:\/\/adflow.agency\/de\/wp-json\/wp\/v2\/product"}],"about":[{"href":"https:\/\/adflow.agency\/de\/wp-json\/wp\/v2\/types\/product"}],"replies":[{"embeddable":true,"href":"https:\/\/adflow.agency\/de\/wp-json\/wp\/v2\/comments?post=13414"}],"wp:featuredmedia":[{"embeddable":true,"href":"https:\/\/adflow.agency\/de\/wp-json\/wp\/v2\/media\/4858"}],"wp:attachment":[{"href":"https:\/\/adflow.agency\/de\/wp-json\/wp\/v2\/media?parent=13414"}],"wp:term":[{"taxonomy":"product_brand","embeddable":true,"href":"https:\/\/adflow.agency\/de\/wp-json\/wp\/v2\/product_brand?post=13414"},{"taxonomy":"product_cat","embeddable":true,"href":"https:\/\/adflow.agency\/de\/wp-json\/wp\/v2\/product_cat?post=13414"},{"taxonomy":"product_tag","embeddable":true,"href":"https:\/\/adflow.agency\/de\/wp-json\/wp\/v2\/product_tag?post=13414"}],"curies":[{"name":"wp","href":"https:\/\/api.w.org\/{rel}","templated":true}]}}