{"id":13415,"date":"2022-09-30T17:22:50","date_gmt":"2022-09-30T15:22:50","guid":{"rendered":"https:\/\/adflow.agency\/product\/keramisches-schraegkugellager-3175-x-588-635-x-245-235-165-gestufter-aussenring\/"},"modified":"2026-02-24T11:19:53","modified_gmt":"2026-02-24T10:19:53","slug":"keramisches-schraegkugellager-3175-x-588-635-x-245-235-165-gestufter-aussenring","status":"publish","type":"product","link":"https:\/\/adflow.agency\/de\/product\/keramisches-schraegkugellager-3175-x-588-635-x-245-235-165-gestufter-aussenring\/","title":{"rendered":"Keramisches Schr\u00e4gkugellager, 3,175 x 5,88\/6,35 x 2,45\/2,35\/1,65, gestufter Au\u00dfenring"},"content":{"rendered":"","protected":false},"excerpt":{"rendered":"<ul>\n<li>Keramisches Pr\u00e4zisions-Schr\u00e4gkugellager mit gestuftem Au\u00dfenring<\/li>\n<li>Abmessungen: 3,175 x 5,88\/6,35 x 2,45\/2,35\/1,65<\/li>\n<li>Unter anderem f\u00fcr alle neueren Sirona- und Midwest-Rotoren geeignet<\/li>\n<li>Alternative f\u00fcr Sirona REF. 59 94 814<\/li>\n<li>Qualit\u00e4tsstufe: ISO P4P, ABEC 7\/9<\/li>\n<li>Hergestellt in Deutschland<\/li>\n<\/ul>\n","protected":false},"featured_media":4977,"comment_status":"closed","ping_status":"closed","template":"","meta":{"inline_featured_image":false,"_uag_custom_page_level_css":""},"product_brand":[],"product_cat":[1155],"product_tag":[1275,1291,1289,1253,1131,1292,662,663],"class_list":{"0":"post-13415","1":"product","2":"type-product","3":"status-publish","4":"has-post-thumbnail","6":"product_cat-lager","7":"product_tag-midwest-phoenix-pro","8":"product_tag-midwest-stylus-mini","9":"product_tag-midwest-stylus-plus","10":"product_tag-midwest-tradition","11":"product_tag-sirona-t1-boost-sn600000","12":"product_tag-sirona-t2-t3-boost","13":"product_tag-sirona-t2-t3-boost-cbm","14":"product_tag-sirona-t2-t3-mini","16":"first","17":"instock","18":"taxable","19":"shipping-taxable","20":"product-type-simple"},"acf":[],"uagb_featured_image_src":{"full":["https:\/\/adflow.agency\/wp-content\/uploads\/2021\/10\/A10924.0-P10472-Myonic.jpg",1779,1506,false],"thumbnail":["https:\/\/adflow.agency\/wp-content\/uploads\/2021\/10\/A10924.0-P10472-Myonic.jpg",236,200,false],"medium":["https:\/\/adflow.agency\/wp-content\/uploads\/2021\/10\/A10924.0-P10472-Myonic.jpg",354,300,false],"medium_large":["https:\/\/adflow.agency\/wp-content\/uploads\/2021\/10\/A10924.0-P10472-Myonic.jpg",768,650,false],"large":["https:\/\/adflow.agency\/wp-content\/uploads\/2021\/10\/A10924.0-P10472-Myonic.jpg",1418,1200,false],"1536x1536":["https:\/\/adflow.agency\/wp-content\/uploads\/2021\/10\/A10924.0-P10472-Myonic.jpg",1536,1300,false],"2048x2048":["https:\/\/adflow.agency\/wp-content\/uploads\/2021\/10\/A10924.0-P10472-Myonic.jpg",1779,1506,false],"woocommerce_thumbnail":["https:\/\/adflow.agency\/wp-content\/uploads\/2021\/10\/A10924.0-P10472-Myonic-247x247.jpg",247,247,true],"woocommerce_single":["https:\/\/adflow.agency\/wp-content\/uploads\/2021\/10\/A10924.0-P10472-Myonic.jpg",510,432,false],"woocommerce_gallery_thumbnail":["https:\/\/adflow.agency\/wp-content\/uploads\/2021\/10\/A10924.0-P10472-Myonic-100x100.jpg",100,100,true]},"uagb_author_info":{"display_name":"aden_admin","author_link":"https:\/\/adflow.agency\/de\/author\/"},"uagb_comment_info":0,"uagb_excerpt":"Keramisches Pr\u00e4zisions-Schr\u00e4gkugellager mit gestuftem Au\u00dfenring Abmessungen: 3,175 x 5,88\/6,35 x 2,45\/2,35\/1,65 Unter anderem f\u00fcr alle neueren Sirona- und Midwest-Rotoren geeignet Alternative f\u00fcr Sirona REF. 59 94 814 Qualit\u00e4tsstufe: ISO P4P, ABEC 7\/9 Hergestellt in Deutschland","_links":{"self":[{"href":"https:\/\/adflow.agency\/de\/wp-json\/wp\/v2\/product\/13415","targetHints":{"allow":["GET"]}}],"collection":[{"href":"https:\/\/adflow.agency\/de\/wp-json\/wp\/v2\/product"}],"about":[{"href":"https:\/\/adflow.agency\/de\/wp-json\/wp\/v2\/types\/product"}],"replies":[{"embeddable":true,"href":"https:\/\/adflow.agency\/de\/wp-json\/wp\/v2\/comments?post=13415"}],"wp:featuredmedia":[{"embeddable":true,"href":"https:\/\/adflow.agency\/de\/wp-json\/wp\/v2\/media\/4977"}],"wp:attachment":[{"href":"https:\/\/adflow.agency\/de\/wp-json\/wp\/v2\/media?parent=13415"}],"wp:term":[{"taxonomy":"product_brand","embeddable":true,"href":"https:\/\/adflow.agency\/de\/wp-json\/wp\/v2\/product_brand?post=13415"},{"taxonomy":"product_cat","embeddable":true,"href":"https:\/\/adflow.agency\/de\/wp-json\/wp\/v2\/product_cat?post=13415"},{"taxonomy":"product_tag","embeddable":true,"href":"https:\/\/adflow.agency\/de\/wp-json\/wp\/v2\/product_tag?post=13415"}],"curies":[{"name":"wp","href":"https:\/\/api.w.org\/{rel}","templated":true}]}}