{"id":13418,"date":"2023-01-30T15:05:36","date_gmt":"2023-01-30T14:05:36","guid":{"rendered":"https:\/\/adflow.agency\/product\/rotor-turbine-fuer-midwest-phoenix-pro-stylus-plusmini-tradition-mit-kupplung-festem-ende-o97\/"},"modified":"2026-02-24T11:19:34","modified_gmt":"2026-02-24T10:19:34","slug":"rotor-turbine-fuer-midwest-phoenix-pro-stylus-plusmini-tradition-mit-kupplung-festem-ende-o97","status":"publish","type":"product","link":"https:\/\/adflow.agency\/de\/product\/rotor-turbine-fuer-midwest-phoenix-pro-stylus-plusmini-tradition-mit-kupplung-festem-ende-o97\/","title":{"rendered":"Rotor\/Turbine f\u00fcr Midwest Phoenix Pro \/ Stylus Plus&amp;Mini \/ Tradition mit Kupplung\/festem Ende \u00d89,7"},"content":{"rendered":"","protected":false},"excerpt":{"rendered":"<ul>\n<li>Kompletter Rotor\/Turbine f\u00fcr Midwest Phoenix Pro \/ Stylus Plus&amp;Mini \/ Tradition mit Kupplung\/festem Ende \u00d89,7 mm Turbinen-Handst\u00fccke<\/li>\n<li>F\u00fcr alle Handst\u00fccke mit einer 6-stelligen Seriennummer, die mit &#8222;8&#8220; beginnt<\/li>\n<li>Hergestellt mit deutschen Hochpr\u00e4zisions-Keramiklagern mit Einzelkontakt<\/li>\n<li>Alternative zu Midwest REF. 67 27 197 \/ 67 27 338 \/ 67 27 346<\/li>\n<li>Eine Produkt\u00fcbersicht mit weiteren Informationen zu Teilenummern und Modellen finden Sie in der Bildergalerie<\/li>\n<li>12 Monate Garantie<\/li>\n<li>Hergestellt in Deutschland<\/li>\n<\/ul>\n","protected":false},"featured_media":5205,"comment_status":"open","ping_status":"closed","template":"","meta":{"inline_featured_image":false,"_uag_custom_page_level_css":""},"product_brand":[],"product_cat":[1138,1278,1142],"product_tag":[1290,1289,1253],"class_list":{"0":"post-13418","1":"product","2":"type-product","3":"status-publish","4":"has-post-thumbnail","6":"product_cat-angebot","7":"product_cat-midwest-turbinen","8":"product_cat-neue-produkte","9":"product_tag-midwest-phoenix","10":"product_tag-midwest-stylus-plus","11":"product_tag-midwest-tradition","13":"first","14":"instock","15":"taxable","16":"shipping-taxable","17":"product-type-simple"},"acf":[],"uagb_featured_image_src":{"full":["https:\/\/adflow.agency\/wp-content\/uploads\/2023\/01\/A10942.0-Rotor-MW-new_9.7.jpg",2355,2005,false],"thumbnail":["https:\/\/adflow.agency\/wp-content\/uploads\/2023\/01\/A10942.0-Rotor-MW-new_9.7.jpg",235,200,false],"medium":["https:\/\/adflow.agency\/wp-content\/uploads\/2023\/01\/A10942.0-Rotor-MW-new_9.7.jpg",352,300,false],"medium_large":["https:\/\/adflow.agency\/wp-content\/uploads\/2023\/01\/A10942.0-Rotor-MW-new_9.7.jpg",768,654,false],"large":["https:\/\/adflow.agency\/wp-content\/uploads\/2023\/01\/A10942.0-Rotor-MW-new_9.7.jpg",1409,1200,false],"1536x1536":["https:\/\/adflow.agency\/wp-content\/uploads\/2023\/01\/A10942.0-Rotor-MW-new_9.7.jpg",1536,1308,false],"2048x2048":["https:\/\/adflow.agency\/wp-content\/uploads\/2023\/01\/A10942.0-Rotor-MW-new_9.7.jpg",2048,1744,false],"woocommerce_thumbnail":["https:\/\/adflow.agency\/wp-content\/uploads\/2023\/01\/A10942.0-Rotor-MW-new_9.7-247x247.jpg",247,247,true],"woocommerce_single":["https:\/\/adflow.agency\/wp-content\/uploads\/2023\/01\/A10942.0-Rotor-MW-new_9.7.jpg",510,434,false],"woocommerce_gallery_thumbnail":["https:\/\/adflow.agency\/wp-content\/uploads\/2023\/01\/A10942.0-Rotor-MW-new_9.7-100x100.jpg",100,100,true]},"uagb_author_info":{"display_name":"aden_admin","author_link":"https:\/\/adflow.agency\/de\/author\/"},"uagb_comment_info":0,"uagb_excerpt":"Kompletter Rotor\/Turbine f\u00fcr Midwest Phoenix Pro \/ Stylus Plus&amp;Mini \/ Tradition mit Kupplung\/festem Ende \u00d89,7 mm Turbinen-Handst\u00fccke F\u00fcr alle Handst\u00fccke mit einer 6-stelligen Seriennummer, die mit \"8\" beginnt Hergestellt mit deutschen Hochpr\u00e4zisions-Keramiklagern mit Einzelkontakt Alternative zu Midwest REF. 67 27 197 \/ 67 27 338 \/ 67 27 346 Eine Produkt\u00fcbersicht mit weiteren Informationen zu&hellip;","_links":{"self":[{"href":"https:\/\/adflow.agency\/de\/wp-json\/wp\/v2\/product\/13418","targetHints":{"allow":["GET"]}}],"collection":[{"href":"https:\/\/adflow.agency\/de\/wp-json\/wp\/v2\/product"}],"about":[{"href":"https:\/\/adflow.agency\/de\/wp-json\/wp\/v2\/types\/product"}],"replies":[{"embeddable":true,"href":"https:\/\/adflow.agency\/de\/wp-json\/wp\/v2\/comments?post=13418"}],"wp:featuredmedia":[{"embeddable":true,"href":"https:\/\/adflow.agency\/de\/wp-json\/wp\/v2\/media\/5205"}],"wp:attachment":[{"href":"https:\/\/adflow.agency\/de\/wp-json\/wp\/v2\/media?parent=13418"}],"wp:term":[{"taxonomy":"product_brand","embeddable":true,"href":"https:\/\/adflow.agency\/de\/wp-json\/wp\/v2\/product_brand?post=13418"},{"taxonomy":"product_cat","embeddable":true,"href":"https:\/\/adflow.agency\/de\/wp-json\/wp\/v2\/product_cat?post=13418"},{"taxonomy":"product_tag","embeddable":true,"href":"https:\/\/adflow.agency\/de\/wp-json\/wp\/v2\/product_tag?post=13418"}],"curies":[{"name":"wp","href":"https:\/\/api.w.org\/{rel}","templated":true}]}}