{"id":13419,"date":"2022-08-02T09:01:49","date_gmt":"2022-08-02T07:01:49","guid":{"rendered":"https:\/\/adflow.agency\/product\/rotor-turbine-fuer-t2-t3-boost-cbm-700-000\/"},"modified":"2026-02-24T11:19:32","modified_gmt":"2026-02-24T10:19:32","slug":"rotor-turbine-fuer-t2-t3-boost-cbm-700-000","status":"publish","type":"product","link":"https:\/\/adflow.agency\/de\/product\/rotor-turbine-fuer-t2-t3-boost-cbm-700-000\/","title":{"rendered":"Rotor\/Turbine f\u00fcr T2\/T3 Boost CBM [700 000<sn b.a.=\"\" int.=\"\" ultimate=\"\"><\/sn>"},"content":{"rendered":"","protected":false},"excerpt":{"rendered":"<ul>\n<li>Kompletter Rotor\/Turbine f\u00fcr Sirona T2\/T3 Boost CBM [700 000 &lt; SN &lt; 800 000] \/ B.A. International 695 Ultimate Turbinenhandst\u00fccke<\/li>\n<li>Hergestellt mit deutschen Hochpr\u00e4zisions-Radialkeramiklagern<\/li>\n<li>Alternative f\u00fcr Sirona REF. 65 48 122<\/li>\n<li>Produkt wird mit 2x O-Ringen, 2x Wellscheiben und 2x Teflon-Unterlegscheiben geliefert<\/li>\n<li>12 Monate Garantie<\/li>\n<\/ul>\n","protected":false},"featured_media":4593,"comment_status":"open","ping_status":"closed","template":"","meta":{"inline_featured_image":false,"_uag_custom_page_level_css":""},"product_brand":[],"product_cat":[1138,1317,1298],"product_tag":[662],"class_list":{"0":"post-13419","1":"product","2":"type-product","3":"status-publish","4":"has-post-thumbnail","6":"product_cat-angebot","7":"product_cat-b-a-international-turbinen","8":"product_cat-sirona-turbinen","9":"product_tag-sirona-t2-t3-boost-cbm","11":"first","12":"instock","13":"taxable","14":"shipping-taxable","15":"product-type-simple"},"acf":[],"uagb_featured_image_src":{"full":["https:\/\/adflow.agency\/wp-content\/uploads\/2021\/05\/A10854.1-Rotor-T2_T3-Boost-CBM_2-1.jpg",2022,1724,false],"thumbnail":["https:\/\/adflow.agency\/wp-content\/uploads\/2021\/05\/A10854.1-Rotor-T2_T3-Boost-CBM_2-1.jpg",235,200,false],"medium":["https:\/\/adflow.agency\/wp-content\/uploads\/2021\/05\/A10854.1-Rotor-T2_T3-Boost-CBM_2-1.jpg",352,300,false],"medium_large":["https:\/\/adflow.agency\/wp-content\/uploads\/2021\/05\/A10854.1-Rotor-T2_T3-Boost-CBM_2-1.jpg",768,655,false],"large":["https:\/\/adflow.agency\/wp-content\/uploads\/2021\/05\/A10854.1-Rotor-T2_T3-Boost-CBM_2-1.jpg",1407,1200,false],"1536x1536":["https:\/\/adflow.agency\/wp-content\/uploads\/2021\/05\/A10854.1-Rotor-T2_T3-Boost-CBM_2-1.jpg",1536,1310,false],"2048x2048":["https:\/\/adflow.agency\/wp-content\/uploads\/2021\/05\/A10854.1-Rotor-T2_T3-Boost-CBM_2-1.jpg",2022,1724,false],"woocommerce_thumbnail":["https:\/\/adflow.agency\/wp-content\/uploads\/2021\/05\/A10854.1-Rotor-T2_T3-Boost-CBM_2-1-247x247.jpg",247,247,true],"woocommerce_single":["https:\/\/adflow.agency\/wp-content\/uploads\/2021\/05\/A10854.1-Rotor-T2_T3-Boost-CBM_2-1.jpg",510,435,false],"woocommerce_gallery_thumbnail":["https:\/\/adflow.agency\/wp-content\/uploads\/2021\/05\/A10854.1-Rotor-T2_T3-Boost-CBM_2-1-100x100.jpg",100,100,true]},"uagb_author_info":{"display_name":"aden_admin","author_link":"https:\/\/adflow.agency\/de\/author\/"},"uagb_comment_info":0,"uagb_excerpt":"Kompletter Rotor\/Turbine f\u00fcr Sirona T2\/T3 Boost CBM [700 000 &lt; SN &lt; 800 000] \/ B.A. International 695 Ultimate Turbinenhandst\u00fccke Hergestellt mit deutschen Hochpr\u00e4zisions-Radialkeramiklagern Alternative f\u00fcr Sirona REF. 65 48 122 Produkt wird mit 2x O-Ringen, 2x Wellscheiben und 2x Teflon-Unterlegscheiben geliefert 12 Monate Garantie","_links":{"self":[{"href":"https:\/\/adflow.agency\/de\/wp-json\/wp\/v2\/product\/13419","targetHints":{"allow":["GET"]}}],"collection":[{"href":"https:\/\/adflow.agency\/de\/wp-json\/wp\/v2\/product"}],"about":[{"href":"https:\/\/adflow.agency\/de\/wp-json\/wp\/v2\/types\/product"}],"replies":[{"embeddable":true,"href":"https:\/\/adflow.agency\/de\/wp-json\/wp\/v2\/comments?post=13419"}],"wp:featuredmedia":[{"embeddable":true,"href":"https:\/\/adflow.agency\/de\/wp-json\/wp\/v2\/media\/4593"}],"wp:attachment":[{"href":"https:\/\/adflow.agency\/de\/wp-json\/wp\/v2\/media?parent=13419"}],"wp:term":[{"taxonomy":"product_brand","embeddable":true,"href":"https:\/\/adflow.agency\/de\/wp-json\/wp\/v2\/product_brand?post=13419"},{"taxonomy":"product_cat","embeddable":true,"href":"https:\/\/adflow.agency\/de\/wp-json\/wp\/v2\/product_cat?post=13419"},{"taxonomy":"product_tag","embeddable":true,"href":"https:\/\/adflow.agency\/de\/wp-json\/wp\/v2\/product_tag?post=13419"}],"curies":[{"name":"wp","href":"https:\/\/api.w.org\/{rel}","templated":true}]}}