{"id":13420,"date":"2022-08-02T09:21:59","date_gmt":"2022-08-02T07:21:59","guid":{"rendered":"https:\/\/adflow.agency\/product\/rotor-turbine-fuer-sirona-t1-mini-sn502-000-t2-t3-mini-sn600-000\/"},"modified":"2026-02-24T11:19:33","modified_gmt":"2026-02-24T10:19:33","slug":"rotor-turbine-fuer-sirona-t1-mini-sn502-000-t2-t3-mini-sn600-000","status":"publish","type":"product","link":"https:\/\/adflow.agency\/de\/product\/rotor-turbine-fuer-sirona-t1-mini-sn502-000-t2-t3-mini-sn600-000\/","title":{"rendered":"Rotor\/Turbine f\u00fcr Sirona T1 Mini [SN&gt;502 000] \/ T2\/T3 Mini [SN&lt;600 000]"},"content":{"rendered":"","protected":false},"excerpt":{"rendered":"<ul>\n<li>Kompletter Rotor\/Turbine f\u00fcr Sirona T1 Mini [SN &gt; 502 000] \/ T2\/T3 Mini [SN &lt; 600 000] Turbinenhandst\u00fcck<\/li>\n<li>Hergestellt mit deutschen Hochpr\u00e4zisions-Radialkeramiklagern<\/li>\n<li>Alternative f\u00fcr Sirona REF 58 68 315 \/ 58 68 331<\/li>\n<li>Produkt wird mit 2x O-Ringen geliefert<\/li>\n<li>12 Monate Garantie<\/li>\n<li>Hergestellt in Deutschland<\/li>\n<\/ul>\n","protected":false},"featured_media":5058,"comment_status":"open","ping_status":"closed","template":"","meta":{"inline_featured_image":false,"_uag_custom_page_level_css":""},"product_brand":[],"product_cat":[1138,1298],"product_tag":[1219,1220],"class_list":{"0":"post-13420","1":"product","2":"type-product","3":"status-publish","4":"has-post-thumbnail","6":"product_cat-angebot","7":"product_cat-sirona-turbinen","8":"product_tag-sirona-t1-mini-sn502000","9":"product_tag-sirona-t2-t3-mini-sn600000","11":"first","12":"instock","13":"taxable","14":"shipping-taxable","15":"product-type-simple"},"acf":[],"uagb_featured_image_src":{"full":["https:\/\/adflow.agency\/wp-content\/uploads\/2022\/08\/A10879.0-Rotor-T2_T3-mini-under-600.jpg",1543,1314,false],"thumbnail":["https:\/\/adflow.agency\/wp-content\/uploads\/2022\/08\/A10879.0-Rotor-T2_T3-mini-under-600.jpg",235,200,false],"medium":["https:\/\/adflow.agency\/wp-content\/uploads\/2022\/08\/A10879.0-Rotor-T2_T3-mini-under-600.jpg",352,300,false],"medium_large":["https:\/\/adflow.agency\/wp-content\/uploads\/2022\/08\/A10879.0-Rotor-T2_T3-mini-under-600.jpg",768,654,false],"large":["https:\/\/adflow.agency\/wp-content\/uploads\/2022\/08\/A10879.0-Rotor-T2_T3-mini-under-600.jpg",1409,1200,false],"1536x1536":["https:\/\/adflow.agency\/wp-content\/uploads\/2022\/08\/A10879.0-Rotor-T2_T3-mini-under-600.jpg",1536,1308,false],"2048x2048":["https:\/\/adflow.agency\/wp-content\/uploads\/2022\/08\/A10879.0-Rotor-T2_T3-mini-under-600.jpg",1543,1314,false],"woocommerce_thumbnail":["https:\/\/adflow.agency\/wp-content\/uploads\/2022\/08\/A10879.0-Rotor-T2_T3-mini-under-600-247x247.jpg",247,247,true],"woocommerce_single":["https:\/\/adflow.agency\/wp-content\/uploads\/2022\/08\/A10879.0-Rotor-T2_T3-mini-under-600.jpg",510,434,false],"woocommerce_gallery_thumbnail":["https:\/\/adflow.agency\/wp-content\/uploads\/2022\/08\/A10879.0-Rotor-T2_T3-mini-under-600-100x100.jpg",100,100,true]},"uagb_author_info":{"display_name":"aden_admin","author_link":"https:\/\/adflow.agency\/de\/author\/"},"uagb_comment_info":0,"uagb_excerpt":"Kompletter Rotor\/Turbine f\u00fcr Sirona T1 Mini [SN &gt; 502 000] \/ T2\/T3 Mini [SN &lt; 600 000] Turbinenhandst\u00fcck Hergestellt mit deutschen Hochpr\u00e4zisions-Radialkeramiklagern Alternative f\u00fcr Sirona REF 58 68 315 \/ 58 68 331 Produkt wird mit 2x O-Ringen geliefert 12 Monate Garantie Hergestellt in Deutschland","_links":{"self":[{"href":"https:\/\/adflow.agency\/de\/wp-json\/wp\/v2\/product\/13420","targetHints":{"allow":["GET"]}}],"collection":[{"href":"https:\/\/adflow.agency\/de\/wp-json\/wp\/v2\/product"}],"about":[{"href":"https:\/\/adflow.agency\/de\/wp-json\/wp\/v2\/types\/product"}],"replies":[{"embeddable":true,"href":"https:\/\/adflow.agency\/de\/wp-json\/wp\/v2\/comments?post=13420"}],"wp:featuredmedia":[{"embeddable":true,"href":"https:\/\/adflow.agency\/de\/wp-json\/wp\/v2\/media\/5058"}],"wp:attachment":[{"href":"https:\/\/adflow.agency\/de\/wp-json\/wp\/v2\/media?parent=13420"}],"wp:term":[{"taxonomy":"product_brand","embeddable":true,"href":"https:\/\/adflow.agency\/de\/wp-json\/wp\/v2\/product_brand?post=13420"},{"taxonomy":"product_cat","embeddable":true,"href":"https:\/\/adflow.agency\/de\/wp-json\/wp\/v2\/product_cat?post=13420"},{"taxonomy":"product_tag","embeddable":true,"href":"https:\/\/adflow.agency\/de\/wp-json\/wp\/v2\/product_tag?post=13420"}],"curies":[{"name":"wp","href":"https:\/\/api.w.org\/{rel}","templated":true}]}}