{"id":13421,"date":"2022-09-30T17:03:52","date_gmt":"2022-09-30T15:03:52","guid":{"rendered":"https:\/\/adflow.agency\/product\/rotor-turbine-fuer-sirona-t2-t3-mini-cbm-sn700-000-midwest-phoenix-pro-stylus-plusmini-tradition-mit-kupplung-festem-ende-o102\/"},"modified":"2026-02-24T11:19:35","modified_gmt":"2026-02-24T10:19:35","slug":"rotor-turbine-fuer-sirona-t2-t3-mini-cbm-sn700-000-midwest-phoenix-pro-stylus-plusmini-tradition-mit-kupplung-festem-ende-o102","status":"publish","type":"product","link":"https:\/\/adflow.agency\/de\/product\/rotor-turbine-fuer-sirona-t2-t3-mini-cbm-sn700-000-midwest-phoenix-pro-stylus-plusmini-tradition-mit-kupplung-festem-ende-o102\/","title":{"rendered":"Rotor\/Turbine f\u00fcr Sirona T2\/T3 Mini CBM [SN&gt;700 000] \/ Midwest Phoenix Pro \/ Stylus Plus&amp;Mini \/ Tradition mit Kupplung\/festem Ende \u00d810,2"},"content":{"rendered":"","protected":false},"excerpt":{"rendered":"<ul>\n<li>Kompletter Rotor\/Turbine f\u00fcr Sirona T2\/T3 mini CBM [SN&gt;700 000], Midwest Phoenix Pro \/ Stylus Plus&amp;Mini \/ Tradition mit Kupplung\/festem Ende \u00d810,2mm Turbinenhandst\u00fccke<\/li>\n<li>Hergestellt mit deutschen Hochpr\u00e4zisions-Keramiklagern mit Schr\u00e4gkontakt<\/li>\n<li>Alternative zu Sirona REF. 65 48 130 und Midwest REF. 66 27 165 \/ 66 18 164 \/ 67 27 338<\/li>\n<li>Produkt wird mit 2x O-Ringen und 2x Wellscheiben geliefert<\/li>\n<li>12 Monate Garantie<\/li>\n<li>Hergestellt in Deutschland<\/li>\n<\/ul>\n","protected":false},"featured_media":5062,"comment_status":"open","ping_status":"closed","template":"","meta":{"inline_featured_image":false,"_uag_custom_page_level_css":""},"product_brand":[],"product_cat":[1138,1278,1142,1298],"product_tag":[1290,1289,1253,663],"class_list":{"0":"post-13421","1":"product","2":"type-product","3":"status-publish","4":"has-post-thumbnail","6":"product_cat-angebot","7":"product_cat-midwest-turbinen","8":"product_cat-neue-produkte","9":"product_cat-sirona-turbinen","10":"product_tag-midwest-phoenix","11":"product_tag-midwest-stylus-plus","12":"product_tag-midwest-tradition","13":"product_tag-sirona-t2-t3-mini","15":"first","16":"instock","17":"taxable","18":"shipping-taxable","19":"product-type-simple"},"acf":[],"uagb_featured_image_src":{"full":["https:\/\/adflow.agency\/wp-content\/uploads\/2022\/08\/A10935.0-Rotor-T2_T3-mini-MW-Stylus-Plus.jpg",2086,1775,false],"thumbnail":["https:\/\/adflow.agency\/wp-content\/uploads\/2022\/08\/A10935.0-Rotor-T2_T3-mini-MW-Stylus-Plus.jpg",235,200,false],"medium":["https:\/\/adflow.agency\/wp-content\/uploads\/2022\/08\/A10935.0-Rotor-T2_T3-mini-MW-Stylus-Plus.jpg",353,300,false],"medium_large":["https:\/\/adflow.agency\/wp-content\/uploads\/2022\/08\/A10935.0-Rotor-T2_T3-mini-MW-Stylus-Plus.jpg",768,653,false],"large":["https:\/\/adflow.agency\/wp-content\/uploads\/2022\/08\/A10935.0-Rotor-T2_T3-mini-MW-Stylus-Plus.jpg",1410,1200,false],"1536x1536":["https:\/\/adflow.agency\/wp-content\/uploads\/2022\/08\/A10935.0-Rotor-T2_T3-mini-MW-Stylus-Plus.jpg",1536,1307,false],"2048x2048":["https:\/\/adflow.agency\/wp-content\/uploads\/2022\/08\/A10935.0-Rotor-T2_T3-mini-MW-Stylus-Plus.jpg",2048,1743,false],"woocommerce_thumbnail":["https:\/\/adflow.agency\/wp-content\/uploads\/2022\/08\/A10935.0-Rotor-T2_T3-mini-MW-Stylus-Plus-247x247.jpg",247,247,true],"woocommerce_single":["https:\/\/adflow.agency\/wp-content\/uploads\/2022\/08\/A10935.0-Rotor-T2_T3-mini-MW-Stylus-Plus.jpg",510,434,false],"woocommerce_gallery_thumbnail":["https:\/\/adflow.agency\/wp-content\/uploads\/2022\/08\/A10935.0-Rotor-T2_T3-mini-MW-Stylus-Plus-100x100.jpg",100,100,true]},"uagb_author_info":{"display_name":"aden_admin","author_link":"https:\/\/adflow.agency\/de\/author\/"},"uagb_comment_info":0,"uagb_excerpt":"Kompletter Rotor\/Turbine f\u00fcr Sirona T2\/T3 mini CBM [SN&gt;700 000], Midwest Phoenix Pro \/ Stylus Plus&amp;Mini \/ Tradition mit Kupplung\/festem Ende \u00d810,2mm Turbinenhandst\u00fccke Hergestellt mit deutschen Hochpr\u00e4zisions-Keramiklagern mit Schr\u00e4gkontakt Alternative zu Sirona REF. 65 48 130 und Midwest REF. 66 27 165 \/ 66 18 164 \/ 67 27 338 Produkt wird mit 2x O-Ringen und&hellip;","_links":{"self":[{"href":"https:\/\/adflow.agency\/de\/wp-json\/wp\/v2\/product\/13421","targetHints":{"allow":["GET"]}}],"collection":[{"href":"https:\/\/adflow.agency\/de\/wp-json\/wp\/v2\/product"}],"about":[{"href":"https:\/\/adflow.agency\/de\/wp-json\/wp\/v2\/types\/product"}],"replies":[{"embeddable":true,"href":"https:\/\/adflow.agency\/de\/wp-json\/wp\/v2\/comments?post=13421"}],"wp:featuredmedia":[{"embeddable":true,"href":"https:\/\/adflow.agency\/de\/wp-json\/wp\/v2\/media\/5062"}],"wp:attachment":[{"href":"https:\/\/adflow.agency\/de\/wp-json\/wp\/v2\/media?parent=13421"}],"wp:term":[{"taxonomy":"product_brand","embeddable":true,"href":"https:\/\/adflow.agency\/de\/wp-json\/wp\/v2\/product_brand?post=13421"},{"taxonomy":"product_cat","embeddable":true,"href":"https:\/\/adflow.agency\/de\/wp-json\/wp\/v2\/product_cat?post=13421"},{"taxonomy":"product_tag","embeddable":true,"href":"https:\/\/adflow.agency\/de\/wp-json\/wp\/v2\/product_tag?post=13421"}],"curies":[{"name":"wp","href":"https:\/\/api.w.org\/{rel}","templated":true}]}}