{"id":13424,"date":"2021-10-07T21:05:48","date_gmt":"2021-10-07T19:05:48","guid":{"rendered":"https:\/\/adflow.agency\/product\/radial-edelstahlkugellager-4000-x-700-x-200\/"},"modified":"2026-02-24T11:20:58","modified_gmt":"2026-02-24T10:20:58","slug":"radial-edelstahlkugellager-4000-x-700-x-200","status":"publish","type":"product","link":"https:\/\/adflow.agency\/de\/product\/radial-edelstahlkugellager-4000-x-700-x-200\/","title":{"rendered":"Radial-Edelstahlkugellager, 4,000 x 7,00 x 2,00"},"content":{"rendered":"","protected":false},"excerpt":{"rendered":"<ul>\n<li>Radial-Edelstahl-Pr\u00e4zisionskugellager<\/li>\n<li>Abmessungen: 4,000 x 7,00 x 2,00<\/li>\n<li>Zur Verwendung f\u00fcr Kartuschen KaVo 68LH\/L68\/68LD, 67LH\/L67\/67LD und Sirona A\/C\/E40 (L) \u00d8 9,7 ADENSYS-Style, unter anderem<\/li>\n<li>Alternative f\u00fcr KaVo REF. 0.220.2005<\/li>\n<li>Qualit\u00e4tsstufe: ISO P4P, ABEC 7\/9<\/li>\n<li>Hergestellt in Deutschland<\/li>\n<\/ul>\n","protected":false},"featured_media":2606,"comment_status":"closed","ping_status":"closed","template":"","meta":{"inline_featured_image":false,"_uag_custom_page_level_css":""},"product_brand":[],"product_cat":[1155],"product_tag":[738,811,1204],"class_list":{"0":"post-13424","1":"product","2":"type-product","3":"status-publish","4":"has-post-thumbnail","6":"product_cat-lager","7":"product_tag-kavo-67lh-2","8":"product_tag-kavo-68-2","9":"product_tag-sirona-a-c-e-40l-o9-7","11":"first","12":"instock","13":"taxable","14":"shipping-taxable","15":"product-type-simple"},"acf":[],"uagb_featured_image_src":{"full":["https:\/\/adflow.agency\/wp-content\/uploads\/2016\/12\/A10325.0-P10087.jpg",1818,1764,false],"thumbnail":["https:\/\/adflow.agency\/wp-content\/uploads\/2016\/12\/A10325.0-P10087.jpg",206,200,false],"medium":["https:\/\/adflow.agency\/wp-content\/uploads\/2016\/12\/A10325.0-P10087.jpg",309,300,false],"medium_large":["https:\/\/adflow.agency\/wp-content\/uploads\/2016\/12\/A10325.0-P10087.jpg",768,745,false],"large":["https:\/\/adflow.agency\/wp-content\/uploads\/2016\/12\/A10325.0-P10087.jpg",1237,1200,false],"1536x1536":["https:\/\/adflow.agency\/wp-content\/uploads\/2016\/12\/A10325.0-P10087.jpg",1536,1490,false],"2048x2048":["https:\/\/adflow.agency\/wp-content\/uploads\/2016\/12\/A10325.0-P10087.jpg",1818,1764,false],"woocommerce_thumbnail":["https:\/\/adflow.agency\/wp-content\/uploads\/2016\/12\/A10325.0-P10087-247x247.jpg",247,247,true],"woocommerce_single":["https:\/\/adflow.agency\/wp-content\/uploads\/2016\/12\/A10325.0-P10087.jpg",510,495,false],"woocommerce_gallery_thumbnail":["https:\/\/adflow.agency\/wp-content\/uploads\/2016\/12\/A10325.0-P10087-100x100.jpg",100,100,true]},"uagb_author_info":{"display_name":"aden_admin","author_link":"https:\/\/adflow.agency\/de\/author\/"},"uagb_comment_info":0,"uagb_excerpt":"Radial-Edelstahl-Pr\u00e4zisionskugellager Abmessungen: 4,000 x 7,00 x 2,00 Zur Verwendung f\u00fcr Kartuschen KaVo 68LH\/L68\/68LD, 67LH\/L67\/67LD und Sirona A\/C\/E40 (L) \u00d8 9,7 ADENSYS-Style, unter anderem Alternative f\u00fcr KaVo REF. 0.220.2005 Qualit\u00e4tsstufe: ISO P4P, ABEC 7\/9 Hergestellt in Deutschland","_links":{"self":[{"href":"https:\/\/adflow.agency\/de\/wp-json\/wp\/v2\/product\/13424","targetHints":{"allow":["GET"]}}],"collection":[{"href":"https:\/\/adflow.agency\/de\/wp-json\/wp\/v2\/product"}],"about":[{"href":"https:\/\/adflow.agency\/de\/wp-json\/wp\/v2\/types\/product"}],"replies":[{"embeddable":true,"href":"https:\/\/adflow.agency\/de\/wp-json\/wp\/v2\/comments?post=13424"}],"wp:featuredmedia":[{"embeddable":true,"href":"https:\/\/adflow.agency\/de\/wp-json\/wp\/v2\/media\/2606"}],"wp:attachment":[{"href":"https:\/\/adflow.agency\/de\/wp-json\/wp\/v2\/media?parent=13424"}],"wp:term":[{"taxonomy":"product_brand","embeddable":true,"href":"https:\/\/adflow.agency\/de\/wp-json\/wp\/v2\/product_brand?post=13424"},{"taxonomy":"product_cat","embeddable":true,"href":"https:\/\/adflow.agency\/de\/wp-json\/wp\/v2\/product_cat?post=13424"},{"taxonomy":"product_tag","embeddable":true,"href":"https:\/\/adflow.agency\/de\/wp-json\/wp\/v2\/product_tag?post=13424"}],"curies":[{"name":"wp","href":"https:\/\/api.w.org\/{rel}","templated":true}]}}