{"id":13427,"date":"2021-07-05T17:59:22","date_gmt":"2021-07-05T15:59:22","guid":{"rendered":"https:\/\/adflow.agency\/product\/kopfstueck-fuer-kavo-25lpa\/"},"modified":"2026-02-24T11:21:14","modified_gmt":"2026-02-24T10:21:14","slug":"kopfstueck-fuer-kavo-25lpa","status":"publish","type":"product","link":"https:\/\/adflow.agency\/de\/product\/kopfstueck-fuer-kavo-25lpa\/","title":{"rendered":"Kopfst\u00fcck f\u00fcr KaVo 25LP(A)"},"content":{"rendered":"","protected":false},"excerpt":{"rendered":"<ul>\n<li>Kopfst\u00fcck zur Fixierung des Kopfes von KaVo 25LP(A) beim Entfernen der Kopfeinheit vom Handst\u00fcckk\u00f6rper<\/li>\n<li>Hergestellt in Deutschland<\/li>\n<\/ul>\n","protected":false},"featured_media":4683,"comment_status":"open","ping_status":"closed","template":"","meta":{"inline_featured_image":false,"_uag_custom_page_level_css":""},"product_brand":[],"product_cat":[1159],"product_tag":[],"class_list":{"0":"post-13427","1":"product","2":"type-product","3":"status-publish","4":"has-post-thumbnail","6":"product_cat-sonstige-werkzeuge-teile-wartungsausrustung","8":"first","9":"instock","10":"taxable","11":"shipping-taxable","12":"product-type-simple"},"acf":[],"uagb_featured_image_src":{"full":["https:\/\/adflow.agency\/wp-content\/uploads\/2021\/07\/A10903.0-Head-block-KaVo.jpg",2238,1896,false],"thumbnail":["https:\/\/adflow.agency\/wp-content\/uploads\/2021\/07\/A10903.0-Head-block-KaVo.jpg",236,200,false],"medium":["https:\/\/adflow.agency\/wp-content\/uploads\/2021\/07\/A10903.0-Head-block-KaVo.jpg",354,300,false],"medium_large":["https:\/\/adflow.agency\/wp-content\/uploads\/2021\/07\/A10903.0-Head-block-KaVo.jpg",768,651,false],"large":["https:\/\/adflow.agency\/wp-content\/uploads\/2021\/07\/A10903.0-Head-block-KaVo.jpg",1416,1200,false],"1536x1536":["https:\/\/adflow.agency\/wp-content\/uploads\/2021\/07\/A10903.0-Head-block-KaVo.jpg",1536,1301,false],"2048x2048":["https:\/\/adflow.agency\/wp-content\/uploads\/2021\/07\/A10903.0-Head-block-KaVo.jpg",2048,1735,false],"woocommerce_thumbnail":["https:\/\/adflow.agency\/wp-content\/uploads\/2021\/07\/A10903.0-Head-block-KaVo-247x247.jpg",247,247,true],"woocommerce_single":["https:\/\/adflow.agency\/wp-content\/uploads\/2021\/07\/A10903.0-Head-block-KaVo.jpg",510,432,false],"woocommerce_gallery_thumbnail":["https:\/\/adflow.agency\/wp-content\/uploads\/2021\/07\/A10903.0-Head-block-KaVo-100x100.jpg",100,100,true]},"uagb_author_info":{"display_name":"aden_admin","author_link":"https:\/\/adflow.agency\/de\/author\/"},"uagb_comment_info":0,"uagb_excerpt":"Kopfst\u00fcck zur Fixierung des Kopfes von KaVo 25LP(A) beim Entfernen der Kopfeinheit vom Handst\u00fcckk\u00f6rper Hergestellt in Deutschland","_links":{"self":[{"href":"https:\/\/adflow.agency\/de\/wp-json\/wp\/v2\/product\/13427","targetHints":{"allow":["GET"]}}],"collection":[{"href":"https:\/\/adflow.agency\/de\/wp-json\/wp\/v2\/product"}],"about":[{"href":"https:\/\/adflow.agency\/de\/wp-json\/wp\/v2\/types\/product"}],"replies":[{"embeddable":true,"href":"https:\/\/adflow.agency\/de\/wp-json\/wp\/v2\/comments?post=13427"}],"wp:featuredmedia":[{"embeddable":true,"href":"https:\/\/adflow.agency\/de\/wp-json\/wp\/v2\/media\/4683"}],"wp:attachment":[{"href":"https:\/\/adflow.agency\/de\/wp-json\/wp\/v2\/media?parent=13427"}],"wp:term":[{"taxonomy":"product_brand","embeddable":true,"href":"https:\/\/adflow.agency\/de\/wp-json\/wp\/v2\/product_brand?post=13427"},{"taxonomy":"product_cat","embeddable":true,"href":"https:\/\/adflow.agency\/de\/wp-json\/wp\/v2\/product_cat?post=13427"},{"taxonomy":"product_tag","embeddable":true,"href":"https:\/\/adflow.agency\/de\/wp-json\/wp\/v2\/product_tag?post=13427"}],"curies":[{"name":"wp","href":"https:\/\/api.w.org\/{rel}","templated":true}]}}