{"id":13431,"date":"2021-07-05T17:18:10","date_gmt":"2021-07-05T15:18:10","guid":{"rendered":"https:\/\/adflow.agency\/product\/schluessel-fuer-hintere-kappe-fuer-bien-air-bora\/"},"modified":"2026-02-24T11:23:22","modified_gmt":"2026-02-24T10:23:22","slug":"schluessel-fuer-hintere-kappe-fuer-bien-air-bora","status":"publish","type":"product","link":"https:\/\/adflow.agency\/de\/product\/schluessel-fuer-hintere-kappe-fuer-bien-air-bora\/","title":{"rendered":"Schl\u00fcssel f\u00fcr hintere Kappe f\u00fcr Bien Air Bora"},"content":{"rendered":"","protected":false},"excerpt":{"rendered":"<ul>\n<li>Schl\u00fcssel\/Schraubenschl\u00fcssel zum \u00d6ffnen der hinteren Kappe f\u00fcr Bien Air Bora<\/li>\n<li>Getestet von ADENSYS<\/li>\n<\/ul>\n","protected":false},"featured_media":4698,"comment_status":"open","ping_status":"closed","template":"","meta":{"inline_featured_image":false,"_uag_custom_page_level_css":""},"product_brand":[],"product_cat":[1301],"product_tag":[1252],"class_list":{"0":"post-13431","1":"product","2":"type-product","3":"status-publish","4":"has-post-thumbnail","6":"product_cat-bien-air-tasten-auf-der-ruckseite","7":"product_tag-bien-air-bora","9":"first","10":"instock","11":"taxable","12":"shipping-taxable","13":"product-type-simple"},"acf":[],"uagb_featured_image_src":{"full":["https:\/\/adflow.agency\/wp-content\/uploads\/2021\/07\/W11003-Schlussel-Bien-Air-Bora.jpg",1889,1611,false],"thumbnail":["https:\/\/adflow.agency\/wp-content\/uploads\/2021\/07\/W11003-Schlussel-Bien-Air-Bora.jpg",235,200,false],"medium":["https:\/\/adflow.agency\/wp-content\/uploads\/2021\/07\/W11003-Schlussel-Bien-Air-Bora.jpg",352,300,false],"medium_large":["https:\/\/adflow.agency\/wp-content\/uploads\/2021\/07\/W11003-Schlussel-Bien-Air-Bora.jpg",768,655,false],"large":["https:\/\/adflow.agency\/wp-content\/uploads\/2021\/07\/W11003-Schlussel-Bien-Air-Bora.jpg",1407,1200,false],"1536x1536":["https:\/\/adflow.agency\/wp-content\/uploads\/2021\/07\/W11003-Schlussel-Bien-Air-Bora.jpg",1536,1310,false],"2048x2048":["https:\/\/adflow.agency\/wp-content\/uploads\/2021\/07\/W11003-Schlussel-Bien-Air-Bora.jpg",1889,1611,false],"woocommerce_thumbnail":["https:\/\/adflow.agency\/wp-content\/uploads\/2021\/07\/W11003-Schlussel-Bien-Air-Bora-247x247.jpg",247,247,true],"woocommerce_single":["https:\/\/adflow.agency\/wp-content\/uploads\/2021\/07\/W11003-Schlussel-Bien-Air-Bora.jpg",510,435,false],"woocommerce_gallery_thumbnail":["https:\/\/adflow.agency\/wp-content\/uploads\/2021\/07\/W11003-Schlussel-Bien-Air-Bora-100x100.jpg",100,100,true]},"uagb_author_info":{"display_name":"aden_admin","author_link":"https:\/\/adflow.agency\/de\/author\/"},"uagb_comment_info":0,"uagb_excerpt":"Schl\u00fcssel\/Schraubenschl\u00fcssel zum \u00d6ffnen der hinteren Kappe f\u00fcr Bien Air Bora Getestet von ADENSYS","_links":{"self":[{"href":"https:\/\/adflow.agency\/de\/wp-json\/wp\/v2\/product\/13431","targetHints":{"allow":["GET"]}}],"collection":[{"href":"https:\/\/adflow.agency\/de\/wp-json\/wp\/v2\/product"}],"about":[{"href":"https:\/\/adflow.agency\/de\/wp-json\/wp\/v2\/types\/product"}],"replies":[{"embeddable":true,"href":"https:\/\/adflow.agency\/de\/wp-json\/wp\/v2\/comments?post=13431"}],"wp:featuredmedia":[{"embeddable":true,"href":"https:\/\/adflow.agency\/de\/wp-json\/wp\/v2\/media\/4698"}],"wp:attachment":[{"href":"https:\/\/adflow.agency\/de\/wp-json\/wp\/v2\/media?parent=13431"}],"wp:term":[{"taxonomy":"product_brand","embeddable":true,"href":"https:\/\/adflow.agency\/de\/wp-json\/wp\/v2\/product_brand?post=13431"},{"taxonomy":"product_cat","embeddable":true,"href":"https:\/\/adflow.agency\/de\/wp-json\/wp\/v2\/product_cat?post=13431"},{"taxonomy":"product_tag","embeddable":true,"href":"https:\/\/adflow.agency\/de\/wp-json\/wp\/v2\/product_tag?post=13431"}],"curies":[{"name":"wp","href":"https:\/\/api.w.org\/{rel}","templated":true}]}}