{"id":13432,"date":"2021-07-05T17:48:34","date_gmt":"2021-07-05T15:48:34","guid":{"rendered":"https:\/\/adflow.agency\/product\/kopfstueck-fuer-nsk-sirona-winkelstueckkoepfe\/"},"modified":"2026-02-24T11:21:13","modified_gmt":"2026-02-24T10:21:13","slug":"kopfstueck-fuer-nsk-sirona-winkelstueckkoepfe","status":"publish","type":"product","link":"https:\/\/adflow.agency\/de\/product\/kopfstueck-fuer-nsk-sirona-winkelstueckkoepfe\/","title":{"rendered":"Kopfst\u00fcck f\u00fcr NSK \/ Sirona Winkelst\u00fcckk\u00f6pfe"},"content":{"rendered":"","protected":false},"excerpt":{"rendered":"<ul>\n<li>Kopfst\u00fcck zum L\u00f6sen oder Festziehen der Zwischenwelle an Winkelst\u00fccken<\/li>\n<li>H\u00e4lt das Kopfgeh\u00e4use an Ort und Stelle, w\u00e4hrend die Zwischenwelle ein- oder ausgeschraubt wird<\/li>\n<li>Kann mit bestimmten Winkelst\u00fccken von B.A. International, Midwest, NSK und Sirona verwendet werden<\/li>\n<li>Hergestellt in Deutschland<\/li>\n<\/ul>\n","protected":false},"featured_media":4691,"comment_status":"open","ping_status":"closed","template":"","meta":{"inline_featured_image":false,"_uag_custom_page_level_css":""},"product_brand":[],"product_cat":[1159],"product_tag":[1217,1215,1288,1150,1151,1121,741,1204,1184,1185,1216],"class_list":{"0":"post-13432","1":"product","2":"type-product","3":"status-publish","4":"has-post-thumbnail","6":"product_cat-sonstige-werkzeuge-teile-wartungsausrustung","7":"product_tag-midwest-e-mini","8":"product_tag-midwest-e-plus","9":"product_tag-midwest-e-pro","10":"product_tag-nsk-m95l","11":"product_tag-nsk-x95l","12":"product_tag-nsk-z95l","13":"product_tag-sirona-c40l-2","14":"product_tag-sirona-a-c-e-40l-o9-7","15":"product_tag-sirona-a-c-s-200-l-o-97","16":"product_tag-sirona-a-c-s-200-l-o87","17":"product_tag-sirona-c200l-mini","19":"first","20":"instock","21":"taxable","22":"shipping-taxable","23":"product-type-simple"},"acf":[],"uagb_featured_image_src":{"full":["https:\/\/adflow.agency\/wp-content\/uploads\/2021\/07\/A10891.0-Head-block-Sirona_NSK-scaled.jpg",2718,2268,false],"thumbnail":["https:\/\/adflow.agency\/wp-content\/uploads\/2021\/07\/A10891.0-Head-block-Sirona_NSK-250x200.jpg",250,200,true],"medium":["https:\/\/adflow.agency\/wp-content\/uploads\/2021\/07\/A10891.0-Head-block-Sirona_NSK-360x300.jpg",360,300,true],"medium_large":["https:\/\/adflow.agency\/wp-content\/uploads\/2021\/07\/A10891.0-Head-block-Sirona_NSK-768x641.jpg",768,641,true],"large":["https:\/\/adflow.agency\/wp-content\/uploads\/2021\/07\/A10891.0-Head-block-Sirona_NSK-1438x1200.jpg",1438,1200,true],"1536x1536":["https:\/\/adflow.agency\/wp-content\/uploads\/2021\/07\/A10891.0-Head-block-Sirona_NSK-1536x1282.jpg",1536,1282,true],"2048x2048":["https:\/\/adflow.agency\/wp-content\/uploads\/2021\/07\/A10891.0-Head-block-Sirona_NSK-2048x1709.jpg",2048,1709,true],"woocommerce_thumbnail":["https:\/\/adflow.agency\/wp-content\/uploads\/2021\/07\/A10891.0-Head-block-Sirona_NSK-247x247.jpg",247,247,true],"woocommerce_single":["https:\/\/adflow.agency\/wp-content\/uploads\/2021\/07\/A10891.0-Head-block-Sirona_NSK-510x426.jpg",510,426,true],"woocommerce_gallery_thumbnail":["https:\/\/adflow.agency\/wp-content\/uploads\/2021\/07\/A10891.0-Head-block-Sirona_NSK-100x100.jpg",100,100,true]},"uagb_author_info":{"display_name":"aden_admin","author_link":"https:\/\/adflow.agency\/de\/author\/"},"uagb_comment_info":0,"uagb_excerpt":"Kopfst\u00fcck zum L\u00f6sen oder Festziehen der Zwischenwelle an Winkelst\u00fccken H\u00e4lt das Kopfgeh\u00e4use an Ort und Stelle, w\u00e4hrend die Zwischenwelle ein- oder ausgeschraubt wird Kann mit bestimmten Winkelst\u00fccken von B.A. International, Midwest, NSK und Sirona verwendet werden Hergestellt in Deutschland","_links":{"self":[{"href":"https:\/\/adflow.agency\/de\/wp-json\/wp\/v2\/product\/13432","targetHints":{"allow":["GET"]}}],"collection":[{"href":"https:\/\/adflow.agency\/de\/wp-json\/wp\/v2\/product"}],"about":[{"href":"https:\/\/adflow.agency\/de\/wp-json\/wp\/v2\/types\/product"}],"replies":[{"embeddable":true,"href":"https:\/\/adflow.agency\/de\/wp-json\/wp\/v2\/comments?post=13432"}],"wp:featuredmedia":[{"embeddable":true,"href":"https:\/\/adflow.agency\/de\/wp-json\/wp\/v2\/media\/4691"}],"wp:attachment":[{"href":"https:\/\/adflow.agency\/de\/wp-json\/wp\/v2\/media?parent=13432"}],"wp:term":[{"taxonomy":"product_brand","embeddable":true,"href":"https:\/\/adflow.agency\/de\/wp-json\/wp\/v2\/product_brand?post=13432"},{"taxonomy":"product_cat","embeddable":true,"href":"https:\/\/adflow.agency\/de\/wp-json\/wp\/v2\/product_cat?post=13432"},{"taxonomy":"product_tag","embeddable":true,"href":"https:\/\/adflow.agency\/de\/wp-json\/wp\/v2\/product_tag?post=13432"}],"curies":[{"name":"wp","href":"https:\/\/api.w.org\/{rel}","templated":true}]}}