{"id":13433,"date":"2021-07-05T17:26:26","date_gmt":"2021-07-05T15:26:26","guid":{"rendered":"https:\/\/adflow.agency\/product\/schluessel-fuer-hintere-verschlusskappe-fuer-kavo-655-660-4500-5000-6000-6500-7000-8000-m8900-m9000-e675-e677\/"},"modified":"2026-02-24T11:20:51","modified_gmt":"2026-02-24T10:20:51","slug":"schluessel-fuer-hintere-verschlusskappe-fuer-kavo-655-660-4500-5000-6000-6500-7000-8000-m8900-m9000-e675-e677","status":"publish","type":"product","link":"https:\/\/adflow.agency\/de\/product\/schluessel-fuer-hintere-verschlusskappe-fuer-kavo-655-660-4500-5000-6000-6500-7000-8000-m8900-m9000-e675-e677\/","title":{"rendered":"Schl\u00fcssel f\u00fcr hintere Verschlusskappe f\u00fcr KaVo 655 \/ 660 \/ 4500 \/ 5000 \/ 6000 \/ 6500 \/ 7000 \/ 8000 \/ M8900 \/ M9000 \/ E675 \/ E677"},"content":{"rendered":"","protected":false},"excerpt":{"rendered":"<ul>\n<li>Schl\u00fcssel\/Schraubenschl\u00fcssel zum \u00d6ffnen der hinteren Verschlusskappe f\u00fcr KaVo 655 \/ 660 \/ 4500 \/ 5000 \/ 6000 \/ 6500 \/ 7000 \/ 8000 \/ M8900 \/ M9000 \/ E675 \/ E677<\/li>\n<\/ul>\n","protected":false},"featured_media":4702,"comment_status":"open","ping_status":"closed","template":"","meta":{"inline_featured_image":false,"_uag_custom_page_level_css":""},"product_brand":[],"product_cat":[1203],"product_tag":[1257,1187,1231],"class_list":{"0":"post-13433","1":"product","2":"type-product","3":"status-publish","4":"has-post-thumbnail","6":"product_cat-kavo-tasten-auf-der-ruckseite","7":"product_tag-kavo-4500-5000","8":"product_tag-kavo-e675-e677","9":"product_tag-kavo-m8900-m9000","11":"first","12":"instock","13":"taxable","14":"shipping-taxable","15":"product-type-simple"},"acf":[],"uagb_featured_image_src":{"full":["https:\/\/adflow.agency\/wp-content\/uploads\/2021\/07\/W11004-Schlussel-KaVo-5000_M9000.jpg",2124,1941,false],"thumbnail":["https:\/\/adflow.agency\/wp-content\/uploads\/2021\/07\/W11004-Schlussel-KaVo-5000_M9000.jpg",219,200,false],"medium":["https:\/\/adflow.agency\/wp-content\/uploads\/2021\/07\/W11004-Schlussel-KaVo-5000_M9000.jpg",328,300,false],"medium_large":["https:\/\/adflow.agency\/wp-content\/uploads\/2021\/07\/W11004-Schlussel-KaVo-5000_M9000.jpg",768,702,false],"large":["https:\/\/adflow.agency\/wp-content\/uploads\/2021\/07\/W11004-Schlussel-KaVo-5000_M9000.jpg",1313,1200,false],"1536x1536":["https:\/\/adflow.agency\/wp-content\/uploads\/2021\/07\/W11004-Schlussel-KaVo-5000_M9000.jpg",1536,1404,false],"2048x2048":["https:\/\/adflow.agency\/wp-content\/uploads\/2021\/07\/W11004-Schlussel-KaVo-5000_M9000.jpg",2048,1872,false],"woocommerce_thumbnail":["https:\/\/adflow.agency\/wp-content\/uploads\/2021\/07\/W11004-Schlussel-KaVo-5000_M9000-247x247.jpg",247,247,true],"woocommerce_single":["https:\/\/adflow.agency\/wp-content\/uploads\/2021\/07\/W11004-Schlussel-KaVo-5000_M9000.jpg",510,466,false],"woocommerce_gallery_thumbnail":["https:\/\/adflow.agency\/wp-content\/uploads\/2021\/07\/W11004-Schlussel-KaVo-5000_M9000-100x100.jpg",100,100,true]},"uagb_author_info":{"display_name":"aden_admin","author_link":"https:\/\/adflow.agency\/de\/author\/"},"uagb_comment_info":0,"uagb_excerpt":"Schl\u00fcssel\/Schraubenschl\u00fcssel zum \u00d6ffnen der hinteren Verschlusskappe f\u00fcr KaVo 655 \/ 660 \/ 4500 \/ 5000 \/ 6000 \/ 6500 \/ 7000 \/ 8000 \/ M8900 \/ M9000 \/ E675 \/ E677","_links":{"self":[{"href":"https:\/\/adflow.agency\/de\/wp-json\/wp\/v2\/product\/13433","targetHints":{"allow":["GET"]}}],"collection":[{"href":"https:\/\/adflow.agency\/de\/wp-json\/wp\/v2\/product"}],"about":[{"href":"https:\/\/adflow.agency\/de\/wp-json\/wp\/v2\/types\/product"}],"replies":[{"embeddable":true,"href":"https:\/\/adflow.agency\/de\/wp-json\/wp\/v2\/comments?post=13433"}],"wp:featuredmedia":[{"embeddable":true,"href":"https:\/\/adflow.agency\/de\/wp-json\/wp\/v2\/media\/4702"}],"wp:attachment":[{"href":"https:\/\/adflow.agency\/de\/wp-json\/wp\/v2\/media?parent=13433"}],"wp:term":[{"taxonomy":"product_brand","embeddable":true,"href":"https:\/\/adflow.agency\/de\/wp-json\/wp\/v2\/product_brand?post=13433"},{"taxonomy":"product_cat","embeddable":true,"href":"https:\/\/adflow.agency\/de\/wp-json\/wp\/v2\/product_cat?post=13433"},{"taxonomy":"product_tag","embeddable":true,"href":"https:\/\/adflow.agency\/de\/wp-json\/wp\/v2\/product_tag?post=13433"}],"curies":[{"name":"wp","href":"https:\/\/api.w.org\/{rel}","templated":true}]}}