{"id":13435,"date":"2021-07-05T17:31:47","date_gmt":"2021-07-05T15:31:47","guid":{"rendered":"https:\/\/adflow.agency\/product\/schluessel-fuer-hintere-kappe-fuer-nsk-pana-max2-x500-x600-x700\/"},"modified":"2026-02-24T11:20:52","modified_gmt":"2026-02-24T10:20:52","slug":"schluessel-fuer-hintere-kappe-fuer-nsk-pana-max2-x500-x600-x700","status":"publish","type":"product","link":"https:\/\/adflow.agency\/de\/product\/schluessel-fuer-hintere-kappe-fuer-nsk-pana-max2-x500-x600-x700\/","title":{"rendered":"Schl\u00fcssel f\u00fcr hintere Kappe f\u00fcr NSK Pana-Max2 \/ X500 \/ X600 \/ X700"},"content":{"rendered":"","protected":false},"excerpt":{"rendered":"<ul>\n<li>Schl\u00fcssel\/Schraubenschl\u00fcssel zum \u00d6ffnen der hinteren Kappe f\u00fcr NSK Pana-Max2 \/ X500 \/ X600 \/ X700<\/li>\n<li>Getestet von ADENSYS<\/li>\n<\/ul>\n","protected":false},"featured_media":4693,"comment_status":"open","ping_status":"closed","template":"","meta":{"inline_featured_image":false,"_uag_custom_page_level_css":""},"product_brand":[],"product_cat":[1192],"product_tag":[1164,1274,1193,1268],"class_list":{"0":"post-13435","1":"product","2":"type-product","3":"status-publish","4":"has-post-thumbnail","6":"product_cat-nsk-tasten-auf-der-ruckseite","7":"product_tag-nsk-pana-max2","8":"product_tag-nsk-x500","9":"product_tag-nsk-x600","10":"product_tag-nsk-x700","12":"first","13":"instock","14":"taxable","15":"shipping-taxable","16":"product-type-simple"},"acf":[],"uagb_featured_image_src":{"full":["https:\/\/adflow.agency\/wp-content\/uploads\/2021\/07\/A10727.0-Schlussel-NSK-X-series.jpg",2553,2199,false],"thumbnail":["https:\/\/adflow.agency\/wp-content\/uploads\/2021\/07\/A10727.0-Schlussel-NSK-X-series.jpg",232,200,false],"medium":["https:\/\/adflow.agency\/wp-content\/uploads\/2021\/07\/A10727.0-Schlussel-NSK-X-series.jpg",348,300,false],"medium_large":["https:\/\/adflow.agency\/wp-content\/uploads\/2021\/07\/A10727.0-Schlussel-NSK-X-series.jpg",768,662,false],"large":["https:\/\/adflow.agency\/wp-content\/uploads\/2021\/07\/A10727.0-Schlussel-NSK-X-series.jpg",1393,1200,false],"1536x1536":["https:\/\/adflow.agency\/wp-content\/uploads\/2021\/07\/A10727.0-Schlussel-NSK-X-series.jpg",1536,1323,false],"2048x2048":["https:\/\/adflow.agency\/wp-content\/uploads\/2021\/07\/A10727.0-Schlussel-NSK-X-series.jpg",2048,1764,false],"woocommerce_thumbnail":["https:\/\/adflow.agency\/wp-content\/uploads\/2021\/07\/A10727.0-Schlussel-NSK-X-series-247x247.jpg",247,247,true],"woocommerce_single":["https:\/\/adflow.agency\/wp-content\/uploads\/2021\/07\/A10727.0-Schlussel-NSK-X-series.jpg",510,439,false],"woocommerce_gallery_thumbnail":["https:\/\/adflow.agency\/wp-content\/uploads\/2021\/07\/A10727.0-Schlussel-NSK-X-series-100x100.jpg",100,100,true]},"uagb_author_info":{"display_name":"aden_admin","author_link":"https:\/\/adflow.agency\/de\/author\/"},"uagb_comment_info":0,"uagb_excerpt":"Schl\u00fcssel\/Schraubenschl\u00fcssel zum \u00d6ffnen der hinteren Kappe f\u00fcr NSK Pana-Max2 \/ X500 \/ X600 \/ X700 Getestet von ADENSYS","_links":{"self":[{"href":"https:\/\/adflow.agency\/de\/wp-json\/wp\/v2\/product\/13435","targetHints":{"allow":["GET"]}}],"collection":[{"href":"https:\/\/adflow.agency\/de\/wp-json\/wp\/v2\/product"}],"about":[{"href":"https:\/\/adflow.agency\/de\/wp-json\/wp\/v2\/types\/product"}],"replies":[{"embeddable":true,"href":"https:\/\/adflow.agency\/de\/wp-json\/wp\/v2\/comments?post=13435"}],"wp:featuredmedia":[{"embeddable":true,"href":"https:\/\/adflow.agency\/de\/wp-json\/wp\/v2\/media\/4693"}],"wp:attachment":[{"href":"https:\/\/adflow.agency\/de\/wp-json\/wp\/v2\/media?parent=13435"}],"wp:term":[{"taxonomy":"product_brand","embeddable":true,"href":"https:\/\/adflow.agency\/de\/wp-json\/wp\/v2\/product_brand?post=13435"},{"taxonomy":"product_cat","embeddable":true,"href":"https:\/\/adflow.agency\/de\/wp-json\/wp\/v2\/product_cat?post=13435"},{"taxonomy":"product_tag","embeddable":true,"href":"https:\/\/adflow.agency\/de\/wp-json\/wp\/v2\/product_tag?post=13435"}],"curies":[{"name":"wp","href":"https:\/\/api.w.org\/{rel}","templated":true}]}}