{"id":13437,"date":"2021-07-05T17:37:42","date_gmt":"2021-07-05T15:37:42","guid":{"rendered":"https:\/\/adflow.agency\/product\/schluessel-fuer-hintere-verschlusskappe-fuer-wh-ta-96-ta-98\/"},"modified":"2026-02-24T11:20:53","modified_gmt":"2026-02-24T10:20:53","slug":"schluessel-fuer-hintere-verschlusskappe-fuer-wh-ta-96-ta-98","status":"publish","type":"product","link":"https:\/\/adflow.agency\/de\/product\/schluessel-fuer-hintere-verschlusskappe-fuer-wh-ta-96-ta-98\/","title":{"rendered":"Schl\u00fcssel f\u00fcr hintere Verschlusskappe f\u00fcr WH TA-96 \/ TA-98"},"content":{"rendered":"","protected":false},"excerpt":{"rendered":"<ul>\n<li>Schl\u00fcssel\/Schraubenschl\u00fcssel zum \u00d6ffnen der hinteren Verschlusskappe f\u00fcr WH Synea TA-96(L) \/ TA-98(L)<\/li>\n<\/ul>\n","protected":false},"featured_media":6042,"comment_status":"open","ping_status":"closed","template":"","meta":{"inline_featured_image":false,"_uag_custom_page_level_css":""},"product_brand":[],"product_cat":[1190],"product_tag":[1299,1266],"class_list":{"0":"post-13437","1":"product","2":"type-product","3":"status-publish","4":"has-post-thumbnail","6":"product_cat-wh-tasten-auf-der-ruckseite","7":"product_tag-wh-ta-96","8":"product_tag-wh-ta-98-l","10":"first","11":"instock","12":"taxable","13":"shipping-taxable","14":"product-type-simple"},"acf":[],"uagb_featured_image_src":{"full":["https:\/\/adflow.agency\/wp-content\/uploads\/2021\/07\/W11010-Schlussel-TA98_TA96-scaled_cleanup.png",720,582,false],"thumbnail":["https:\/\/adflow.agency\/wp-content\/uploads\/2021\/07\/W11010-Schlussel-TA98_TA96-scaled_cleanup.png",247,200,false],"medium":["https:\/\/adflow.agency\/wp-content\/uploads\/2021\/07\/W11010-Schlussel-TA98_TA96-scaled_cleanup.png",371,300,false],"medium_large":["https:\/\/adflow.agency\/wp-content\/uploads\/2021\/07\/W11010-Schlussel-TA98_TA96-scaled_cleanup.png",720,582,false],"large":["https:\/\/adflow.agency\/wp-content\/uploads\/2021\/07\/W11010-Schlussel-TA98_TA96-scaled_cleanup.png",720,582,false],"1536x1536":["https:\/\/adflow.agency\/wp-content\/uploads\/2021\/07\/W11010-Schlussel-TA98_TA96-scaled_cleanup.png",720,582,false],"2048x2048":["https:\/\/adflow.agency\/wp-content\/uploads\/2021\/07\/W11010-Schlussel-TA98_TA96-scaled_cleanup.png",720,582,false],"woocommerce_thumbnail":["https:\/\/adflow.agency\/wp-content\/uploads\/2021\/07\/W11010-Schlussel-TA98_TA96-scaled_cleanup-247x247.png",247,247,true],"woocommerce_single":["https:\/\/adflow.agency\/wp-content\/uploads\/2021\/07\/W11010-Schlussel-TA98_TA96-scaled_cleanup.png",510,412,false],"woocommerce_gallery_thumbnail":["https:\/\/adflow.agency\/wp-content\/uploads\/2021\/07\/W11010-Schlussel-TA98_TA96-scaled_cleanup-100x100.png",100,100,true]},"uagb_author_info":{"display_name":"aden_admin","author_link":"https:\/\/adflow.agency\/de\/author\/"},"uagb_comment_info":0,"uagb_excerpt":"Schl\u00fcssel\/Schraubenschl\u00fcssel zum \u00d6ffnen der hinteren Verschlusskappe f\u00fcr WH Synea TA-96(L) \/ TA-98(L)","_links":{"self":[{"href":"https:\/\/adflow.agency\/de\/wp-json\/wp\/v2\/product\/13437","targetHints":{"allow":["GET"]}}],"collection":[{"href":"https:\/\/adflow.agency\/de\/wp-json\/wp\/v2\/product"}],"about":[{"href":"https:\/\/adflow.agency\/de\/wp-json\/wp\/v2\/types\/product"}],"replies":[{"embeddable":true,"href":"https:\/\/adflow.agency\/de\/wp-json\/wp\/v2\/comments?post=13437"}],"wp:featuredmedia":[{"embeddable":true,"href":"https:\/\/adflow.agency\/de\/wp-json\/wp\/v2\/media\/6042"}],"wp:attachment":[{"href":"https:\/\/adflow.agency\/de\/wp-json\/wp\/v2\/media?parent=13437"}],"wp:term":[{"taxonomy":"product_brand","embeddable":true,"href":"https:\/\/adflow.agency\/de\/wp-json\/wp\/v2\/product_brand?post=13437"},{"taxonomy":"product_cat","embeddable":true,"href":"https:\/\/adflow.agency\/de\/wp-json\/wp\/v2\/product_cat?post=13437"},{"taxonomy":"product_tag","embeddable":true,"href":"https:\/\/adflow.agency\/de\/wp-json\/wp\/v2\/product_tag?post=13437"}],"curies":[{"name":"wp","href":"https:\/\/api.w.org\/{rel}","templated":true}]}}