{"id":13438,"date":"2021-07-05T17:42:28","date_gmt":"2021-07-05T15:42:28","guid":{"rendered":"https:\/\/adflow.agency\/product\/schluessel-fuer-die-hintere-kappe-fuer-wh-ta-97-led-ta-98-cled-ta-98-led-tg-98\/"},"modified":"2026-02-24T11:20:54","modified_gmt":"2026-02-24T10:20:54","slug":"schluessel-fuer-die-hintere-kappe-fuer-wh-ta-97-led-ta-98-cled-ta-98-led-tg-98","status":"publish","type":"product","link":"https:\/\/adflow.agency\/de\/product\/schluessel-fuer-die-hintere-kappe-fuer-wh-ta-97-led-ta-98-cled-ta-98-led-tg-98\/","title":{"rendered":"Schl\u00fcssel f\u00fcr die hintere Kappe f\u00fcr WH TA-97 LED \/ TA-98 CLED \/ TA-98 LED \/ TG-98"},"content":{"rendered":"","protected":false},"excerpt":{"rendered":"<ul>\n<li>Schl\u00fcssel\/Schraubenschl\u00fcssel zum \u00d6ffnen der hinteren Kappe f\u00fcr WH TA-97 LED \/ TA-98 CLED \/ TA-98 LED \/ TG-98<\/li>\n<li>Getestet von ADENSYS<\/li>\n<\/ul>\n","protected":false},"featured_media":8290,"comment_status":"open","ping_status":"closed","template":"","meta":{"inline_featured_image":false,"_uag_custom_page_level_css":""},"product_brand":[],"product_cat":[1190],"product_tag":[1269,1259,1258,1260],"class_list":{"0":"post-13438","1":"product","2":"type-product","3":"status-publish","4":"has-post-thumbnail","6":"product_cat-wh-tasten-auf-der-ruckseite","7":"product_tag-wh-ta-97-led","8":"product_tag-wh-ta-98-cled","9":"product_tag-wh-ta-98-led","10":"product_tag-wh-tg-98","12":"first","13":"instock","14":"taxable","15":"shipping-taxable","16":"product-type-simple"},"acf":[],"uagb_featured_image_src":{"full":["https:\/\/adflow.agency\/wp-content\/uploads\/2021\/07\/A10726.0-1-scaled.jpg",2328,2736,false],"thumbnail":["https:\/\/adflow.agency\/wp-content\/uploads\/2021\/07\/A10726.0-1-scaled.jpg",170,200,false],"medium":["https:\/\/adflow.agency\/wp-content\/uploads\/2021\/07\/A10726.0-1-scaled.jpg",255,300,false],"medium_large":["https:\/\/adflow.agency\/wp-content\/uploads\/2021\/07\/A10726.0-1-scaled.jpg",768,903,false],"large":["https:\/\/adflow.agency\/wp-content\/uploads\/2021\/07\/A10726.0-1-scaled.jpg",1021,1200,false],"1536x1536":["https:\/\/adflow.agency\/wp-content\/uploads\/2021\/07\/A10726.0-1-scaled.jpg",1307,1536,false],"2048x2048":["https:\/\/adflow.agency\/wp-content\/uploads\/2021\/07\/A10726.0-1-scaled.jpg",1743,2048,false],"woocommerce_thumbnail":["https:\/\/adflow.agency\/wp-content\/uploads\/2021\/07\/A10726.0-1-247x247.jpg",247,247,true],"woocommerce_single":["https:\/\/adflow.agency\/wp-content\/uploads\/2021\/07\/A10726.0-1-scaled.jpg",510,599,false],"woocommerce_gallery_thumbnail":["https:\/\/adflow.agency\/wp-content\/uploads\/2021\/07\/A10726.0-1-scaled-100x100.jpg",100,100,true]},"uagb_author_info":{"display_name":"aden_admin","author_link":"https:\/\/adflow.agency\/de\/author\/"},"uagb_comment_info":0,"uagb_excerpt":"Schl\u00fcssel\/Schraubenschl\u00fcssel zum \u00d6ffnen der hinteren Kappe f\u00fcr WH TA-97 LED \/ TA-98 CLED \/ TA-98 LED \/ TG-98 Getestet von ADENSYS","_links":{"self":[{"href":"https:\/\/adflow.agency\/de\/wp-json\/wp\/v2\/product\/13438","targetHints":{"allow":["GET"]}}],"collection":[{"href":"https:\/\/adflow.agency\/de\/wp-json\/wp\/v2\/product"}],"about":[{"href":"https:\/\/adflow.agency\/de\/wp-json\/wp\/v2\/types\/product"}],"replies":[{"embeddable":true,"href":"https:\/\/adflow.agency\/de\/wp-json\/wp\/v2\/comments?post=13438"}],"wp:featuredmedia":[{"embeddable":true,"href":"https:\/\/adflow.agency\/de\/wp-json\/wp\/v2\/media\/8290"}],"wp:attachment":[{"href":"https:\/\/adflow.agency\/de\/wp-json\/wp\/v2\/media?parent=13438"}],"wp:term":[{"taxonomy":"product_brand","embeddable":true,"href":"https:\/\/adflow.agency\/de\/wp-json\/wp\/v2\/product_brand?post=13438"},{"taxonomy":"product_cat","embeddable":true,"href":"https:\/\/adflow.agency\/de\/wp-json\/wp\/v2\/product_cat?post=13438"},{"taxonomy":"product_tag","embeddable":true,"href":"https:\/\/adflow.agency\/de\/wp-json\/wp\/v2\/product_tag?post=13438"}],"curies":[{"name":"wp","href":"https:\/\/api.w.org\/{rel}","templated":true}]}}