{"id":13439,"date":"2021-03-29T15:51:28","date_gmt":"2021-03-29T13:51:28","guid":{"rendered":"https:\/\/adflow.agency\/product\/kopfrotor-kartusche-fuer-nsk-z95l\/"},"modified":"2026-02-24T11:23:17","modified_gmt":"2026-02-24T10:23:17","slug":"kopfrotor-kartusche-fuer-nsk-z95l","status":"publish","type":"product","link":"https:\/\/adflow.agency\/de\/product\/kopfrotor-kartusche-fuer-nsk-z95l\/","title":{"rendered":"Kopfrotor\/Kartusche f\u00fcr NSK Z95L"},"content":{"rendered":"","protected":false},"excerpt":{"rendered":"<ul>\n<li>Kompletter Kopfgetrieberotor\/Kartusche f\u00fcr NSK Z95L Winkelst\u00fcck<\/li>\n<li>Hergestellt mit hochpr\u00e4zisen Radial-(hinten) und Schr\u00e4gkugellagern (vorne) aus Keramik<\/li>\n<li>Alternative f\u00fcr NSK REF. C1034017<\/li>\n<li>Bitte beachten Sie, dass dieser Rotor nur mit der neueren Version dieses Handst\u00fccks verwendet werden kann. F\u00fcr \u00e4ltere Handst\u00fccke ist auch eine neue Verschlusskappe erforderlich. Weitere Informationen finden Sie in den Produktinformationen in der Bildergalerie.  <\/li>\n<li>Jede Kartusche wird gr\u00fcndlich in einem Handst\u00fcck getestet<\/li>\n<li>12 Monate Garantie<\/li>\n<li>Hergestellt in Deutschland<\/li>\n<\/ul>\n","protected":false},"featured_media":4500,"comment_status":"closed","ping_status":"closed","template":"","meta":{"inline_featured_image":false,"_uag_custom_page_level_css":""},"product_brand":[],"product_cat":[1302],"product_tag":[1121],"class_list":{"0":"post-13439","1":"product","2":"type-product","3":"status-publish","4":"has-post-thumbnail","6":"product_cat-nsk-rotoren-cartridges","7":"product_tag-nsk-z95l","9":"first","10":"instock","11":"taxable","12":"shipping-taxable","13":"product-type-simple"},"acf":[],"uagb_featured_image_src":{"full":["https:\/\/adflow.agency\/wp-content\/uploads\/2021\/03\/A10092-KT-Z95-front.jpg",1925,1712,false],"thumbnail":["https:\/\/adflow.agency\/wp-content\/uploads\/2021\/03\/A10092-KT-Z95-front.jpg",225,200,false],"medium":["https:\/\/adflow.agency\/wp-content\/uploads\/2021\/03\/A10092-KT-Z95-front.jpg",337,300,false],"medium_large":["https:\/\/adflow.agency\/wp-content\/uploads\/2021\/03\/A10092-KT-Z95-front.jpg",768,683,false],"large":["https:\/\/adflow.agency\/wp-content\/uploads\/2021\/03\/A10092-KT-Z95-front.jpg",1349,1200,false],"1536x1536":["https:\/\/adflow.agency\/wp-content\/uploads\/2021\/03\/A10092-KT-Z95-front.jpg",1536,1366,false],"2048x2048":["https:\/\/adflow.agency\/wp-content\/uploads\/2021\/03\/A10092-KT-Z95-front.jpg",1925,1712,false],"woocommerce_thumbnail":["https:\/\/adflow.agency\/wp-content\/uploads\/2021\/03\/A10092-KT-Z95-front-247x247.jpg",247,247,true],"woocommerce_single":["https:\/\/adflow.agency\/wp-content\/uploads\/2021\/03\/A10092-KT-Z95-front.jpg",510,454,false],"woocommerce_gallery_thumbnail":["https:\/\/adflow.agency\/wp-content\/uploads\/2021\/03\/A10092-KT-Z95-front-100x100.jpg",100,100,true]},"uagb_author_info":{"display_name":"aden_admin","author_link":"https:\/\/adflow.agency\/de\/author\/"},"uagb_comment_info":0,"uagb_excerpt":"Kompletter Kopfgetrieberotor\/Kartusche f\u00fcr NSK Z95L Winkelst\u00fcck Hergestellt mit hochpr\u00e4zisen Radial-(hinten) und Schr\u00e4gkugellagern (vorne) aus Keramik Alternative f\u00fcr NSK REF. C1034017 Bitte beachten Sie, dass dieser Rotor nur mit der neueren Version dieses Handst\u00fccks verwendet werden kann. F\u00fcr \u00e4ltere Handst\u00fccke ist auch eine neue Verschlusskappe erforderlich. Weitere Informationen finden Sie in den Produktinformationen in der Bildergalerie.&hellip;","_links":{"self":[{"href":"https:\/\/adflow.agency\/de\/wp-json\/wp\/v2\/product\/13439","targetHints":{"allow":["GET"]}}],"collection":[{"href":"https:\/\/adflow.agency\/de\/wp-json\/wp\/v2\/product"}],"about":[{"href":"https:\/\/adflow.agency\/de\/wp-json\/wp\/v2\/types\/product"}],"replies":[{"embeddable":true,"href":"https:\/\/adflow.agency\/de\/wp-json\/wp\/v2\/comments?post=13439"}],"wp:featuredmedia":[{"embeddable":true,"href":"https:\/\/adflow.agency\/de\/wp-json\/wp\/v2\/media\/4500"}],"wp:attachment":[{"href":"https:\/\/adflow.agency\/de\/wp-json\/wp\/v2\/media?parent=13439"}],"wp:term":[{"taxonomy":"product_brand","embeddable":true,"href":"https:\/\/adflow.agency\/de\/wp-json\/wp\/v2\/product_brand?post=13439"},{"taxonomy":"product_cat","embeddable":true,"href":"https:\/\/adflow.agency\/de\/wp-json\/wp\/v2\/product_cat?post=13439"},{"taxonomy":"product_tag","embeddable":true,"href":"https:\/\/adflow.agency\/de\/wp-json\/wp\/v2\/product_tag?post=13439"}],"curies":[{"name":"wp","href":"https:\/\/api.w.org\/{rel}","templated":true}]}}