{"id":13441,"date":"2021-03-29T16:36:50","date_gmt":"2021-03-29T14:36:50","guid":{"rendered":"https:\/\/adflow.agency\/product\/patronen-kit-fuer-nsk-z95l-alt\/"},"modified":"2026-02-24T11:23:19","modified_gmt":"2026-02-24T10:23:19","slug":"patronen-kit-fuer-nsk-z95l-alt","status":"publish","type":"product","link":"https:\/\/adflow.agency\/de\/product\/patronen-kit-fuer-nsk-z95l-alt\/","title":{"rendered":"Patronen-Kit f\u00fcr NSK Z95L (alt)"},"content":{"rendered":"","protected":false},"excerpt":{"rendered":"<ul>\n<li>Kit bestehend aus Rotorkopf und neuer Verschlusskappe f\u00fcr NSK Ti-Max Z95L Winkelst\u00fcck<\/li>\n<li>Alternative f\u00fcr NSK REF. C1034017 (Patrone) und C1034052 (Verschlusskappe)<\/li>\n<li>Bitte beachten Sie, dass die Patrone und die Verschlusskappe beim Reparieren \u00e4lterer Handst\u00fccke dieses Typs ausgetauscht werden m\u00fcssen. Weitere Informationen finden Sie in der Produktinformation in der Bildergalerie.<\/li>\n<li>Jede Kartusche wird gr\u00fcndlich in einem Handst\u00fcck getestet<\/li>\n<li>12 Monate Garantie<\/li>\n<li>Kartusche hergestellt in Deutschland<\/li>\n<\/ul>\n","protected":false},"featured_media":4519,"comment_status":"closed","ping_status":"closed","template":"","meta":{"inline_featured_image":false,"_uag_custom_page_level_css":""},"product_brand":[],"product_cat":[1276],"product_tag":[1121],"class_list":{"0":"post-13441","1":"product","2":"type-product","3":"status-publish","4":"has-post-thumbnail","6":"product_cat-nsk-bundel","7":"product_tag-nsk-z95l","9":"first","10":"instock","11":"taxable","12":"shipping-taxable","13":"product-type-simple"},"acf":[],"uagb_featured_image_src":{"full":["https:\/\/adflow.agency\/wp-content\/uploads\/2021\/03\/A10882.0-Rotor-Kit-Z95L-2-scaled.jpg",2778,2364,false],"thumbnail":["https:\/\/adflow.agency\/wp-content\/uploads\/2021\/03\/A10882.0-Rotor-Kit-Z95L-2-250x200.jpg",250,200,true],"medium":["https:\/\/adflow.agency\/wp-content\/uploads\/2021\/03\/A10882.0-Rotor-Kit-Z95L-2-353x300.jpg",353,300,true],"medium_large":["https:\/\/adflow.agency\/wp-content\/uploads\/2021\/03\/A10882.0-Rotor-Kit-Z95L-2-768x654.jpg",768,654,true],"large":["https:\/\/adflow.agency\/wp-content\/uploads\/2021\/03\/A10882.0-Rotor-Kit-Z95L-2-1410x1200.jpg",1410,1200,true],"1536x1536":["https:\/\/adflow.agency\/wp-content\/uploads\/2021\/03\/A10882.0-Rotor-Kit-Z95L-2-scaled.jpg",1536,1307,false],"2048x2048":["https:\/\/adflow.agency\/wp-content\/uploads\/2021\/03\/A10882.0-Rotor-Kit-Z95L-2-scaled.jpg",2048,1743,false],"woocommerce_thumbnail":["https:\/\/adflow.agency\/wp-content\/uploads\/2021\/03\/A10882.0-Rotor-Kit-Z95L-2-247x247.jpg",247,247,true],"woocommerce_single":["https:\/\/adflow.agency\/wp-content\/uploads\/2021\/03\/A10882.0-Rotor-Kit-Z95L-2-510x434.jpg",510,434,true],"woocommerce_gallery_thumbnail":["https:\/\/adflow.agency\/wp-content\/uploads\/2021\/03\/A10882.0-Rotor-Kit-Z95L-2-100x100.jpg",100,100,true]},"uagb_author_info":{"display_name":"aden_admin","author_link":"https:\/\/adflow.agency\/de\/author\/"},"uagb_comment_info":0,"uagb_excerpt":"Kit bestehend aus Rotorkopf und neuer Verschlusskappe f\u00fcr NSK Ti-Max Z95L Winkelst\u00fcck Alternative f\u00fcr NSK REF. C1034017 (Patrone) und C1034052 (Verschlusskappe) Bitte beachten Sie, dass die Patrone und die Verschlusskappe beim Reparieren \u00e4lterer Handst\u00fccke dieses Typs ausgetauscht werden m\u00fcssen. Weitere Informationen finden Sie in der Produktinformation in der Bildergalerie. Jede Kartusche wird gr\u00fcndlich in einem&hellip;","_links":{"self":[{"href":"https:\/\/adflow.agency\/de\/wp-json\/wp\/v2\/product\/13441","targetHints":{"allow":["GET"]}}],"collection":[{"href":"https:\/\/adflow.agency\/de\/wp-json\/wp\/v2\/product"}],"about":[{"href":"https:\/\/adflow.agency\/de\/wp-json\/wp\/v2\/types\/product"}],"replies":[{"embeddable":true,"href":"https:\/\/adflow.agency\/de\/wp-json\/wp\/v2\/comments?post=13441"}],"wp:featuredmedia":[{"embeddable":true,"href":"https:\/\/adflow.agency\/de\/wp-json\/wp\/v2\/media\/4519"}],"wp:attachment":[{"href":"https:\/\/adflow.agency\/de\/wp-json\/wp\/v2\/media?parent=13441"}],"wp:term":[{"taxonomy":"product_brand","embeddable":true,"href":"https:\/\/adflow.agency\/de\/wp-json\/wp\/v2\/product_brand?post=13441"},{"taxonomy":"product_cat","embeddable":true,"href":"https:\/\/adflow.agency\/de\/wp-json\/wp\/v2\/product_cat?post=13441"},{"taxonomy":"product_tag","embeddable":true,"href":"https:\/\/adflow.agency\/de\/wp-json\/wp\/v2\/product_tag?post=13441"}],"curies":[{"name":"wp","href":"https:\/\/api.w.org\/{rel}","templated":true}]}}