{"id":13442,"date":"2021-01-14T17:45:29","date_gmt":"2021-01-14T16:45:29","guid":{"rendered":"https:\/\/adflow.agency\/product\/premium-rotor-turbine-fuer-wh-tk-100\/"},"modified":"2026-02-24T11:23:09","modified_gmt":"2026-02-24T10:23:09","slug":"premium-rotor-turbine-fuer-wh-tk-100","status":"publish","type":"product","link":"https:\/\/adflow.agency\/de\/product\/premium-rotor-turbine-fuer-wh-tk-100\/","title":{"rendered":"Premium Rotor\/Turbine f\u00fcr WH TK-100"},"content":{"rendered":"","protected":false},"excerpt":{"rendered":"<ul>\n<li>Kompletter Premium-Rotor\/Turbine f\u00fcr WH Vision TK-100 Turbinenhandst\u00fcck<\/li>\n<li>Hergestellt mit deutschen Hochpr\u00e4zisions-Radialkeramiklagern<\/li>\n<li>Alternative f\u00fcr WH REF. 07272900<\/li>\n<li>Produkt wird mit 2x O-Ringen und 2x Wellscheiben geliefert<\/li>\n<li>12 Monate Garantie<\/li>\n<\/ul>\n","protected":false},"featured_media":4589,"comment_status":"closed","ping_status":"closed","template":"","meta":{"inline_featured_image":false,"_uag_custom_page_level_css":""},"product_brand":[],"product_cat":[1138,1303],"product_tag":[1189],"class_list":{"0":"post-13442","1":"product","2":"type-product","3":"status-publish","4":"has-post-thumbnail","6":"product_cat-angebot","7":"product_cat-wh-turbinen","8":"product_tag-wh-tk-100","10":"first","11":"instock","12":"taxable","13":"shipping-taxable","14":"product-type-simple"},"acf":[],"uagb_featured_image_src":{"full":["https:\/\/adflow.agency\/wp-content\/uploads\/2021\/05\/A10806.0-Rotor-WH-Vision-TK-100_2-1.jpg",2244,1908,false],"thumbnail":["https:\/\/adflow.agency\/wp-content\/uploads\/2021\/05\/A10806.0-Rotor-WH-Vision-TK-100_2-1.jpg",235,200,false],"medium":["https:\/\/adflow.agency\/wp-content\/uploads\/2021\/05\/A10806.0-Rotor-WH-Vision-TK-100_2-1.jpg",353,300,false],"medium_large":["https:\/\/adflow.agency\/wp-content\/uploads\/2021\/05\/A10806.0-Rotor-WH-Vision-TK-100_2-1.jpg",768,653,false],"large":["https:\/\/adflow.agency\/wp-content\/uploads\/2021\/05\/A10806.0-Rotor-WH-Vision-TK-100_2-1.jpg",1411,1200,false],"1536x1536":["https:\/\/adflow.agency\/wp-content\/uploads\/2021\/05\/A10806.0-Rotor-WH-Vision-TK-100_2-1.jpg",1536,1306,false],"2048x2048":["https:\/\/adflow.agency\/wp-content\/uploads\/2021\/05\/A10806.0-Rotor-WH-Vision-TK-100_2-1.jpg",2048,1741,false],"woocommerce_thumbnail":["https:\/\/adflow.agency\/wp-content\/uploads\/2021\/05\/A10806.0-Rotor-WH-Vision-TK-100_2-1-247x247.jpg",247,247,true],"woocommerce_single":["https:\/\/adflow.agency\/wp-content\/uploads\/2021\/05\/A10806.0-Rotor-WH-Vision-TK-100_2-1.jpg",510,434,false],"woocommerce_gallery_thumbnail":["https:\/\/adflow.agency\/wp-content\/uploads\/2021\/05\/A10806.0-Rotor-WH-Vision-TK-100_2-1-100x100.jpg",100,100,true]},"uagb_author_info":{"display_name":"aden_admin","author_link":"https:\/\/adflow.agency\/de\/author\/"},"uagb_comment_info":0,"uagb_excerpt":"Kompletter Premium-Rotor\/Turbine f\u00fcr WH Vision TK-100 Turbinenhandst\u00fcck Hergestellt mit deutschen Hochpr\u00e4zisions-Radialkeramiklagern Alternative f\u00fcr WH REF. 07272900 Produkt wird mit 2x O-Ringen und 2x Wellscheiben geliefert 12 Monate Garantie","_links":{"self":[{"href":"https:\/\/adflow.agency\/de\/wp-json\/wp\/v2\/product\/13442","targetHints":{"allow":["GET"]}}],"collection":[{"href":"https:\/\/adflow.agency\/de\/wp-json\/wp\/v2\/product"}],"about":[{"href":"https:\/\/adflow.agency\/de\/wp-json\/wp\/v2\/types\/product"}],"replies":[{"embeddable":true,"href":"https:\/\/adflow.agency\/de\/wp-json\/wp\/v2\/comments?post=13442"}],"wp:featuredmedia":[{"embeddable":true,"href":"https:\/\/adflow.agency\/de\/wp-json\/wp\/v2\/media\/4589"}],"wp:attachment":[{"href":"https:\/\/adflow.agency\/de\/wp-json\/wp\/v2\/media?parent=13442"}],"wp:term":[{"taxonomy":"product_brand","embeddable":true,"href":"https:\/\/adflow.agency\/de\/wp-json\/wp\/v2\/product_brand?post=13442"},{"taxonomy":"product_cat","embeddable":true,"href":"https:\/\/adflow.agency\/de\/wp-json\/wp\/v2\/product_cat?post=13442"},{"taxonomy":"product_tag","embeddable":true,"href":"https:\/\/adflow.agency\/de\/wp-json\/wp\/v2\/product_tag?post=13442"}],"curies":[{"name":"wp","href":"https:\/\/api.w.org\/{rel}","templated":true}]}}