{"id":13444,"date":"2021-01-14T16:07:26","date_gmt":"2021-01-14T15:07:26","guid":{"rendered":"https:\/\/adflow.agency\/product\/zwischenwelle-fuer-kavo-m05l\/"},"modified":"2026-02-24T11:25:37","modified_gmt":"2026-02-24T10:25:37","slug":"zwischenwelle-fuer-kavo-m05l","status":"publish","type":"product","link":"https:\/\/adflow.agency\/de\/product\/zwischenwelle-fuer-kavo-m05l\/","title":{"rendered":"Zwischenwelle f\u00fcr KaVo M05L"},"content":{"rendered":"","protected":false},"excerpt":{"rendered":"<ul>\n<li>Komplette Zwischenwelle f\u00fcr KaVo M05L Winkelst\u00fcck<\/li>\n<li>Alternative f\u00fcr KaVo REF. 1.011.3206<\/li>\n<li>Jede Welle wird gr\u00fcndlich in einem Handst\u00fcck getestet<\/li>\n<li>Produkt wird als fertige Baugruppe geliefert<\/li>\n<li>12 Monate Garantie<\/li>\n<li>Hergestellt in Deutschland von ADENSYS<\/li>\n<\/ul>\n","protected":false},"featured_media":4286,"comment_status":"closed","ping_status":"closed","template":"","meta":{"inline_featured_image":false,"_uag_custom_page_level_css":""},"product_brand":[],"product_cat":[1300],"product_tag":[1227],"class_list":{"0":"post-13444","1":"product","2":"type-product","3":"status-publish","4":"has-post-thumbnail","6":"product_cat-kavo-zwischenwellen","7":"product_tag-kavo-m05l","9":"first","10":"instock","11":"taxable","12":"shipping-taxable","13":"product-type-simple"},"acf":[],"uagb_featured_image_src":{"full":["https:\/\/adflow.agency\/wp-content\/uploads\/2020\/11\/A10573.0-ZST-M05L-scaled.jpg",2707,2304,false],"thumbnail":["https:\/\/adflow.agency\/wp-content\/uploads\/2020\/11\/A10573.0-ZST-M05L-250x200.jpg",250,200,true],"medium":["https:\/\/adflow.agency\/wp-content\/uploads\/2020\/11\/A10573.0-ZST-M05L-352x300.jpg",352,300,true],"medium_large":["https:\/\/adflow.agency\/wp-content\/uploads\/2020\/11\/A10573.0-ZST-M05L-768x654.jpg",768,654,true],"large":["https:\/\/adflow.agency\/wp-content\/uploads\/2020\/11\/A10573.0-ZST-M05L-1410x1200.jpg",1410,1200,true],"1536x1536":["https:\/\/adflow.agency\/wp-content\/uploads\/2020\/11\/A10573.0-ZST-M05L-scaled.jpg",1536,1307,false],"2048x2048":["https:\/\/adflow.agency\/wp-content\/uploads\/2020\/11\/A10573.0-ZST-M05L-scaled.jpg",2048,1743,false],"woocommerce_thumbnail":["https:\/\/adflow.agency\/wp-content\/uploads\/2020\/11\/A10573.0-ZST-M05L-247x247.jpg",247,247,true],"woocommerce_single":["https:\/\/adflow.agency\/wp-content\/uploads\/2020\/11\/A10573.0-ZST-M05L-510x434.jpg",510,434,true],"woocommerce_gallery_thumbnail":["https:\/\/adflow.agency\/wp-content\/uploads\/2020\/11\/A10573.0-ZST-M05L-100x100.jpg",100,100,true]},"uagb_author_info":{"display_name":"aden_admin","author_link":"https:\/\/adflow.agency\/de\/author\/"},"uagb_comment_info":0,"uagb_excerpt":"Komplette Zwischenwelle f\u00fcr KaVo M05L Winkelst\u00fcck Alternative f\u00fcr KaVo REF. 1.011.3206 Jede Welle wird gr\u00fcndlich in einem Handst\u00fcck getestet Produkt wird als fertige Baugruppe geliefert 12 Monate Garantie Hergestellt in Deutschland von ADENSYS","_links":{"self":[{"href":"https:\/\/adflow.agency\/de\/wp-json\/wp\/v2\/product\/13444","targetHints":{"allow":["GET"]}}],"collection":[{"href":"https:\/\/adflow.agency\/de\/wp-json\/wp\/v2\/product"}],"about":[{"href":"https:\/\/adflow.agency\/de\/wp-json\/wp\/v2\/types\/product"}],"replies":[{"embeddable":true,"href":"https:\/\/adflow.agency\/de\/wp-json\/wp\/v2\/comments?post=13444"}],"wp:featuredmedia":[{"embeddable":true,"href":"https:\/\/adflow.agency\/de\/wp-json\/wp\/v2\/media\/4286"}],"wp:attachment":[{"href":"https:\/\/adflow.agency\/de\/wp-json\/wp\/v2\/media?parent=13444"}],"wp:term":[{"taxonomy":"product_brand","embeddable":true,"href":"https:\/\/adflow.agency\/de\/wp-json\/wp\/v2\/product_brand?post=13444"},{"taxonomy":"product_cat","embeddable":true,"href":"https:\/\/adflow.agency\/de\/wp-json\/wp\/v2\/product_cat?post=13444"},{"taxonomy":"product_tag","embeddable":true,"href":"https:\/\/adflow.agency\/de\/wp-json\/wp\/v2\/product_tag?post=13444"}],"curies":[{"name":"wp","href":"https:\/\/api.w.org\/{rel}","templated":true}]}}