{"id":13448,"date":"2021-01-14T17:17:55","date_gmt":"2021-01-14T16:17:55","guid":{"rendered":"https:\/\/adflow.agency\/product\/schluessel-fuer-hintere-kappe-fuer-nsk-m95l-x95l\/"},"modified":"2026-02-24T11:25:38","modified_gmt":"2026-02-24T10:25:38","slug":"schluessel-fuer-hintere-kappe-fuer-nsk-m95l-x95l","status":"publish","type":"product","link":"https:\/\/adflow.agency\/de\/product\/schluessel-fuer-hintere-kappe-fuer-nsk-m95l-x95l\/","title":{"rendered":"Schl\u00fcssel f\u00fcr hintere Kappe f\u00fcr NSK M95L \/ X95L"},"content":{"rendered":"","protected":false},"excerpt":{"rendered":"<ul>\n<li>Schl\u00fcssel\/Schraubenschl\u00fcssel zum \u00d6ffnen der hinteren Kappe an NSK Ti-Max X95L \/ S-Max M95L<\/li>\n<li>Getestet von ADENSYS<\/li>\n<\/ul>\n","protected":false},"featured_media":4386,"comment_status":"open","ping_status":"closed","template":"","meta":{"inline_featured_image":false,"_uag_custom_page_level_css":""},"product_brand":[],"product_cat":[1192],"product_tag":[1150,1151],"class_list":{"0":"post-13448","1":"product","2":"type-product","3":"status-publish","4":"has-post-thumbnail","6":"product_cat-nsk-tasten-auf-der-ruckseite","7":"product_tag-nsk-m95l","8":"product_tag-nsk-x95l","10":"first","11":"instock","12":"taxable","13":"shipping-taxable","14":"product-type-simple"},"acf":[],"uagb_featured_image_src":{"full":["https:\/\/adflow.agency\/wp-content\/uploads\/2021\/01\/A10736.0-Schl\u00fcssel-NSK-X95L-scaled.jpg",3072,2613,false],"thumbnail":["https:\/\/adflow.agency\/wp-content\/uploads\/2021\/01\/A10736.0-Schl\u00fcssel-NSK-X95L-250x200.jpg",250,200,true],"medium":["https:\/\/adflow.agency\/wp-content\/uploads\/2021\/01\/A10736.0-Schl\u00fcssel-NSK-X95L-353x300.jpg",353,300,true],"medium_large":["https:\/\/adflow.agency\/wp-content\/uploads\/2021\/01\/A10736.0-Schl\u00fcssel-NSK-X95L-768x653.jpg",768,653,true],"large":["https:\/\/adflow.agency\/wp-content\/uploads\/2021\/01\/A10736.0-Schl\u00fcssel-NSK-X95L-1411x1200.jpg",1411,1200,true],"1536x1536":["https:\/\/adflow.agency\/wp-content\/uploads\/2021\/01\/A10736.0-Schl\u00fcssel-NSK-X95L-scaled.jpg",1536,1307,false],"2048x2048":["https:\/\/adflow.agency\/wp-content\/uploads\/2021\/01\/A10736.0-Schl\u00fcssel-NSK-X95L-scaled.jpg",2048,1742,false],"woocommerce_thumbnail":["https:\/\/adflow.agency\/wp-content\/uploads\/2021\/01\/A10736.0-Schl\u00fcssel-NSK-X95L-247x247.jpg",247,247,true],"woocommerce_single":["https:\/\/adflow.agency\/wp-content\/uploads\/2021\/01\/A10736.0-Schl\u00fcssel-NSK-X95L-510x434.jpg",510,434,true],"woocommerce_gallery_thumbnail":["https:\/\/adflow.agency\/wp-content\/uploads\/2021\/01\/A10736.0-Schl\u00fcssel-NSK-X95L-100x100.jpg",100,100,true]},"uagb_author_info":{"display_name":"aden_admin","author_link":"https:\/\/adflow.agency\/de\/author\/"},"uagb_comment_info":0,"uagb_excerpt":"Schl\u00fcssel\/Schraubenschl\u00fcssel zum \u00d6ffnen der hinteren Kappe an NSK Ti-Max X95L \/ S-Max M95L Getestet von ADENSYS","_links":{"self":[{"href":"https:\/\/adflow.agency\/de\/wp-json\/wp\/v2\/product\/13448","targetHints":{"allow":["GET"]}}],"collection":[{"href":"https:\/\/adflow.agency\/de\/wp-json\/wp\/v2\/product"}],"about":[{"href":"https:\/\/adflow.agency\/de\/wp-json\/wp\/v2\/types\/product"}],"replies":[{"embeddable":true,"href":"https:\/\/adflow.agency\/de\/wp-json\/wp\/v2\/comments?post=13448"}],"wp:featuredmedia":[{"embeddable":true,"href":"https:\/\/adflow.agency\/de\/wp-json\/wp\/v2\/media\/4386"}],"wp:attachment":[{"href":"https:\/\/adflow.agency\/de\/wp-json\/wp\/v2\/media?parent=13448"}],"wp:term":[{"taxonomy":"product_brand","embeddable":true,"href":"https:\/\/adflow.agency\/de\/wp-json\/wp\/v2\/product_brand?post=13448"},{"taxonomy":"product_cat","embeddable":true,"href":"https:\/\/adflow.agency\/de\/wp-json\/wp\/v2\/product_cat?post=13448"},{"taxonomy":"product_tag","embeddable":true,"href":"https:\/\/adflow.agency\/de\/wp-json\/wp\/v2\/product_tag?post=13448"}],"curies":[{"name":"wp","href":"https:\/\/api.w.org\/{rel}","templated":true}]}}