{"id":13449,"date":"2021-01-14T18:13:49","date_gmt":"2021-01-14T17:13:49","guid":{"rendered":"https:\/\/adflow.agency\/product\/rotor-turbine-fuer-sirona-siroboost\/"},"modified":"2026-02-24T11:23:11","modified_gmt":"2026-02-24T10:23:11","slug":"rotor-turbine-fuer-sirona-siroboost","status":"publish","type":"product","link":"https:\/\/adflow.agency\/de\/product\/rotor-turbine-fuer-sirona-siroboost\/","title":{"rendered":"Rotor\/Turbine f\u00fcr Sirona SIROBoost"},"content":{"rendered":"","protected":false},"excerpt":{"rendered":"<ul>\n<li>Kompletter Rotor\/Turbine f\u00fcr Sirona SiroBoost Turbinenhandst\u00fcck<\/li>\n<li>Hergestellt mit deutschen Hochpr\u00e4zisions-Radialkeramiklagern<\/li>\n<li>Alternative zu Sirona REF. 63 34 598<\/li>\n<li>Produkt wird mit 2x O-Ringen geliefert<\/li>\n<li>12 Monate Garantie<\/li>\n<\/ul>\n","protected":false},"featured_media":4591,"comment_status":"open","ping_status":"closed","template":"","meta":{"inline_featured_image":false,"_uag_custom_page_level_css":""},"product_brand":[],"product_cat":[1138,1298],"product_tag":[1176],"class_list":{"0":"post-13449","1":"product","2":"type-product","3":"status-publish","4":"has-post-thumbnail","6":"product_cat-angebot","7":"product_cat-sirona-turbinen","8":"product_tag-sirona-siroboost","10":"first","11":"instock","12":"taxable","13":"shipping-taxable","14":"product-type-simple"},"acf":[],"uagb_featured_image_src":{"full":["https:\/\/adflow.agency\/wp-content\/uploads\/2021\/05\/A10843.1-Rotor-Sirona-SIROboost_2-1.jpg",2102,1789,false],"thumbnail":["https:\/\/adflow.agency\/wp-content\/uploads\/2021\/05\/A10843.1-Rotor-Sirona-SIROboost_2-1.jpg",235,200,false],"medium":["https:\/\/adflow.agency\/wp-content\/uploads\/2021\/05\/A10843.1-Rotor-Sirona-SIROboost_2-1.jpg",352,300,false],"medium_large":["https:\/\/adflow.agency\/wp-content\/uploads\/2021\/05\/A10843.1-Rotor-Sirona-SIROboost_2-1.jpg",768,654,false],"large":["https:\/\/adflow.agency\/wp-content\/uploads\/2021\/05\/A10843.1-Rotor-Sirona-SIROboost_2-1.jpg",1410,1200,false],"1536x1536":["https:\/\/adflow.agency\/wp-content\/uploads\/2021\/05\/A10843.1-Rotor-Sirona-SIROboost_2-1.jpg",1536,1307,false],"2048x2048":["https:\/\/adflow.agency\/wp-content\/uploads\/2021\/05\/A10843.1-Rotor-Sirona-SIROboost_2-1.jpg",2048,1743,false],"woocommerce_thumbnail":["https:\/\/adflow.agency\/wp-content\/uploads\/2021\/05\/A10843.1-Rotor-Sirona-SIROboost_2-1-247x247.jpg",247,247,true],"woocommerce_single":["https:\/\/adflow.agency\/wp-content\/uploads\/2021\/05\/A10843.1-Rotor-Sirona-SIROboost_2-1.jpg",510,434,false],"woocommerce_gallery_thumbnail":["https:\/\/adflow.agency\/wp-content\/uploads\/2021\/05\/A10843.1-Rotor-Sirona-SIROboost_2-1-100x100.jpg",100,100,true]},"uagb_author_info":{"display_name":"aden_admin","author_link":"https:\/\/adflow.agency\/de\/author\/"},"uagb_comment_info":0,"uagb_excerpt":"Kompletter Rotor\/Turbine f\u00fcr Sirona SiroBoost Turbinenhandst\u00fcck Hergestellt mit deutschen Hochpr\u00e4zisions-Radialkeramiklagern Alternative zu Sirona REF. 63 34 598 Produkt wird mit 2x O-Ringen geliefert 12 Monate Garantie","_links":{"self":[{"href":"https:\/\/adflow.agency\/de\/wp-json\/wp\/v2\/product\/13449","targetHints":{"allow":["GET"]}}],"collection":[{"href":"https:\/\/adflow.agency\/de\/wp-json\/wp\/v2\/product"}],"about":[{"href":"https:\/\/adflow.agency\/de\/wp-json\/wp\/v2\/types\/product"}],"replies":[{"embeddable":true,"href":"https:\/\/adflow.agency\/de\/wp-json\/wp\/v2\/comments?post=13449"}],"wp:featuredmedia":[{"embeddable":true,"href":"https:\/\/adflow.agency\/de\/wp-json\/wp\/v2\/media\/4591"}],"wp:attachment":[{"href":"https:\/\/adflow.agency\/de\/wp-json\/wp\/v2\/media?parent=13449"}],"wp:term":[{"taxonomy":"product_brand","embeddable":true,"href":"https:\/\/adflow.agency\/de\/wp-json\/wp\/v2\/product_brand?post=13449"},{"taxonomy":"product_cat","embeddable":true,"href":"https:\/\/adflow.agency\/de\/wp-json\/wp\/v2\/product_cat?post=13449"},{"taxonomy":"product_tag","embeddable":true,"href":"https:\/\/adflow.agency\/de\/wp-json\/wp\/v2\/product_tag?post=13449"}],"curies":[{"name":"wp","href":"https:\/\/api.w.org\/{rel}","templated":true}]}}