{"id":13453,"date":"2021-01-14T18:30:43","date_gmt":"2021-01-14T17:30:43","guid":{"rendered":"https:\/\/adflow.agency\/product\/rotor-turbine-fuer-kavo-s609-s619\/"},"modified":"2026-02-24T11:23:13","modified_gmt":"2026-02-24T10:23:13","slug":"rotor-turbine-fuer-kavo-s609-s619","status":"publish","type":"product","link":"https:\/\/adflow.agency\/de\/product\/rotor-turbine-fuer-kavo-s609-s619\/","title":{"rendered":"Rotor\/Turbine f\u00fcr KaVo S609\/S619"},"content":{"rendered":"","protected":false},"excerpt":{"rendered":"<ul>\n<li>Kompletter Rotor\/Turbine f\u00fcr KaVo SMARTtorque S609\/S619 Turbinenhandst\u00fcck<\/li>\n<li>Hergestellt mit japanischen Hochpr\u00e4zisions-Radialkeramiklagern<\/li>\n<li>Alternative f\u00fcr KaVo REF. 1.008.4163<\/li>\n<li>Produkt wird mit 2x O-Ringen und 2x Wellscheiben geliefert<\/li>\n<li>12 Monate Garantie<\/li>\n<li>Hergestellt in Deutschland<\/li>\n<\/ul>\n","protected":false},"featured_media":4310,"comment_status":"closed","ping_status":"closed","template":"","meta":{"inline_featured_image":false,"_uag_custom_page_level_css":""},"product_brand":[],"product_cat":[1138],"product_tag":[1272],"class_list":{"0":"post-13453","1":"product","2":"type-product","3":"status-publish","4":"has-post-thumbnail","6":"product_cat-angebot","7":"product_tag-kavo-s609-s619","9":"first","10":"instock","11":"taxable","12":"shipping-taxable","13":"product-type-simple"},"acf":[],"uagb_featured_image_src":{"full":["https:\/\/adflow.agency\/wp-content\/uploads\/2020\/11\/A10845.1-Rotor-KaVo-S609_619.jpg",2117,1803,false],"thumbnail":["https:\/\/adflow.agency\/wp-content\/uploads\/2020\/11\/A10845.1-Rotor-KaVo-S609_619.jpg",235,200,false],"medium":["https:\/\/adflow.agency\/wp-content\/uploads\/2020\/11\/A10845.1-Rotor-KaVo-S609_619.jpg",352,300,false],"medium_large":["https:\/\/adflow.agency\/wp-content\/uploads\/2020\/11\/A10845.1-Rotor-KaVo-S609_619.jpg",768,654,false],"large":["https:\/\/adflow.agency\/wp-content\/uploads\/2020\/11\/A10845.1-Rotor-KaVo-S609_619.jpg",1409,1200,false],"1536x1536":["https:\/\/adflow.agency\/wp-content\/uploads\/2020\/11\/A10845.1-Rotor-KaVo-S609_619.jpg",1536,1308,false],"2048x2048":["https:\/\/adflow.agency\/wp-content\/uploads\/2020\/11\/A10845.1-Rotor-KaVo-S609_619.jpg",2048,1744,false],"woocommerce_thumbnail":["https:\/\/adflow.agency\/wp-content\/uploads\/2020\/11\/A10845.1-Rotor-KaVo-S609_619-247x247.jpg",247,247,true],"woocommerce_single":["https:\/\/adflow.agency\/wp-content\/uploads\/2020\/11\/A10845.1-Rotor-KaVo-S609_619.jpg",510,434,false],"woocommerce_gallery_thumbnail":["https:\/\/adflow.agency\/wp-content\/uploads\/2020\/11\/A10845.1-Rotor-KaVo-S609_619-100x100.jpg",100,100,true]},"uagb_author_info":{"display_name":"aden_admin","author_link":"https:\/\/adflow.agency\/de\/author\/"},"uagb_comment_info":0,"uagb_excerpt":"Kompletter Rotor\/Turbine f\u00fcr KaVo SMARTtorque S609\/S619 Turbinenhandst\u00fcck Hergestellt mit japanischen Hochpr\u00e4zisions-Radialkeramiklagern Alternative f\u00fcr KaVo REF. 1.008.4163 Produkt wird mit 2x O-Ringen und 2x Wellscheiben geliefert 12 Monate Garantie Hergestellt in Deutschland","_links":{"self":[{"href":"https:\/\/adflow.agency\/de\/wp-json\/wp\/v2\/product\/13453","targetHints":{"allow":["GET"]}}],"collection":[{"href":"https:\/\/adflow.agency\/de\/wp-json\/wp\/v2\/product"}],"about":[{"href":"https:\/\/adflow.agency\/de\/wp-json\/wp\/v2\/types\/product"}],"replies":[{"embeddable":true,"href":"https:\/\/adflow.agency\/de\/wp-json\/wp\/v2\/comments?post=13453"}],"wp:featuredmedia":[{"embeddable":true,"href":"https:\/\/adflow.agency\/de\/wp-json\/wp\/v2\/media\/4310"}],"wp:attachment":[{"href":"https:\/\/adflow.agency\/de\/wp-json\/wp\/v2\/media?parent=13453"}],"wp:term":[{"taxonomy":"product_brand","embeddable":true,"href":"https:\/\/adflow.agency\/de\/wp-json\/wp\/v2\/product_brand?post=13453"},{"taxonomy":"product_cat","embeddable":true,"href":"https:\/\/adflow.agency\/de\/wp-json\/wp\/v2\/product_cat?post=13453"},{"taxonomy":"product_tag","embeddable":true,"href":"https:\/\/adflow.agency\/de\/wp-json\/wp\/v2\/product_tag?post=13453"}],"curies":[{"name":"wp","href":"https:\/\/api.w.org\/{rel}","templated":true}]}}