{"id":13454,"date":"2021-01-14T18:41:42","date_gmt":"2021-01-14T17:41:42","guid":{"rendered":"https:\/\/adflow.agency\/product\/rotor-turbine-fuer-kavo-m8700\/"},"modified":"2026-02-24T11:23:09","modified_gmt":"2026-02-24T10:23:09","slug":"rotor-turbine-fuer-kavo-m8700","status":"publish","type":"product","link":"https:\/\/adflow.agency\/de\/product\/rotor-turbine-fuer-kavo-m8700\/","title":{"rendered":"Rotor\/Turbine f\u00fcr KaVo M8700"},"content":{"rendered":"","protected":false},"excerpt":{"rendered":"<ul>\n<li>Kompletter Rotor\/Turbine f\u00fcr KaVo MASTERmatic M8700 Mini-Turbinenhandst\u00fcck<\/li>\n<li>Hergestellt mit deutschen Hochpr\u00e4zisions-Schr\u00e4gkugellagern und radialen Keramiklagern<\/li>\n<li>Alternative f\u00fcr KaVo REF. 3.001.9915<\/li>\n<li>Produkt wird mit 2x O-Ringen und 2x Wellscheiben geliefert<\/li>\n<li>12 Monate Garantie<\/li>\n<li>Hergestellt in Deutschland<\/li>\n<\/ul>\n","protected":false},"featured_media":4308,"comment_status":"open","ping_status":"closed","template":"","meta":{"inline_featured_image":false,"_uag_custom_page_level_css":""},"product_brand":[],"product_cat":[1138,1203],"product_tag":[1273],"class_list":{"0":"post-13454","1":"product","2":"type-product","3":"status-publish","4":"has-post-thumbnail","6":"product_cat-angebot","7":"product_cat-kavo-tasten-auf-der-ruckseite","8":"product_tag-kavo-m8700","10":"first","11":"instock","12":"taxable","13":"shipping-taxable","14":"product-type-simple"},"acf":[],"uagb_featured_image_src":{"full":["https:\/\/adflow.agency\/wp-content\/uploads\/2020\/11\/A10846.0-Rotor-KaVo-M8700.jpg",2147,1831,false],"thumbnail":["https:\/\/adflow.agency\/wp-content\/uploads\/2020\/11\/A10846.0-Rotor-KaVo-M8700.jpg",235,200,false],"medium":["https:\/\/adflow.agency\/wp-content\/uploads\/2020\/11\/A10846.0-Rotor-KaVo-M8700.jpg",352,300,false],"medium_large":["https:\/\/adflow.agency\/wp-content\/uploads\/2020\/11\/A10846.0-Rotor-KaVo-M8700.jpg",768,655,false],"large":["https:\/\/adflow.agency\/wp-content\/uploads\/2020\/11\/A10846.0-Rotor-KaVo-M8700.jpg",1407,1200,false],"1536x1536":["https:\/\/adflow.agency\/wp-content\/uploads\/2020\/11\/A10846.0-Rotor-KaVo-M8700.jpg",1536,1310,false],"2048x2048":["https:\/\/adflow.agency\/wp-content\/uploads\/2020\/11\/A10846.0-Rotor-KaVo-M8700.jpg",2048,1747,false],"woocommerce_thumbnail":["https:\/\/adflow.agency\/wp-content\/uploads\/2020\/11\/A10846.0-Rotor-KaVo-M8700-247x247.jpg",247,247,true],"woocommerce_single":["https:\/\/adflow.agency\/wp-content\/uploads\/2020\/11\/A10846.0-Rotor-KaVo-M8700.jpg",510,435,false],"woocommerce_gallery_thumbnail":["https:\/\/adflow.agency\/wp-content\/uploads\/2020\/11\/A10846.0-Rotor-KaVo-M8700-100x100.jpg",100,100,true]},"uagb_author_info":{"display_name":"aden_admin","author_link":"https:\/\/adflow.agency\/de\/author\/"},"uagb_comment_info":0,"uagb_excerpt":"Kompletter Rotor\/Turbine f\u00fcr KaVo MASTERmatic M8700 Mini-Turbinenhandst\u00fcck Hergestellt mit deutschen Hochpr\u00e4zisions-Schr\u00e4gkugellagern und radialen Keramiklagern Alternative f\u00fcr KaVo REF. 3.001.9915 Produkt wird mit 2x O-Ringen und 2x Wellscheiben geliefert 12 Monate Garantie Hergestellt in Deutschland","_links":{"self":[{"href":"https:\/\/adflow.agency\/de\/wp-json\/wp\/v2\/product\/13454","targetHints":{"allow":["GET"]}}],"collection":[{"href":"https:\/\/adflow.agency\/de\/wp-json\/wp\/v2\/product"}],"about":[{"href":"https:\/\/adflow.agency\/de\/wp-json\/wp\/v2\/types\/product"}],"replies":[{"embeddable":true,"href":"https:\/\/adflow.agency\/de\/wp-json\/wp\/v2\/comments?post=13454"}],"wp:featuredmedia":[{"embeddable":true,"href":"https:\/\/adflow.agency\/de\/wp-json\/wp\/v2\/media\/4308"}],"wp:attachment":[{"href":"https:\/\/adflow.agency\/de\/wp-json\/wp\/v2\/media?parent=13454"}],"wp:term":[{"taxonomy":"product_brand","embeddable":true,"href":"https:\/\/adflow.agency\/de\/wp-json\/wp\/v2\/product_brand?post=13454"},{"taxonomy":"product_cat","embeddable":true,"href":"https:\/\/adflow.agency\/de\/wp-json\/wp\/v2\/product_cat?post=13454"},{"taxonomy":"product_tag","embeddable":true,"href":"https:\/\/adflow.agency\/de\/wp-json\/wp\/v2\/product_tag?post=13454"}],"curies":[{"name":"wp","href":"https:\/\/api.w.org\/{rel}","templated":true}]}}