{"id":13458,"date":"2021-01-15T12:11:19","date_gmt":"2021-01-15T11:11:19","guid":{"rendered":"https:\/\/adflow.agency\/product\/rotor-turbine-fuer-bien-air-black-pearl\/"},"modified":"2026-02-24T11:23:10","modified_gmt":"2026-02-24T10:23:10","slug":"rotor-turbine-fuer-bien-air-black-pearl","status":"publish","type":"product","link":"https:\/\/adflow.agency\/de\/product\/rotor-turbine-fuer-bien-air-black-pearl\/","title":{"rendered":"Rotor\/Turbine f\u00fcr Bien Air Black Pearl"},"content":{"rendered":"","protected":false},"excerpt":{"rendered":"<ul>\n<li>Kompletter Rotor\/Turbine f\u00fcr Bien Air Black Pearl Turbinenhandst\u00fcck<\/li>\n<li>Hergestellt mit deutschen Hochpr\u00e4zisions-Radialkeramiklagern<\/li>\n<li>Alternative f\u00fcr Bien Air REF. 1500164<\/li>\n<li>Produkt wird mit 2x O-Ringen geliefert<\/li>\n<li>12 Monate Garantie<\/li>\n<\/ul>\n","protected":false},"featured_media":4324,"comment_status":"closed","ping_status":"closed","template":"","meta":{"inline_featured_image":false,"_uag_custom_page_level_css":""},"product_brand":[],"product_cat":[1138,1224],"product_tag":[1248],"class_list":{"0":"post-13458","1":"product","2":"type-product","3":"status-publish","4":"has-post-thumbnail","6":"product_cat-angebot","7":"product_cat-bien-air-turbinen","8":"product_tag-bien-air-black-pearl","10":"first","11":"instock","12":"taxable","13":"shipping-taxable","14":"product-type-simple"},"acf":[],"uagb_featured_image_src":{"full":["https:\/\/adflow.agency\/wp-content\/uploads\/2020\/11\/A10847.0-Rotor-BA-Black-Pearl.jpg",2350,2003,false],"thumbnail":["https:\/\/adflow.agency\/wp-content\/uploads\/2020\/11\/A10847.0-Rotor-BA-Black-Pearl.jpg",235,200,false],"medium":["https:\/\/adflow.agency\/wp-content\/uploads\/2020\/11\/A10847.0-Rotor-BA-Black-Pearl.jpg",352,300,false],"medium_large":["https:\/\/adflow.agency\/wp-content\/uploads\/2020\/11\/A10847.0-Rotor-BA-Black-Pearl.jpg",768,655,false],"large":["https:\/\/adflow.agency\/wp-content\/uploads\/2020\/11\/A10847.0-Rotor-BA-Black-Pearl.jpg",1408,1200,false],"1536x1536":["https:\/\/adflow.agency\/wp-content\/uploads\/2020\/11\/A10847.0-Rotor-BA-Black-Pearl.jpg",1536,1309,false],"2048x2048":["https:\/\/adflow.agency\/wp-content\/uploads\/2020\/11\/A10847.0-Rotor-BA-Black-Pearl.jpg",2048,1746,false],"woocommerce_thumbnail":["https:\/\/adflow.agency\/wp-content\/uploads\/2020\/11\/A10847.0-Rotor-BA-Black-Pearl-247x247.jpg",247,247,true],"woocommerce_single":["https:\/\/adflow.agency\/wp-content\/uploads\/2020\/11\/A10847.0-Rotor-BA-Black-Pearl.jpg",510,435,false],"woocommerce_gallery_thumbnail":["https:\/\/adflow.agency\/wp-content\/uploads\/2020\/11\/A10847.0-Rotor-BA-Black-Pearl-100x100.jpg",100,100,true]},"uagb_author_info":{"display_name":"aden_admin","author_link":"https:\/\/adflow.agency\/de\/author\/"},"uagb_comment_info":0,"uagb_excerpt":"Kompletter Rotor\/Turbine f\u00fcr Bien Air Black Pearl Turbinenhandst\u00fcck Hergestellt mit deutschen Hochpr\u00e4zisions-Radialkeramiklagern Alternative f\u00fcr Bien Air REF. 1500164 Produkt wird mit 2x O-Ringen geliefert 12 Monate Garantie","_links":{"self":[{"href":"https:\/\/adflow.agency\/de\/wp-json\/wp\/v2\/product\/13458","targetHints":{"allow":["GET"]}}],"collection":[{"href":"https:\/\/adflow.agency\/de\/wp-json\/wp\/v2\/product"}],"about":[{"href":"https:\/\/adflow.agency\/de\/wp-json\/wp\/v2\/types\/product"}],"replies":[{"embeddable":true,"href":"https:\/\/adflow.agency\/de\/wp-json\/wp\/v2\/comments?post=13458"}],"wp:featuredmedia":[{"embeddable":true,"href":"https:\/\/adflow.agency\/de\/wp-json\/wp\/v2\/media\/4324"}],"wp:attachment":[{"href":"https:\/\/adflow.agency\/de\/wp-json\/wp\/v2\/media?parent=13458"}],"wp:term":[{"taxonomy":"product_brand","embeddable":true,"href":"https:\/\/adflow.agency\/de\/wp-json\/wp\/v2\/product_brand?post=13458"},{"taxonomy":"product_cat","embeddable":true,"href":"https:\/\/adflow.agency\/de\/wp-json\/wp\/v2\/product_cat?post=13458"},{"taxonomy":"product_tag","embeddable":true,"href":"https:\/\/adflow.agency\/de\/wp-json\/wp\/v2\/product_tag?post=13458"}],"curies":[{"name":"wp","href":"https:\/\/api.w.org\/{rel}","templated":true}]}}