{"id":13465,"date":"2021-01-15T13:24:15","date_gmt":"2021-01-15T12:24:15","guid":{"rendered":"https:\/\/adflow.agency\/product\/dichtung-fuer-iso-6-loch-turbinenkupplung\/"},"modified":"2026-02-24T11:23:15","modified_gmt":"2026-02-24T10:23:15","slug":"dichtung-fuer-iso-6-loch-turbinenkupplung","status":"publish","type":"product","link":"https:\/\/adflow.agency\/de\/product\/dichtung-fuer-iso-6-loch-turbinenkupplung\/","title":{"rendered":"Dichtung f\u00fcr ISO 6-Loch Turbinenkupplung"},"content":{"rendered":"","protected":false},"excerpt":{"rendered":"<ul>\n<li>Dichtung f\u00fcr ISO 6-Loch Turbinenkupplung<\/li>\n<li>Gem\u00e4\u00df ISO-Standard Schlauchspezifikation<\/li>\n<\/ul>\n","protected":false},"featured_media":4376,"comment_status":"open","ping_status":"closed","template":"","meta":{"inline_featured_image":false,"_uag_custom_page_level_css":""},"product_brand":[],"product_cat":[1168],"product_tag":[],"class_list":{"0":"post-13465","1":"product","2":"type-product","3":"status-publish","4":"has-post-thumbnail","6":"product_cat-o-ringe-zubehorprodukte-nach-kategorie-neu","8":"first","9":"instock","10":"taxable","11":"shipping-taxable","12":"product-type-simple"},"acf":[],"uagb_featured_image_src":{"full":["https:\/\/adflow.agency\/wp-content\/uploads\/2021\/01\/A10872.0-6-Loch-Dichtung-scaled.jpg",3128,2663,false],"thumbnail":["https:\/\/adflow.agency\/wp-content\/uploads\/2021\/01\/A10872.0-6-Loch-Dichtung-250x200.jpg",250,200,true],"medium":["https:\/\/adflow.agency\/wp-content\/uploads\/2021\/01\/A10872.0-6-Loch-Dichtung-352x300.jpg",352,300,true],"medium_large":["https:\/\/adflow.agency\/wp-content\/uploads\/2021\/01\/A10872.0-6-Loch-Dichtung-768x654.jpg",768,654,true],"large":["https:\/\/adflow.agency\/wp-content\/uploads\/2021\/01\/A10872.0-6-Loch-Dichtung-1410x1200.jpg",1410,1200,true],"1536x1536":["https:\/\/adflow.agency\/wp-content\/uploads\/2021\/01\/A10872.0-6-Loch-Dichtung-scaled.jpg",1536,1308,false],"2048x2048":["https:\/\/adflow.agency\/wp-content\/uploads\/2021\/01\/A10872.0-6-Loch-Dichtung-scaled.jpg",2048,1744,false],"woocommerce_thumbnail":["https:\/\/adflow.agency\/wp-content\/uploads\/2021\/01\/A10872.0-6-Loch-Dichtung-247x247.jpg",247,247,true],"woocommerce_single":["https:\/\/adflow.agency\/wp-content\/uploads\/2021\/01\/A10872.0-6-Loch-Dichtung-510x434.jpg",510,434,true],"woocommerce_gallery_thumbnail":["https:\/\/adflow.agency\/wp-content\/uploads\/2021\/01\/A10872.0-6-Loch-Dichtung-100x100.jpg",100,100,true]},"uagb_author_info":{"display_name":"aden_admin","author_link":"https:\/\/adflow.agency\/de\/author\/"},"uagb_comment_info":0,"uagb_excerpt":"Dichtung f\u00fcr ISO 6-Loch Turbinenkupplung Gem\u00e4\u00df ISO-Standard Schlauchspezifikation","_links":{"self":[{"href":"https:\/\/adflow.agency\/de\/wp-json\/wp\/v2\/product\/13465","targetHints":{"allow":["GET"]}}],"collection":[{"href":"https:\/\/adflow.agency\/de\/wp-json\/wp\/v2\/product"}],"about":[{"href":"https:\/\/adflow.agency\/de\/wp-json\/wp\/v2\/types\/product"}],"replies":[{"embeddable":true,"href":"https:\/\/adflow.agency\/de\/wp-json\/wp\/v2\/comments?post=13465"}],"wp:featuredmedia":[{"embeddable":true,"href":"https:\/\/adflow.agency\/de\/wp-json\/wp\/v2\/media\/4376"}],"wp:attachment":[{"href":"https:\/\/adflow.agency\/de\/wp-json\/wp\/v2\/media?parent=13465"}],"wp:term":[{"taxonomy":"product_brand","embeddable":true,"href":"https:\/\/adflow.agency\/de\/wp-json\/wp\/v2\/product_brand?post=13465"},{"taxonomy":"product_cat","embeddable":true,"href":"https:\/\/adflow.agency\/de\/wp-json\/wp\/v2\/product_cat?post=13465"},{"taxonomy":"product_tag","embeddable":true,"href":"https:\/\/adflow.agency\/de\/wp-json\/wp\/v2\/product_tag?post=13465"}],"curies":[{"name":"wp","href":"https:\/\/api.w.org\/{rel}","templated":true}]}}