{"id":13466,"date":"2021-01-20T09:47:21","date_gmt":"2021-01-20T08:47:21","guid":{"rendered":"https:\/\/adflow.agency\/product\/kopfrotor-kartusche-fuer-sirona-a40l-c40l-e40-o97\/"},"modified":"2026-02-24T11:23:16","modified_gmt":"2026-02-24T10:23:16","slug":"kopfrotor-kartusche-fuer-sirona-a40l-c40l-e40-o97","status":"publish","type":"product","link":"https:\/\/adflow.agency\/de\/product\/kopfrotor-kartusche-fuer-sirona-a40l-c40l-e40-o97\/","title":{"rendered":"Kopfrotor\/Kartusche f\u00fcr Sirona A40L\/C40L\/E40 \u00d89,7"},"content":{"rendered":"","protected":false},"excerpt":{"rendered":"<ul>\n<li>Kopfgetrieberotor\/Kartusche f\u00fcr Sirona A40L\/C40(L)\/E40 \u00d89,7 Winkelst\u00fcck<\/li>\n<li>Alternative f\u00fcr Sirona REF. 60 00 983<\/li>\n<li>Jede Kartusche wird gr\u00fcndlich in einem Handst\u00fcck getestet<\/li>\n<li>12 Monate Garantie<\/li>\n<\/ul>\n","protected":false},"featured_media":4443,"comment_status":"closed","ping_status":"closed","template":"","meta":{"inline_featured_image":false,"_uag_custom_page_level_css":""},"product_brand":[],"product_cat":[1287],"product_tag":[1204],"class_list":{"0":"post-13466","1":"product","2":"type-product","3":"status-publish","4":"has-post-thumbnail","6":"product_cat-sirona-rotoren-cartridges","7":"product_tag-sirona-a-c-e-40l-o9-7","9":"first","10":"instock","11":"taxable","12":"shipping-taxable","13":"product-type-simple"},"acf":[],"uagb_featured_image_src":{"full":["https:\/\/adflow.agency\/wp-content\/uploads\/2021\/01\/A10554.1-Sirona-C40L-front.jpg",1814,1620,false],"thumbnail":["https:\/\/adflow.agency\/wp-content\/uploads\/2021\/01\/A10554.1-Sirona-C40L-front.jpg",224,200,false],"medium":["https:\/\/adflow.agency\/wp-content\/uploads\/2021\/01\/A10554.1-Sirona-C40L-front.jpg",336,300,false],"medium_large":["https:\/\/adflow.agency\/wp-content\/uploads\/2021\/01\/A10554.1-Sirona-C40L-front.jpg",768,686,false],"large":["https:\/\/adflow.agency\/wp-content\/uploads\/2021\/01\/A10554.1-Sirona-C40L-front.jpg",1344,1200,false],"1536x1536":["https:\/\/adflow.agency\/wp-content\/uploads\/2021\/01\/A10554.1-Sirona-C40L-front.jpg",1536,1372,false],"2048x2048":["https:\/\/adflow.agency\/wp-content\/uploads\/2021\/01\/A10554.1-Sirona-C40L-front.jpg",1814,1620,false],"woocommerce_thumbnail":["https:\/\/adflow.agency\/wp-content\/uploads\/2021\/01\/A10554.1-Sirona-C40L-front-247x247.jpg",247,247,true],"woocommerce_single":["https:\/\/adflow.agency\/wp-content\/uploads\/2021\/01\/A10554.1-Sirona-C40L-front.jpg",510,455,false],"woocommerce_gallery_thumbnail":["https:\/\/adflow.agency\/wp-content\/uploads\/2021\/01\/A10554.1-Sirona-C40L-front-100x100.jpg",100,100,true]},"uagb_author_info":{"display_name":"aden_admin","author_link":"https:\/\/adflow.agency\/de\/author\/"},"uagb_comment_info":0,"uagb_excerpt":"Kopfgetrieberotor\/Kartusche f\u00fcr Sirona A40L\/C40(L)\/E40 \u00d89,7 Winkelst\u00fcck Alternative f\u00fcr Sirona REF. 60 00 983 Jede Kartusche wird gr\u00fcndlich in einem Handst\u00fcck getestet 12 Monate Garantie","_links":{"self":[{"href":"https:\/\/adflow.agency\/de\/wp-json\/wp\/v2\/product\/13466","targetHints":{"allow":["GET"]}}],"collection":[{"href":"https:\/\/adflow.agency\/de\/wp-json\/wp\/v2\/product"}],"about":[{"href":"https:\/\/adflow.agency\/de\/wp-json\/wp\/v2\/types\/product"}],"replies":[{"embeddable":true,"href":"https:\/\/adflow.agency\/de\/wp-json\/wp\/v2\/comments?post=13466"}],"wp:featuredmedia":[{"embeddable":true,"href":"https:\/\/adflow.agency\/de\/wp-json\/wp\/v2\/media\/4443"}],"wp:attachment":[{"href":"https:\/\/adflow.agency\/de\/wp-json\/wp\/v2\/media?parent=13466"}],"wp:term":[{"taxonomy":"product_brand","embeddable":true,"href":"https:\/\/adflow.agency\/de\/wp-json\/wp\/v2\/product_brand?post=13466"},{"taxonomy":"product_cat","embeddable":true,"href":"https:\/\/adflow.agency\/de\/wp-json\/wp\/v2\/product_cat?post=13466"},{"taxonomy":"product_tag","embeddable":true,"href":"https:\/\/adflow.agency\/de\/wp-json\/wp\/v2\/product_tag?post=13466"}],"curies":[{"name":"wp","href":"https:\/\/api.w.org\/{rel}","templated":true}]}}