{"id":13470,"date":"2021-01-14T15:38:25","date_gmt":"2021-01-14T14:38:25","guid":{"rendered":"https:\/\/adflow.agency\/product\/kopfrotor-kartusche-fuer-kavo-m05l\/"},"modified":"2026-02-24T11:25:39","modified_gmt":"2026-02-24T10:25:39","slug":"kopfrotor-kartusche-fuer-kavo-m05l","status":"publish","type":"product","link":"https:\/\/adflow.agency\/de\/product\/kopfrotor-kartusche-fuer-kavo-m05l\/","title":{"rendered":"Kopfrotor\/Kartusche f\u00fcr KaVo M05L"},"content":{"rendered":"","protected":false},"excerpt":{"rendered":"<ul>\n<li>Kompletter Kopfgetriebe-Rotor\/Kartusche f\u00fcr KaVo MASTERmatic M05L Winkelst\u00fcck<\/li>\n<li>Hergestellt mit deutschen Hochpr\u00e4zisions-Radialkeramiklagern<\/li>\n<li>Alternative f\u00fcr KaVo REF. 1.011.1374<\/li>\n<li>Jede Kartusche wird gr\u00fcndlich in einem Handst\u00fcck getestet<\/li>\n<li>Produkt wird mit 1 x Wellscheibe geliefert<\/li>\n<li>12 Monate Garantie<\/li>\n<li>Hergestellt in Deutschland<\/li>\n<\/ul>\n","protected":false},"featured_media":4333,"comment_status":"closed","ping_status":"closed","template":"","meta":{"inline_featured_image":false,"_uag_custom_page_level_css":""},"product_brand":[],"product_cat":[1157],"product_tag":[1227],"class_list":{"0":"post-13470","1":"product","2":"type-product","3":"status-publish","4":"has-post-thumbnail","6":"product_cat-kavo-rotoren-cartridges","7":"product_tag-kavo-m05l","9":"first","10":"instock","11":"taxable","12":"shipping-taxable","13":"product-type-simple"},"acf":[],"uagb_featured_image_src":{"full":["https:\/\/adflow.agency\/wp-content\/uploads\/2020\/11\/A10091-M25L_2.jpg",2229,1897,false],"thumbnail":["https:\/\/adflow.agency\/wp-content\/uploads\/2020\/11\/A10091-M25L_2.jpg",235,200,false],"medium":["https:\/\/adflow.agency\/wp-content\/uploads\/2020\/11\/A10091-M25L_2.jpg",353,300,false],"medium_large":["https:\/\/adflow.agency\/wp-content\/uploads\/2020\/11\/A10091-M25L_2.jpg",768,654,false],"large":["https:\/\/adflow.agency\/wp-content\/uploads\/2020\/11\/A10091-M25L_2.jpg",1410,1200,false],"1536x1536":["https:\/\/adflow.agency\/wp-content\/uploads\/2020\/11\/A10091-M25L_2.jpg",1536,1307,false],"2048x2048":["https:\/\/adflow.agency\/wp-content\/uploads\/2020\/11\/A10091-M25L_2.jpg",2048,1743,false],"woocommerce_thumbnail":["https:\/\/adflow.agency\/wp-content\/uploads\/2020\/11\/A10091-M25L_2-247x247.jpg",247,247,true],"woocommerce_single":["https:\/\/adflow.agency\/wp-content\/uploads\/2020\/11\/A10091-M25L_2.jpg",510,434,false],"woocommerce_gallery_thumbnail":["https:\/\/adflow.agency\/wp-content\/uploads\/2020\/11\/A10091-M25L_2-100x100.jpg",100,100,true]},"uagb_author_info":{"display_name":"aden_admin","author_link":"https:\/\/adflow.agency\/de\/author\/"},"uagb_comment_info":0,"uagb_excerpt":"Kompletter Kopfgetriebe-Rotor\/Kartusche f\u00fcr KaVo MASTERmatic M05L Winkelst\u00fcck Hergestellt mit deutschen Hochpr\u00e4zisions-Radialkeramiklagern Alternative f\u00fcr KaVo REF. 1.011.1374 Jede Kartusche wird gr\u00fcndlich in einem Handst\u00fcck getestet Produkt wird mit 1 x Wellscheibe geliefert 12 Monate Garantie Hergestellt in Deutschland","_links":{"self":[{"href":"https:\/\/adflow.agency\/de\/wp-json\/wp\/v2\/product\/13470","targetHints":{"allow":["GET"]}}],"collection":[{"href":"https:\/\/adflow.agency\/de\/wp-json\/wp\/v2\/product"}],"about":[{"href":"https:\/\/adflow.agency\/de\/wp-json\/wp\/v2\/types\/product"}],"replies":[{"embeddable":true,"href":"https:\/\/adflow.agency\/de\/wp-json\/wp\/v2\/comments?post=13470"}],"wp:featuredmedia":[{"embeddable":true,"href":"https:\/\/adflow.agency\/de\/wp-json\/wp\/v2\/media\/4333"}],"wp:attachment":[{"href":"https:\/\/adflow.agency\/de\/wp-json\/wp\/v2\/media?parent=13470"}],"wp:term":[{"taxonomy":"product_brand","embeddable":true,"href":"https:\/\/adflow.agency\/de\/wp-json\/wp\/v2\/product_brand?post=13470"},{"taxonomy":"product_cat","embeddable":true,"href":"https:\/\/adflow.agency\/de\/wp-json\/wp\/v2\/product_cat?post=13470"},{"taxonomy":"product_tag","embeddable":true,"href":"https:\/\/adflow.agency\/de\/wp-json\/wp\/v2\/product_tag?post=13470"}],"curies":[{"name":"wp","href":"https:\/\/api.w.org\/{rel}","templated":true}]}}