{"id":13474,"date":"2020-09-24T12:31:05","date_gmt":"2020-09-24T10:31:05","guid":{"rendered":"https:\/\/adflow.agency\/product\/zwischenwelle-fuer-kavo-67ldn-67lh\/"},"modified":"2026-02-24T11:25:31","modified_gmt":"2026-02-24T10:25:31","slug":"zwischenwelle-fuer-kavo-67ldn-67lh","status":"publish","type":"product","link":"https:\/\/adflow.agency\/de\/product\/zwischenwelle-fuer-kavo-67ldn-67lh\/","title":{"rendered":"Zwischenwelle f\u00fcr KaVo 67LD(N)\/67LH"},"content":{"rendered":"","protected":false},"excerpt":{"rendered":"<ul>\n<li>Komplette Zwischenwelle f\u00fcr KaVo 67LD\/67LH 2:1 Winkelst\u00fcck<\/li>\n<li>Alternative f\u00fcr KaVo REF. 0.540.1161<\/li>\n<li>Jede Welle wird gr\u00fcndlich in einem Handst\u00fcck getestet<\/li>\n<li>Produkt wird als fertige Baugruppe geliefert<\/li>\n<li>12 Monate Garantie<\/li>\n<\/ul>\n","protected":false},"featured_media":4213,"comment_status":"closed","ping_status":"closed","template":"","meta":{"inline_featured_image":false,"_uag_custom_page_level_css":""},"product_brand":[],"product_cat":[1300],"product_tag":[738],"class_list":{"0":"post-13474","1":"product","2":"type-product","3":"status-publish","4":"has-post-thumbnail","6":"product_cat-kavo-zwischenwellen","7":"product_tag-kavo-67lh-2","9":"first","10":"instock","11":"taxable","12":"shipping-taxable","13":"product-type-simple"},"acf":[],"uagb_featured_image_src":{"full":["https:\/\/adflow.agency\/wp-content\/uploads\/2020\/09\/A10572.0-ZST-KaVo-67LH-scaled.jpg",3456,2564,false],"thumbnail":["https:\/\/adflow.agency\/wp-content\/uploads\/2020\/09\/A10572.0-ZST-KaVo-67LH-250x200.jpg",250,200,true],"medium":["https:\/\/adflow.agency\/wp-content\/uploads\/2020\/09\/A10572.0-ZST-KaVo-67LH-404x300.jpg",404,300,true],"medium_large":["https:\/\/adflow.agency\/wp-content\/uploads\/2020\/09\/A10572.0-ZST-KaVo-67LH-768x570.jpg",768,570,true],"large":["https:\/\/adflow.agency\/wp-content\/uploads\/2020\/09\/A10572.0-ZST-KaVo-67LH-1617x1200.jpg",1617,1200,true],"1536x1536":["https:\/\/adflow.agency\/wp-content\/uploads\/2020\/09\/A10572.0-ZST-KaVo-67LH-scaled.jpg",1536,1140,false],"2048x2048":["https:\/\/adflow.agency\/wp-content\/uploads\/2020\/09\/A10572.0-ZST-KaVo-67LH-scaled.jpg",2048,1519,false],"woocommerce_thumbnail":["https:\/\/adflow.agency\/wp-content\/uploads\/2020\/09\/A10572.0-ZST-KaVo-67LH-247x247.jpg",247,247,true],"woocommerce_single":["https:\/\/adflow.agency\/wp-content\/uploads\/2020\/09\/A10572.0-ZST-KaVo-67LH-510x378.jpg",510,378,true],"woocommerce_gallery_thumbnail":["https:\/\/adflow.agency\/wp-content\/uploads\/2020\/09\/A10572.0-ZST-KaVo-67LH-100x100.jpg",100,100,true]},"uagb_author_info":{"display_name":"aden_admin","author_link":"https:\/\/adflow.agency\/de\/author\/"},"uagb_comment_info":0,"uagb_excerpt":"Komplette Zwischenwelle f\u00fcr KaVo 67LD\/67LH 2:1 Winkelst\u00fcck Alternative f\u00fcr KaVo REF. 0.540.1161 Jede Welle wird gr\u00fcndlich in einem Handst\u00fcck getestet Produkt wird als fertige Baugruppe geliefert 12 Monate Garantie","_links":{"self":[{"href":"https:\/\/adflow.agency\/de\/wp-json\/wp\/v2\/product\/13474","targetHints":{"allow":["GET"]}}],"collection":[{"href":"https:\/\/adflow.agency\/de\/wp-json\/wp\/v2\/product"}],"about":[{"href":"https:\/\/adflow.agency\/de\/wp-json\/wp\/v2\/types\/product"}],"replies":[{"embeddable":true,"href":"https:\/\/adflow.agency\/de\/wp-json\/wp\/v2\/comments?post=13474"}],"wp:featuredmedia":[{"embeddable":true,"href":"https:\/\/adflow.agency\/de\/wp-json\/wp\/v2\/media\/4213"}],"wp:attachment":[{"href":"https:\/\/adflow.agency\/de\/wp-json\/wp\/v2\/media?parent=13474"}],"wp:term":[{"taxonomy":"product_brand","embeddable":true,"href":"https:\/\/adflow.agency\/de\/wp-json\/wp\/v2\/product_brand?post=13474"},{"taxonomy":"product_cat","embeddable":true,"href":"https:\/\/adflow.agency\/de\/wp-json\/wp\/v2\/product_cat?post=13474"},{"taxonomy":"product_tag","embeddable":true,"href":"https:\/\/adflow.agency\/de\/wp-json\/wp\/v2\/product_tag?post=13474"}],"curies":[{"name":"wp","href":"https:\/\/api.w.org\/{rel}","templated":true}]}}