{"id":13480,"date":"2020-07-23T11:37:50","date_gmt":"2020-07-23T09:37:50","guid":{"rendered":"https:\/\/adflow.agency\/product\/spruehadapter-fuer-iso-ansaetze\/"},"modified":"2026-02-24T11:25:23","modified_gmt":"2026-02-24T10:25:23","slug":"spruehadapter-fuer-iso-ansaetze","status":"publish","type":"product","link":"https:\/\/adflow.agency\/de\/product\/spruehadapter-fuer-iso-ansaetze\/","title":{"rendered":"Spr\u00fchadapter f\u00fcr ISO-Ans\u00e4tze"},"content":{"rendered":"","protected":false},"excerpt":{"rendered":"<ul>\n<li>Spr\u00fchadapter f\u00fcr Spr\u00fchkopf ADENSYS Dentalpflege\u00f6l<\/li>\n<li>Zur Schmierung von ISO-Winkelst\u00fcck- und Handst\u00fcckans\u00e4tzen<\/li>\n<\/ul>\n","protected":false},"featured_media":4143,"comment_status":"open","ping_status":"closed","template":"","meta":{"inline_featured_image":false,"_uag_custom_page_level_css":""},"product_brand":[],"product_cat":[1159],"product_tag":[1134],"class_list":{"0":"post-13480","1":"product","2":"type-product","3":"status-publish","4":"has-post-thumbnail","6":"product_cat-sonstige-werkzeuge-teile-wartungsausrustung","7":"product_tag-oel","9":"first","10":"instock","11":"taxable","12":"shipping-taxable","13":"product-type-simple"},"acf":[],"uagb_featured_image_src":{"full":["https:\/\/adflow.agency\/wp-content\/uploads\/2020\/07\/W10791-AD-ISO.jpg",2336,1989,false],"thumbnail":["https:\/\/adflow.agency\/wp-content\/uploads\/2020\/07\/W10791-AD-ISO.jpg",235,200,false],"medium":["https:\/\/adflow.agency\/wp-content\/uploads\/2020\/07\/W10791-AD-ISO.jpg",352,300,false],"medium_large":["https:\/\/adflow.agency\/wp-content\/uploads\/2020\/07\/W10791-AD-ISO.jpg",768,654,false],"large":["https:\/\/adflow.agency\/wp-content\/uploads\/2020\/07\/W10791-AD-ISO.jpg",1409,1200,false],"1536x1536":["https:\/\/adflow.agency\/wp-content\/uploads\/2020\/07\/W10791-AD-ISO.jpg",1536,1308,false],"2048x2048":["https:\/\/adflow.agency\/wp-content\/uploads\/2020\/07\/W10791-AD-ISO.jpg",2048,1744,false],"woocommerce_thumbnail":["https:\/\/adflow.agency\/wp-content\/uploads\/2020\/07\/W10791-AD-ISO-247x247.jpg",247,247,true],"woocommerce_single":["https:\/\/adflow.agency\/wp-content\/uploads\/2020\/07\/W10791-AD-ISO.jpg",510,434,false],"woocommerce_gallery_thumbnail":["https:\/\/adflow.agency\/wp-content\/uploads\/2020\/07\/W10791-AD-ISO-100x100.jpg",100,100,true]},"uagb_author_info":{"display_name":"aden_admin","author_link":"https:\/\/adflow.agency\/de\/author\/"},"uagb_comment_info":0,"uagb_excerpt":"Spr\u00fchadapter f\u00fcr Spr\u00fchkopf ADENSYS Dentalpflege\u00f6l Zur Schmierung von ISO-Winkelst\u00fcck- und Handst\u00fcckans\u00e4tzen","_links":{"self":[{"href":"https:\/\/adflow.agency\/de\/wp-json\/wp\/v2\/product\/13480","targetHints":{"allow":["GET"]}}],"collection":[{"href":"https:\/\/adflow.agency\/de\/wp-json\/wp\/v2\/product"}],"about":[{"href":"https:\/\/adflow.agency\/de\/wp-json\/wp\/v2\/types\/product"}],"replies":[{"embeddable":true,"href":"https:\/\/adflow.agency\/de\/wp-json\/wp\/v2\/comments?post=13480"}],"wp:featuredmedia":[{"embeddable":true,"href":"https:\/\/adflow.agency\/de\/wp-json\/wp\/v2\/media\/4143"}],"wp:attachment":[{"href":"https:\/\/adflow.agency\/de\/wp-json\/wp\/v2\/media?parent=13480"}],"wp:term":[{"taxonomy":"product_brand","embeddable":true,"href":"https:\/\/adflow.agency\/de\/wp-json\/wp\/v2\/product_brand?post=13480"},{"taxonomy":"product_cat","embeddable":true,"href":"https:\/\/adflow.agency\/de\/wp-json\/wp\/v2\/product_cat?post=13480"},{"taxonomy":"product_tag","embeddable":true,"href":"https:\/\/adflow.agency\/de\/wp-json\/wp\/v2\/product_tag?post=13480"}],"curies":[{"name":"wp","href":"https:\/\/api.w.org\/{rel}","templated":true}]}}