{"id":13484,"date":"2020-07-23T11:51:20","date_gmt":"2020-07-23T09:51:20","guid":{"rendered":"https:\/\/adflow.agency\/product\/spruehadapter-fuer-kavo-multiflex\/"},"modified":"2026-02-24T11:25:25","modified_gmt":"2026-02-24T10:25:25","slug":"spruehadapter-fuer-kavo-multiflex","status":"publish","type":"product","link":"https:\/\/adflow.agency\/de\/product\/spruehadapter-fuer-kavo-multiflex\/","title":{"rendered":"Spr\u00fchadapter f\u00fcr KaVo\/Multiflex"},"content":{"rendered":"","protected":false},"excerpt":{"rendered":"<ul>\n<li>Spr\u00fchadapter f\u00fcr Spr\u00fchkopf ADENSYS Dentalpflege\u00f6l<\/li>\n<li>Wird zur Schmierung von Turbinenkupplungen im KaVo\/MULTIflex-Stil verwendet<\/li>\n<\/ul>\n","protected":false},"featured_media":4167,"comment_status":"open","ping_status":"closed","template":"","meta":{"inline_featured_image":false,"_uag_custom_page_level_css":""},"product_brand":[],"product_cat":[1180],"product_tag":[1147,1134],"class_list":{"0":"post-13484","1":"product","2":"type-product","3":"status-publish","4":"has-post-thumbnail","6":"product_cat-dentalol","7":"product_tag-kavo","8":"product_tag-oel","10":"first","11":"instock","12":"taxable","13":"shipping-taxable","14":"product-type-simple"},"acf":[],"uagb_featured_image_src":{"full":["https:\/\/adflow.agency\/wp-content\/uploads\/2020\/07\/W10793-AD-KV-scaled.jpg",2919,2493,false],"thumbnail":["https:\/\/adflow.agency\/wp-content\/uploads\/2020\/07\/W10793-AD-KV-250x200.jpg",250,200,true],"medium":["https:\/\/adflow.agency\/wp-content\/uploads\/2020\/07\/W10793-AD-KV-351x300.jpg",351,300,true],"medium_large":["https:\/\/adflow.agency\/wp-content\/uploads\/2020\/07\/W10793-AD-KV-768x656.jpg",768,656,true],"large":["https:\/\/adflow.agency\/wp-content\/uploads\/2020\/07\/W10793-AD-KV-1405x1200.jpg",1405,1200,true],"1536x1536":["https:\/\/adflow.agency\/wp-content\/uploads\/2020\/07\/W10793-AD-KV-scaled.jpg",1536,1312,false],"2048x2048":["https:\/\/adflow.agency\/wp-content\/uploads\/2020\/07\/W10793-AD-KV-scaled.jpg",2048,1749,false],"woocommerce_thumbnail":["https:\/\/adflow.agency\/wp-content\/uploads\/2020\/07\/W10793-AD-KV-247x247.jpg",247,247,true],"woocommerce_single":["https:\/\/adflow.agency\/wp-content\/uploads\/2020\/07\/W10793-AD-KV-510x436.jpg",510,436,true],"woocommerce_gallery_thumbnail":["https:\/\/adflow.agency\/wp-content\/uploads\/2020\/07\/W10793-AD-KV-100x100.jpg",100,100,true]},"uagb_author_info":{"display_name":"aden_admin","author_link":"https:\/\/adflow.agency\/de\/author\/"},"uagb_comment_info":0,"uagb_excerpt":"Spr\u00fchadapter f\u00fcr Spr\u00fchkopf ADENSYS Dentalpflege\u00f6l Wird zur Schmierung von Turbinenkupplungen im KaVo\/MULTIflex-Stil verwendet","_links":{"self":[{"href":"https:\/\/adflow.agency\/de\/wp-json\/wp\/v2\/product\/13484","targetHints":{"allow":["GET"]}}],"collection":[{"href":"https:\/\/adflow.agency\/de\/wp-json\/wp\/v2\/product"}],"about":[{"href":"https:\/\/adflow.agency\/de\/wp-json\/wp\/v2\/types\/product"}],"replies":[{"embeddable":true,"href":"https:\/\/adflow.agency\/de\/wp-json\/wp\/v2\/comments?post=13484"}],"wp:featuredmedia":[{"embeddable":true,"href":"https:\/\/adflow.agency\/de\/wp-json\/wp\/v2\/media\/4167"}],"wp:attachment":[{"href":"https:\/\/adflow.agency\/de\/wp-json\/wp\/v2\/media?parent=13484"}],"wp:term":[{"taxonomy":"product_brand","embeddable":true,"href":"https:\/\/adflow.agency\/de\/wp-json\/wp\/v2\/product_brand?post=13484"},{"taxonomy":"product_cat","embeddable":true,"href":"https:\/\/adflow.agency\/de\/wp-json\/wp\/v2\/product_cat?post=13484"},{"taxonomy":"product_tag","embeddable":true,"href":"https:\/\/adflow.agency\/de\/wp-json\/wp\/v2\/product_tag?post=13484"}],"curies":[{"name":"wp","href":"https:\/\/api.w.org\/{rel}","templated":true}]}}