{"id":13485,"date":"2020-06-15T14:16:28","date_gmt":"2020-06-15T12:16:28","guid":{"rendered":"https:\/\/adflow.agency\/product\/antriebssatz-fuer-kavo-m25l\/"},"modified":"2026-02-24T11:25:25","modified_gmt":"2026-02-24T10:25:25","slug":"antriebssatz-fuer-kavo-m25l","status":"publish","type":"product","link":"https:\/\/adflow.agency\/de\/product\/antriebssatz-fuer-kavo-m25l\/","title":{"rendered":"Antriebssatz f\u00fcr KaVo M25L"},"content":{"rendered":"","protected":false},"excerpt":{"rendered":"<ul>\n<li>Antriebssatz, bestehend aus Kopfrotorkartusche, Zwischenwelle und Leerlaufwelle f\u00fcr KaVo M25L Winkelst\u00fcck<\/li>\n<li>Alternative f\u00fcr KaVo REF. 1.011.7479 (1.011.0129 f\u00fcr Kartusche, 1.001.3515 f\u00fcr Zwischenwelle und 1.001.3519 f\u00fcr Leerlaufwelle)<\/li>\n<li>Jeder Satz wird gr\u00fcndlich in einem Handst\u00fcck getestet<\/li>\n<li>12 Monate Garantie<\/li>\n<li>Hergestellt in Deutschland<\/li>\n<\/ul>\n","protected":false},"featured_media":4121,"comment_status":"closed","ping_status":"closed","template":"","meta":{"inline_featured_image":false,"_uag_custom_page_level_css":""},"product_brand":[],"product_cat":[1145],"product_tag":[1226],"class_list":{"0":"post-13485","1":"product","2":"type-product","3":"status-publish","4":"has-post-thumbnail","6":"product_cat-kavo-bundel","7":"product_tag-kavo-m25l","9":"first","10":"instock","11":"taxable","12":"shipping-taxable","13":"product-type-simple"},"acf":[],"uagb_featured_image_src":{"full":["https:\/\/adflow.agency\/wp-content\/uploads\/2020\/06\/A10566.0-M25L-set-scaled.jpg",2665,2268,false],"thumbnail":["https:\/\/adflow.agency\/wp-content\/uploads\/2020\/06\/A10566.0-M25L-set-250x200.jpg",250,200,true],"medium":["https:\/\/adflow.agency\/wp-content\/uploads\/2020\/06\/A10566.0-M25L-set-353x300.jpg",353,300,true],"medium_large":["https:\/\/adflow.agency\/wp-content\/uploads\/2020\/06\/A10566.0-M25L-set-768x654.jpg",768,654,true],"large":["https:\/\/adflow.agency\/wp-content\/uploads\/2020\/06\/A10566.0-M25L-set-1410x1200.jpg",1410,1200,true],"1536x1536":["https:\/\/adflow.agency\/wp-content\/uploads\/2020\/06\/A10566.0-M25L-set-scaled.jpg",1536,1307,false],"2048x2048":["https:\/\/adflow.agency\/wp-content\/uploads\/2020\/06\/A10566.0-M25L-set-scaled.jpg",2048,1743,false],"woocommerce_thumbnail":["https:\/\/adflow.agency\/wp-content\/uploads\/2020\/06\/A10566.0-M25L-set-247x247.jpg",247,247,true],"woocommerce_single":["https:\/\/adflow.agency\/wp-content\/uploads\/2020\/06\/A10566.0-M25L-set-510x434.jpg",510,434,true],"woocommerce_gallery_thumbnail":["https:\/\/adflow.agency\/wp-content\/uploads\/2020\/06\/A10566.0-M25L-set-100x100.jpg",100,100,true]},"uagb_author_info":{"display_name":"aden_admin","author_link":"https:\/\/adflow.agency\/de\/author\/"},"uagb_comment_info":0,"uagb_excerpt":"Antriebssatz, bestehend aus Kopfrotorkartusche, Zwischenwelle und Leerlaufwelle f\u00fcr KaVo M25L Winkelst\u00fcck Alternative f\u00fcr KaVo REF. 1.011.7479 (1.011.0129 f\u00fcr Kartusche, 1.001.3515 f\u00fcr Zwischenwelle und 1.001.3519 f\u00fcr Leerlaufwelle) Jeder Satz wird gr\u00fcndlich in einem Handst\u00fcck getestet 12 Monate Garantie Hergestellt in Deutschland","_links":{"self":[{"href":"https:\/\/adflow.agency\/de\/wp-json\/wp\/v2\/product\/13485","targetHints":{"allow":["GET"]}}],"collection":[{"href":"https:\/\/adflow.agency\/de\/wp-json\/wp\/v2\/product"}],"about":[{"href":"https:\/\/adflow.agency\/de\/wp-json\/wp\/v2\/types\/product"}],"replies":[{"embeddable":true,"href":"https:\/\/adflow.agency\/de\/wp-json\/wp\/v2\/comments?post=13485"}],"wp:featuredmedia":[{"embeddable":true,"href":"https:\/\/adflow.agency\/de\/wp-json\/wp\/v2\/media\/4121"}],"wp:attachment":[{"href":"https:\/\/adflow.agency\/de\/wp-json\/wp\/v2\/media?parent=13485"}],"wp:term":[{"taxonomy":"product_brand","embeddable":true,"href":"https:\/\/adflow.agency\/de\/wp-json\/wp\/v2\/product_brand?post=13485"},{"taxonomy":"product_cat","embeddable":true,"href":"https:\/\/adflow.agency\/de\/wp-json\/wp\/v2\/product_cat?post=13485"},{"taxonomy":"product_tag","embeddable":true,"href":"https:\/\/adflow.agency\/de\/wp-json\/wp\/v2\/product_tag?post=13485"}],"curies":[{"name":"wp","href":"https:\/\/api.w.org\/{rel}","templated":true}]}}