{"id":13488,"date":"2020-09-24T12:58:54","date_gmt":"2020-09-24T10:58:54","guid":{"rendered":"https:\/\/adflow.agency\/product\/rotor-turbine-tiz-su03-fuer-nsk-z900-oem-bauart\/"},"modified":"2026-02-24T11:25:33","modified_gmt":"2026-02-24T10:25:33","slug":"rotor-turbine-tiz-su03-fuer-nsk-z900-oem-bauart","status":"publish","type":"product","link":"https:\/\/adflow.agency\/de\/product\/rotor-turbine-tiz-su03-fuer-nsk-z900-oem-bauart\/","title":{"rendered":"Rotor\/Turbine TiZ-SU03 f\u00fcr NSK Z900 (OEM-Bauart)"},"content":{"rendered":"","protected":false},"excerpt":{"rendered":"<ul>\n<li>Kompletter Rotor\/Turbine TiZ-SU03 OEM-Bauart f\u00fcr NSK Ti-Max Z900 Turbinenhandst\u00fcck<\/li>\n<li>Hergestellt mit deutschen Hochpr\u00e4zisions-Keramik-Schr\u00e4gkugellagern. Diese Lager sind exakt die gleichen, die auch vom Originalhersteller verwendet werden. Eine g\u00fcnstigere Option finden Sie unter A10571.1.  <\/li>\n<li>Alternative f\u00fcr NSK REF. Y1002076<\/li>\n<li>Produkt wird mit 2x O-Ringen und 2x Unterlegscheiben geliefert<\/li>\n<li>12 Monate Garantie<\/li>\n<li>Hergestellt in Deutschland<\/li>\n<\/ul>\n","protected":false},"featured_media":4217,"comment_status":"open","ping_status":"closed","template":"","meta":{"inline_featured_image":false,"_uag_custom_page_level_css":""},"product_brand":[],"product_cat":[1138,1165],"product_tag":[1191],"class_list":{"0":"post-13488","1":"product","2":"type-product","3":"status-publish","4":"has-post-thumbnail","6":"product_cat-angebot","7":"product_cat-nsk-turbinen","8":"product_tag-nsk-z900","10":"first","11":"instock","12":"taxable","13":"shipping-taxable","14":"product-type-simple"},"acf":[],"uagb_featured_image_src":{"full":["https:\/\/adflow.agency\/wp-content\/uploads\/2020\/09\/A10571.0-Rotor-Z900-premium.jpg",2526,1971,false],"thumbnail":["https:\/\/adflow.agency\/wp-content\/uploads\/2020\/09\/A10571.0-Rotor-Z900-premium.jpg",250,195,false],"medium":["https:\/\/adflow.agency\/wp-content\/uploads\/2020\/09\/A10571.0-Rotor-Z900-premium.jpg",384,300,false],"medium_large":["https:\/\/adflow.agency\/wp-content\/uploads\/2020\/09\/A10571.0-Rotor-Z900-premium.jpg",768,599,false],"large":["https:\/\/adflow.agency\/wp-content\/uploads\/2020\/09\/A10571.0-Rotor-Z900-premium.jpg",1538,1200,false],"1536x1536":["https:\/\/adflow.agency\/wp-content\/uploads\/2020\/09\/A10571.0-Rotor-Z900-premium.jpg",1536,1199,false],"2048x2048":["https:\/\/adflow.agency\/wp-content\/uploads\/2020\/09\/A10571.0-Rotor-Z900-premium.jpg",2048,1598,false],"woocommerce_thumbnail":["https:\/\/adflow.agency\/wp-content\/uploads\/2020\/09\/A10571.0-Rotor-Z900-premium-247x247.jpg",247,247,true],"woocommerce_single":["https:\/\/adflow.agency\/wp-content\/uploads\/2020\/09\/A10571.0-Rotor-Z900-premium.jpg",510,398,false],"woocommerce_gallery_thumbnail":["https:\/\/adflow.agency\/wp-content\/uploads\/2020\/09\/A10571.0-Rotor-Z900-premium-100x100.jpg",100,100,true]},"uagb_author_info":{"display_name":"aden_admin","author_link":"https:\/\/adflow.agency\/de\/author\/"},"uagb_comment_info":0,"uagb_excerpt":"Kompletter Rotor\/Turbine TiZ-SU03 OEM-Bauart f\u00fcr NSK Ti-Max Z900 Turbinenhandst\u00fcck Hergestellt mit deutschen Hochpr\u00e4zisions-Keramik-Schr\u00e4gkugellagern. Diese Lager sind exakt die gleichen, die auch vom Originalhersteller verwendet werden. Eine g\u00fcnstigere Option finden Sie unter A10571.1. Alternative f\u00fcr NSK REF. Y1002076 Produkt wird mit 2x O-Ringen und 2x Unterlegscheiben geliefert 12 Monate Garantie Hergestellt in Deutschland","_links":{"self":[{"href":"https:\/\/adflow.agency\/de\/wp-json\/wp\/v2\/product\/13488","targetHints":{"allow":["GET"]}}],"collection":[{"href":"https:\/\/adflow.agency\/de\/wp-json\/wp\/v2\/product"}],"about":[{"href":"https:\/\/adflow.agency\/de\/wp-json\/wp\/v2\/types\/product"}],"replies":[{"embeddable":true,"href":"https:\/\/adflow.agency\/de\/wp-json\/wp\/v2\/comments?post=13488"}],"wp:featuredmedia":[{"embeddable":true,"href":"https:\/\/adflow.agency\/de\/wp-json\/wp\/v2\/media\/4217"}],"wp:attachment":[{"href":"https:\/\/adflow.agency\/de\/wp-json\/wp\/v2\/media?parent=13488"}],"wp:term":[{"taxonomy":"product_brand","embeddable":true,"href":"https:\/\/adflow.agency\/de\/wp-json\/wp\/v2\/product_brand?post=13488"},{"taxonomy":"product_cat","embeddable":true,"href":"https:\/\/adflow.agency\/de\/wp-json\/wp\/v2\/product_cat?post=13488"},{"taxonomy":"product_tag","embeddable":true,"href":"https:\/\/adflow.agency\/de\/wp-json\/wp\/v2\/product_tag?post=13488"}],"curies":[{"name":"wp","href":"https:\/\/api.w.org\/{rel}","templated":true}]}}