{"id":13490,"date":"2020-07-23T11:58:13","date_gmt":"2020-07-23T09:58:13","guid":{"rendered":"https:\/\/adflow.agency\/product\/spruehadapter-fuer-nsk\/"},"modified":"2026-02-24T11:25:29","modified_gmt":"2026-02-24T10:25:29","slug":"spruehadapter-fuer-nsk","status":"publish","type":"product","link":"https:\/\/adflow.agency\/de\/product\/spruehadapter-fuer-nsk\/","title":{"rendered":"Spr\u00fchadapter f\u00fcr NSK"},"content":{"rendered":"","protected":false},"excerpt":{"rendered":"<ul>\n<li>Spr\u00fchadapter f\u00fcr Spr\u00fchkopf ADENSYS Dentalpflege\u00f6l<\/li>\n<li>Zur Schmierung von NSK-Turbinenkupplungen<\/li>\n<\/ul>\n","protected":false},"featured_media":4163,"comment_status":"open","ping_status":"closed","template":"","meta":{"inline_featured_image":false,"_uag_custom_page_level_css":""},"product_brand":[],"product_cat":[1180],"product_tag":[1250,1134],"class_list":{"0":"post-13490","1":"product","2":"type-product","3":"status-publish","4":"has-post-thumbnail","6":"product_cat-dentalol","7":"product_tag-nsk","8":"product_tag-oel","10":"first","11":"instock","12":"taxable","13":"shipping-taxable","14":"product-type-simple"},"acf":[],"uagb_featured_image_src":{"full":["https:\/\/adflow.agency\/wp-content\/uploads\/2020\/07\/W10795-AD-NSK-scaled.jpg",3129,2660,false],"thumbnail":["https:\/\/adflow.agency\/wp-content\/uploads\/2020\/07\/W10795-AD-NSK-250x200.jpg",250,200,true],"medium":["https:\/\/adflow.agency\/wp-content\/uploads\/2020\/07\/W10795-AD-NSK-353x300.jpg",353,300,true],"medium_large":["https:\/\/adflow.agency\/wp-content\/uploads\/2020\/07\/W10795-AD-NSK-768x653.jpg",768,653,true],"large":["https:\/\/adflow.agency\/wp-content\/uploads\/2020\/07\/W10795-AD-NSK-1412x1200.jpg",1412,1200,true],"1536x1536":["https:\/\/adflow.agency\/wp-content\/uploads\/2020\/07\/W10795-AD-NSK-scaled.jpg",1536,1306,false],"2048x2048":["https:\/\/adflow.agency\/wp-content\/uploads\/2020\/07\/W10795-AD-NSK-scaled.jpg",2048,1741,false],"woocommerce_thumbnail":["https:\/\/adflow.agency\/wp-content\/uploads\/2020\/07\/W10795-AD-NSK-247x247.jpg",247,247,true],"woocommerce_single":["https:\/\/adflow.agency\/wp-content\/uploads\/2020\/07\/W10795-AD-NSK-510x434.jpg",510,434,true],"woocommerce_gallery_thumbnail":["https:\/\/adflow.agency\/wp-content\/uploads\/2020\/07\/W10795-AD-NSK-100x100.jpg",100,100,true]},"uagb_author_info":{"display_name":"aden_admin","author_link":"https:\/\/adflow.agency\/de\/author\/"},"uagb_comment_info":0,"uagb_excerpt":"Spr\u00fchadapter f\u00fcr Spr\u00fchkopf ADENSYS Dentalpflege\u00f6l Zur Schmierung von NSK-Turbinenkupplungen","_links":{"self":[{"href":"https:\/\/adflow.agency\/de\/wp-json\/wp\/v2\/product\/13490","targetHints":{"allow":["GET"]}}],"collection":[{"href":"https:\/\/adflow.agency\/de\/wp-json\/wp\/v2\/product"}],"about":[{"href":"https:\/\/adflow.agency\/de\/wp-json\/wp\/v2\/types\/product"}],"replies":[{"embeddable":true,"href":"https:\/\/adflow.agency\/de\/wp-json\/wp\/v2\/comments?post=13490"}],"wp:featuredmedia":[{"embeddable":true,"href":"https:\/\/adflow.agency\/de\/wp-json\/wp\/v2\/media\/4163"}],"wp:attachment":[{"href":"https:\/\/adflow.agency\/de\/wp-json\/wp\/v2\/media?parent=13490"}],"wp:term":[{"taxonomy":"product_brand","embeddable":true,"href":"https:\/\/adflow.agency\/de\/wp-json\/wp\/v2\/product_brand?post=13490"},{"taxonomy":"product_cat","embeddable":true,"href":"https:\/\/adflow.agency\/de\/wp-json\/wp\/v2\/product_cat?post=13490"},{"taxonomy":"product_tag","embeddable":true,"href":"https:\/\/adflow.agency\/de\/wp-json\/wp\/v2\/product_tag?post=13490"}],"curies":[{"name":"wp","href":"https:\/\/api.w.org\/{rel}","templated":true}]}}