{"id":13491,"date":"2020-09-24T13:07:02","date_gmt":"2020-09-24T11:07:02","guid":{"rendered":"https:\/\/adflow.agency\/product\/kombination-fuer-nsk-z900-adensys-stil\/"},"modified":"2026-02-24T11:25:29","modified_gmt":"2026-02-24T10:25:29","slug":"kombination-fuer-nsk-z900-adensys-stil","status":"publish","type":"product","link":"https:\/\/adflow.agency\/de\/product\/kombination-fuer-nsk-z900-adensys-stil\/","title":{"rendered":"Kombination f\u00fcr NSK Z900 (ADENSYS-Stil)"},"content":{"rendered":"","protected":false},"excerpt":{"rendered":"<ul>\n<li>Ausgewogene Spindel-\/Laufrad-Baugruppe f\u00fcr NSK Ti-Max Z900 Turbinenhandst\u00fcck<\/li>\n<li>Der ADENSYS Schleuderring A10841.0 ist beim Kauf dieser Kombination erforderlich. Der OEM-Schleuderring passt nicht. <\/li>\n<li>Lager\/Zubeh\u00f6r sind vom Kunden zu liefern und zu montieren<\/li>\n<li>Bitte beachten Sie, dass diese Kombination speziell f\u00fcr von ADENSYS ausgew\u00e4hlte Lager ausgelegt ist. Weitere Details finden Sie in der Explosionsansicht in der Produktbildergalerie. <\/li>\n<li>12 Monate Garantie<\/li>\n<li>Hergestellt in Deutschland<\/li>\n<\/ul>\n","protected":false},"featured_media":4219,"comment_status":"closed","ping_status":"closed","template":"","meta":{"inline_featured_image":false,"_uag_custom_page_level_css":""},"product_brand":[],"product_cat":[1213],"product_tag":[1191],"class_list":{"0":"post-13491","1":"product","2":"type-product","3":"status-publish","4":"has-post-thumbnail","6":"product_cat-nsk-kombinationen","7":"product_tag-nsk-z900","9":"first","10":"instock","11":"taxable","12":"shipping-taxable","13":"product-type-simple"},"acf":[],"uagb_featured_image_src":{"full":["https:\/\/adflow.agency\/wp-content\/uploads\/2020\/09\/A10569.0-Combo-Z900-scaled.jpg",2605,2004,false],"thumbnail":["https:\/\/adflow.agency\/wp-content\/uploads\/2020\/09\/A10569.0-Combo-Z900-250x200.jpg",250,200,true],"medium":["https:\/\/adflow.agency\/wp-content\/uploads\/2020\/09\/A10569.0-Combo-Z900-390x300.jpg",390,300,true],"medium_large":["https:\/\/adflow.agency\/wp-content\/uploads\/2020\/09\/A10569.0-Combo-Z900-768x591.jpg",768,591,true],"large":["https:\/\/adflow.agency\/wp-content\/uploads\/2020\/09\/A10569.0-Combo-Z900-1560x1200.jpg",1560,1200,true],"1536x1536":["https:\/\/adflow.agency\/wp-content\/uploads\/2020\/09\/A10569.0-Combo-Z900-scaled.jpg",1536,1182,false],"2048x2048":["https:\/\/adflow.agency\/wp-content\/uploads\/2020\/09\/A10569.0-Combo-Z900-scaled.jpg",2048,1576,false],"woocommerce_thumbnail":["https:\/\/adflow.agency\/wp-content\/uploads\/2020\/09\/A10569.0-Combo-Z900-247x247.jpg",247,247,true],"woocommerce_single":["https:\/\/adflow.agency\/wp-content\/uploads\/2020\/09\/A10569.0-Combo-Z900-510x392.jpg",510,392,true],"woocommerce_gallery_thumbnail":["https:\/\/adflow.agency\/wp-content\/uploads\/2020\/09\/A10569.0-Combo-Z900-100x100.jpg",100,100,true]},"uagb_author_info":{"display_name":"aden_admin","author_link":"https:\/\/adflow.agency\/de\/author\/"},"uagb_comment_info":0,"uagb_excerpt":"Ausgewogene Spindel-\/Laufrad-Baugruppe f\u00fcr NSK Ti-Max Z900 Turbinenhandst\u00fcck Der ADENSYS Schleuderring A10841.0 ist beim Kauf dieser Kombination erforderlich. Der OEM-Schleuderring passt nicht. Lager\/Zubeh\u00f6r sind vom Kunden zu liefern und zu montieren Bitte beachten Sie, dass diese Kombination speziell f\u00fcr von ADENSYS ausgew\u00e4hlte Lager ausgelegt ist. Weitere Details finden Sie in der Explosionsansicht in der Produktbildergalerie. 12&hellip;","_links":{"self":[{"href":"https:\/\/adflow.agency\/de\/wp-json\/wp\/v2\/product\/13491","targetHints":{"allow":["GET"]}}],"collection":[{"href":"https:\/\/adflow.agency\/de\/wp-json\/wp\/v2\/product"}],"about":[{"href":"https:\/\/adflow.agency\/de\/wp-json\/wp\/v2\/types\/product"}],"replies":[{"embeddable":true,"href":"https:\/\/adflow.agency\/de\/wp-json\/wp\/v2\/comments?post=13491"}],"wp:featuredmedia":[{"embeddable":true,"href":"https:\/\/adflow.agency\/de\/wp-json\/wp\/v2\/media\/4219"}],"wp:attachment":[{"href":"https:\/\/adflow.agency\/de\/wp-json\/wp\/v2\/media?parent=13491"}],"wp:term":[{"taxonomy":"product_brand","embeddable":true,"href":"https:\/\/adflow.agency\/de\/wp-json\/wp\/v2\/product_brand?post=13491"},{"taxonomy":"product_cat","embeddable":true,"href":"https:\/\/adflow.agency\/de\/wp-json\/wp\/v2\/product_cat?post=13491"},{"taxonomy":"product_tag","embeddable":true,"href":"https:\/\/adflow.agency\/de\/wp-json\/wp\/v2\/product_tag?post=13491"}],"curies":[{"name":"wp","href":"https:\/\/api.w.org\/{rel}","templated":true}]}}