{"id":13492,"date":"2019-11-06T13:19:45","date_gmt":"2019-11-06T12:19:45","guid":{"rendered":"https:\/\/adflow.agency\/product\/keramik-schraegkugellager-3175-x-635-x-238\/"},"modified":"2026-02-24T11:25:19","modified_gmt":"2026-02-24T10:25:19","slug":"keramik-schraegkugellager-3175-x-635-x-238","status":"publish","type":"product","link":"https:\/\/adflow.agency\/de\/product\/keramik-schraegkugellager-3175-x-635-x-238\/","title":{"rendered":"Keramik-Schr\u00e4gkugellager, 3,175 x 6,35 x 2,38"},"content":{"rendered":"","protected":false},"excerpt":{"rendered":"<ul>\n<li>Keramisches Pr\u00e4zisions-Schr\u00e4gkugellager<\/li>\n<li>Abmessungen: 3,175 x 6,35 x 2,38<\/li>\n<li>Zur Verwendung unter anderem auf bestimmten NSK-Rotoren<\/li>\n<li>Qualit\u00e4tsstufe: ISO P4P, ABEC 7\/9<\/li>\n<li>Hergestellt in Japan<\/li>\n<\/ul>\n","protected":false},"featured_media":3908,"comment_status":"closed","ping_status":"closed","template":"","meta":{"inline_featured_image":false,"_uag_custom_page_level_css":""},"product_brand":[],"product_cat":[1155],"product_tag":[1250],"class_list":{"0":"post-13492","1":"product","2":"type-product","3":"status-publish","4":"has-post-thumbnail","6":"product_cat-lager","7":"product_tag-nsk","9":"first","10":"instock","11":"taxable","12":"shipping-taxable","13":"product-type-simple"},"acf":[],"uagb_featured_image_src":{"full":["https:\/\/adflow.agency\/wp-content\/uploads\/2019\/11\/A10295-P10097.jpg",1542,1476,false],"thumbnail":["https:\/\/adflow.agency\/wp-content\/uploads\/2019\/11\/A10295-P10097.jpg",209,200,false],"medium":["https:\/\/adflow.agency\/wp-content\/uploads\/2019\/11\/A10295-P10097.jpg",313,300,false],"medium_large":["https:\/\/adflow.agency\/wp-content\/uploads\/2019\/11\/A10295-P10097.jpg",768,735,false],"large":["https:\/\/adflow.agency\/wp-content\/uploads\/2019\/11\/A10295-P10097.jpg",1254,1200,false],"1536x1536":["https:\/\/adflow.agency\/wp-content\/uploads\/2019\/11\/A10295-P10097.jpg",1536,1470,false],"2048x2048":["https:\/\/adflow.agency\/wp-content\/uploads\/2019\/11\/A10295-P10097.jpg",1542,1476,false],"woocommerce_thumbnail":["https:\/\/adflow.agency\/wp-content\/uploads\/2019\/11\/A10295-P10097-247x247.jpg",247,247,true],"woocommerce_single":["https:\/\/adflow.agency\/wp-content\/uploads\/2019\/11\/A10295-P10097.jpg",510,488,false],"woocommerce_gallery_thumbnail":["https:\/\/adflow.agency\/wp-content\/uploads\/2019\/11\/A10295-P10097-100x100.jpg",100,100,true]},"uagb_author_info":{"display_name":"aden_admin","author_link":"https:\/\/adflow.agency\/de\/author\/"},"uagb_comment_info":0,"uagb_excerpt":"Keramisches Pr\u00e4zisions-Schr\u00e4gkugellager Abmessungen: 3,175 x 6,35 x 2,38 Zur Verwendung unter anderem auf bestimmten NSK-Rotoren Qualit\u00e4tsstufe: ISO P4P, ABEC 7\/9 Hergestellt in Japan","_links":{"self":[{"href":"https:\/\/adflow.agency\/de\/wp-json\/wp\/v2\/product\/13492","targetHints":{"allow":["GET"]}}],"collection":[{"href":"https:\/\/adflow.agency\/de\/wp-json\/wp\/v2\/product"}],"about":[{"href":"https:\/\/adflow.agency\/de\/wp-json\/wp\/v2\/types\/product"}],"replies":[{"embeddable":true,"href":"https:\/\/adflow.agency\/de\/wp-json\/wp\/v2\/comments?post=13492"}],"wp:featuredmedia":[{"embeddable":true,"href":"https:\/\/adflow.agency\/de\/wp-json\/wp\/v2\/media\/3908"}],"wp:attachment":[{"href":"https:\/\/adflow.agency\/de\/wp-json\/wp\/v2\/media?parent=13492"}],"wp:term":[{"taxonomy":"product_brand","embeddable":true,"href":"https:\/\/adflow.agency\/de\/wp-json\/wp\/v2\/product_brand?post=13492"},{"taxonomy":"product_cat","embeddable":true,"href":"https:\/\/adflow.agency\/de\/wp-json\/wp\/v2\/product_cat?post=13492"},{"taxonomy":"product_tag","embeddable":true,"href":"https:\/\/adflow.agency\/de\/wp-json\/wp\/v2\/product_tag?post=13492"}],"curies":[{"name":"wp","href":"https:\/\/api.w.org\/{rel}","templated":true}]}}