{"id":13496,"date":"2019-11-22T14:03:06","date_gmt":"2019-11-22T13:03:06","guid":{"rendered":"https:\/\/adflow.agency\/product\/rotor-turbine-fuer-sirona-t1-control-cs-600-000\/"},"modified":"2026-02-24T11:25:19","modified_gmt":"2026-02-24T10:25:19","slug":"rotor-turbine-fuer-sirona-t1-control-cs-600-000","status":"publish","type":"product","link":"https:\/\/adflow.agency\/de\/product\/rotor-turbine-fuer-sirona-t1-control-cs-600-000\/","title":{"rendered":"Rotor\/Turbine f\u00fcr Sirona T1 Control CS [600 000<sn><\/sn>"},"content":{"rendered":"","protected":false},"excerpt":{"rendered":"<ul>\n<li>Kompletter Rotor\/Turbine f\u00fcr Sirona T1 Control CS [600 000 &lt; SN &lt; 800 000] Turbinenhandst\u00fcck<\/li>\n<li>Hergestellt mit deutschen Hochpr\u00e4zisions-Radialkeramiklagern<\/li>\n<li>Alternative f\u00fcr REF. 64 32 608<\/li>\n<li>Produkt wird mit 2x O-Ringen, 2x Wellscheiben und 2x Distanzscheiben geliefert<\/li>\n<li>12 Monate Garantie<\/li>\n<li>Hergestellt in Deutschland<\/li>\n<\/ul>\n","protected":false},"featured_media":2458,"comment_status":"open","ping_status":"closed","template":"","meta":{"inline_featured_image":false,"_uag_custom_page_level_css":""},"product_brand":[],"product_cat":[1138,1298],"product_tag":[1199],"class_list":{"0":"post-13496","1":"product","2":"type-product","3":"status-publish","4":"has-post-thumbnail","6":"product_cat-angebot","7":"product_cat-sirona-turbinen","8":"product_tag-sirona-t1-control-cs","10":"first","11":"instock","12":"taxable","13":"shipping-taxable","14":"product-type-simple"},"acf":[],"uagb_featured_image_src":{"full":["https:\/\/adflow.agency\/wp-content\/uploads\/2016\/12\/Si-T2C-Ca.jpg",2340,2004,false],"thumbnail":["https:\/\/adflow.agency\/wp-content\/uploads\/2016\/12\/Si-T2C-Ca.jpg",234,200,false],"medium":["https:\/\/adflow.agency\/wp-content\/uploads\/2016\/12\/Si-T2C-Ca.jpg",350,300,false],"medium_large":["https:\/\/adflow.agency\/wp-content\/uploads\/2016\/12\/Si-T2C-Ca.jpg",768,658,false],"large":["https:\/\/adflow.agency\/wp-content\/uploads\/2016\/12\/Si-T2C-Ca.jpg",1401,1200,false],"1536x1536":["https:\/\/adflow.agency\/wp-content\/uploads\/2016\/12\/Si-T2C-Ca.jpg",1536,1315,false],"2048x2048":["https:\/\/adflow.agency\/wp-content\/uploads\/2016\/12\/Si-T2C-Ca.jpg",2048,1754,false],"woocommerce_thumbnail":["https:\/\/adflow.agency\/wp-content\/uploads\/2016\/12\/Si-T2C-Ca-247x247.jpg",247,247,true],"woocommerce_single":["https:\/\/adflow.agency\/wp-content\/uploads\/2016\/12\/Si-T2C-Ca.jpg",510,437,false],"woocommerce_gallery_thumbnail":["https:\/\/adflow.agency\/wp-content\/uploads\/2016\/12\/Si-T2C-Ca-100x100.jpg",100,100,true]},"uagb_author_info":{"display_name":"aden_admin","author_link":"https:\/\/adflow.agency\/de\/author\/"},"uagb_comment_info":0,"uagb_excerpt":"Kompletter Rotor\/Turbine f\u00fcr Sirona T1 Control CS [600 000 &lt; SN &lt; 800 000] Turbinenhandst\u00fcck Hergestellt mit deutschen Hochpr\u00e4zisions-Radialkeramiklagern Alternative f\u00fcr REF. 64 32 608 Produkt wird mit 2x O-Ringen, 2x Wellscheiben und 2x Distanzscheiben geliefert 12 Monate Garantie Hergestellt in Deutschland","_links":{"self":[{"href":"https:\/\/adflow.agency\/de\/wp-json\/wp\/v2\/product\/13496","targetHints":{"allow":["GET"]}}],"collection":[{"href":"https:\/\/adflow.agency\/de\/wp-json\/wp\/v2\/product"}],"about":[{"href":"https:\/\/adflow.agency\/de\/wp-json\/wp\/v2\/types\/product"}],"replies":[{"embeddable":true,"href":"https:\/\/adflow.agency\/de\/wp-json\/wp\/v2\/comments?post=13496"}],"wp:featuredmedia":[{"embeddable":true,"href":"https:\/\/adflow.agency\/de\/wp-json\/wp\/v2\/media\/2458"}],"wp:attachment":[{"href":"https:\/\/adflow.agency\/de\/wp-json\/wp\/v2\/media?parent=13496"}],"wp:term":[{"taxonomy":"product_brand","embeddable":true,"href":"https:\/\/adflow.agency\/de\/wp-json\/wp\/v2\/product_brand?post=13496"},{"taxonomy":"product_cat","embeddable":true,"href":"https:\/\/adflow.agency\/de\/wp-json\/wp\/v2\/product_cat?post=13496"},{"taxonomy":"product_tag","embeddable":true,"href":"https:\/\/adflow.agency\/de\/wp-json\/wp\/v2\/product_tag?post=13496"}],"curies":[{"name":"wp","href":"https:\/\/api.w.org\/{rel}","templated":true}]}}