{"id":13498,"date":"2019-06-11T11:53:20","date_gmt":"2019-06-11T09:53:20","guid":{"rendered":"https:\/\/adflow.agency\/product\/kopfrotor-kartusche-fuer-sirona-c200l-o87-midwest-e-plus-e-pro-b-a-int-200lts-250lt\/"},"modified":"2026-02-24T11:25:17","modified_gmt":"2026-02-24T10:25:17","slug":"kopfrotor-kartusche-fuer-sirona-c200l-o87-midwest-e-plus-e-pro-b-a-int-200lts-250lt","status":"publish","type":"product","link":"https:\/\/adflow.agency\/de\/product\/kopfrotor-kartusche-fuer-sirona-c200l-o87-midwest-e-plus-e-pro-b-a-int-200lts-250lt\/","title":{"rendered":"Kopfrotor\/Kartusche f\u00fcr Sirona C200L \u00d88,7 \/ Midwest E Plus\/E Pro \/ B.A. Int. 200LTS\/250LT"},"content":{"rendered":"","protected":false},"excerpt":{"rendered":"<ul>\n<li>Kompletter Kopfst\u00fcckrotor\/Kartusche f\u00fcr Sirona C200L \u00d88,7 mm \/ Midwest E Plus\/E Pro \/ B.A. International 200LTS\/250LT Winkelst\u00fcck<\/li>\n<li>Hergestellt mit deutschen Hochpr\u00e4zisions-Radialkeramiklagern<\/li>\n<li>Alternative f\u00fcr Sirona REF. 64 14 457<\/li>\n<li>Bitte beachten Sie, dass diese Kartusche nur f\u00fcr die neuere Generation Sirona C200L (SN &gt; 68381, Z13 \u00d88,7) passt<\/li>\n<li>Jede Kartusche wird gr\u00fcndlich in einem Handst\u00fcck getestet<\/li>\n<li>12 Monate Garantie<\/li>\n<li>Hergestellt in Deutschland<\/li>\n<\/ul>\n","protected":false},"featured_media":3828,"comment_status":"closed","ping_status":"closed","template":"","meta":{"inline_featured_image":false,"_uag_custom_page_level_css":""},"product_brand":[],"product_cat":[1311,1279,1287],"product_tag":[1215,1288,1185],"class_list":{"0":"post-13498","1":"product","2":"type-product","3":"status-publish","4":"has-post-thumbnail","6":"product_cat-b-a-international-rotoren-cartridges","7":"product_cat-midwest-rotoren-cartridges","8":"product_cat-sirona-rotoren-cartridges","9":"product_tag-midwest-e-plus","10":"product_tag-midwest-e-pro","11":"product_tag-sirona-a-c-s-200-l-o87","13":"first","14":"instock","15":"taxable","16":"shipping-taxable","17":"product-type-simple"},"acf":[],"uagb_featured_image_src":{"full":["https:\/\/adflow.agency\/wp-content\/uploads\/2019\/06\/A10090.0-Sirona-C200L-8.7-back.jpg",1823,1535,false],"thumbnail":["https:\/\/adflow.agency\/wp-content\/uploads\/2019\/06\/A10090.0-Sirona-C200L-8.7-back.jpg",238,200,false],"medium":["https:\/\/adflow.agency\/wp-content\/uploads\/2019\/06\/A10090.0-Sirona-C200L-8.7-back.jpg",356,300,false],"medium_large":["https:\/\/adflow.agency\/wp-content\/uploads\/2019\/06\/A10090.0-Sirona-C200L-8.7-back.jpg",768,647,false],"large":["https:\/\/adflow.agency\/wp-content\/uploads\/2019\/06\/A10090.0-Sirona-C200L-8.7-back.jpg",1425,1200,false],"1536x1536":["https:\/\/adflow.agency\/wp-content\/uploads\/2019\/06\/A10090.0-Sirona-C200L-8.7-back.jpg",1536,1293,false],"2048x2048":["https:\/\/adflow.agency\/wp-content\/uploads\/2019\/06\/A10090.0-Sirona-C200L-8.7-back.jpg",1823,1535,false],"woocommerce_thumbnail":["https:\/\/adflow.agency\/wp-content\/uploads\/2019\/06\/A10090.0-Sirona-C200L-8.7-back-247x247.jpg",247,247,true],"woocommerce_single":["https:\/\/adflow.agency\/wp-content\/uploads\/2019\/06\/A10090.0-Sirona-C200L-8.7-back.jpg",510,429,false],"woocommerce_gallery_thumbnail":["https:\/\/adflow.agency\/wp-content\/uploads\/2019\/06\/A10090.0-Sirona-C200L-8.7-back-100x100.jpg",100,100,true]},"uagb_author_info":{"display_name":"aden_admin","author_link":"https:\/\/adflow.agency\/de\/author\/"},"uagb_comment_info":0,"uagb_excerpt":"Kompletter Kopfst\u00fcckrotor\/Kartusche f\u00fcr Sirona C200L \u00d88,7 mm \/ Midwest E Plus\/E Pro \/ B.A. International 200LTS\/250LT Winkelst\u00fcck Hergestellt mit deutschen Hochpr\u00e4zisions-Radialkeramiklagern Alternative f\u00fcr Sirona REF. 64 14 457 Bitte beachten Sie, dass diese Kartusche nur f\u00fcr die neuere Generation Sirona C200L (SN &gt; 68381, Z13 \u00d88,7) passt Jede Kartusche wird gr\u00fcndlich in einem Handst\u00fcck getestet&hellip;","_links":{"self":[{"href":"https:\/\/adflow.agency\/de\/wp-json\/wp\/v2\/product\/13498","targetHints":{"allow":["GET"]}}],"collection":[{"href":"https:\/\/adflow.agency\/de\/wp-json\/wp\/v2\/product"}],"about":[{"href":"https:\/\/adflow.agency\/de\/wp-json\/wp\/v2\/types\/product"}],"replies":[{"embeddable":true,"href":"https:\/\/adflow.agency\/de\/wp-json\/wp\/v2\/comments?post=13498"}],"wp:featuredmedia":[{"embeddable":true,"href":"https:\/\/adflow.agency\/de\/wp-json\/wp\/v2\/media\/3828"}],"wp:attachment":[{"href":"https:\/\/adflow.agency\/de\/wp-json\/wp\/v2\/media?parent=13498"}],"wp:term":[{"taxonomy":"product_brand","embeddable":true,"href":"https:\/\/adflow.agency\/de\/wp-json\/wp\/v2\/product_brand?post=13498"},{"taxonomy":"product_cat","embeddable":true,"href":"https:\/\/adflow.agency\/de\/wp-json\/wp\/v2\/product_cat?post=13498"},{"taxonomy":"product_tag","embeddable":true,"href":"https:\/\/adflow.agency\/de\/wp-json\/wp\/v2\/product_tag?post=13498"}],"curies":[{"name":"wp","href":"https:\/\/api.w.org\/{rel}","templated":true}]}}