{"id":13506,"date":"2019-02-19T17:23:48","date_gmt":"2019-02-19T16:23:48","guid":{"rendered":"https:\/\/adflow.agency\/product\/rotor-turbine-fuer-wh-te-95-te-98\/"},"modified":"2026-02-24T11:25:18","modified_gmt":"2026-02-24T10:25:18","slug":"rotor-turbine-fuer-wh-te-95-te-98","status":"publish","type":"product","link":"https:\/\/adflow.agency\/de\/product\/rotor-turbine-fuer-wh-te-95-te-98\/","title":{"rendered":"Rotor\/Turbine f\u00fcr WH TE-95\/TE-98"},"content":{"rendered":"","protected":false},"excerpt":{"rendered":"<ul>\n<li>Kompletter Rotor\/Turbine f\u00fcr WH TE-95 \/ TE-98 Turbinen-Handst\u00fccke<\/li>\n<li>Hergestellt mit deutschen Hochpr\u00e4zisions-Radialkeramiklagern<\/li>\n<li>Alternative f\u00fcr WH REF. 06787501<\/li>\n<li>12 Monate Garantie<\/li>\n<li>Hergestellt in Deutschland<\/li>\n<\/ul>\n","protected":false},"featured_media":3716,"comment_status":"closed","ping_status":"closed","template":"","meta":{"inline_featured_image":false,"_uag_custom_page_level_css":""},"product_brand":[],"product_cat":[1138,1303],"product_tag":[1200],"class_list":{"0":"post-13506","1":"product","2":"type-product","3":"status-publish","4":"has-post-thumbnail","6":"product_cat-angebot","7":"product_cat-wh-turbinen","8":"product_tag-wh-te-98-l","10":"first","11":"instock","12":"taxable","13":"shipping-taxable","14":"product-type-simple"},"acf":[],"uagb_featured_image_src":{"full":["https:\/\/adflow.agency\/wp-content\/uploads\/2019\/02\/A10558.0-Rotor-TE-98.jpg",1958,1675,false],"thumbnail":["https:\/\/adflow.agency\/wp-content\/uploads\/2019\/02\/A10558.0-Rotor-TE-98.jpg",234,200,false],"medium":["https:\/\/adflow.agency\/wp-content\/uploads\/2019\/02\/A10558.0-Rotor-TE-98.jpg",351,300,false],"medium_large":["https:\/\/adflow.agency\/wp-content\/uploads\/2019\/02\/A10558.0-Rotor-TE-98.jpg",768,657,false],"large":["https:\/\/adflow.agency\/wp-content\/uploads\/2019\/02\/A10558.0-Rotor-TE-98.jpg",1403,1200,false],"1536x1536":["https:\/\/adflow.agency\/wp-content\/uploads\/2019\/02\/A10558.0-Rotor-TE-98.jpg",1536,1314,false],"2048x2048":["https:\/\/adflow.agency\/wp-content\/uploads\/2019\/02\/A10558.0-Rotor-TE-98.jpg",1958,1675,false],"woocommerce_thumbnail":["https:\/\/adflow.agency\/wp-content\/uploads\/2019\/02\/A10558.0-Rotor-TE-98-247x247.jpg",247,247,true],"woocommerce_single":["https:\/\/adflow.agency\/wp-content\/uploads\/2019\/02\/A10558.0-Rotor-TE-98.jpg",510,436,false],"woocommerce_gallery_thumbnail":["https:\/\/adflow.agency\/wp-content\/uploads\/2019\/02\/A10558.0-Rotor-TE-98-100x100.jpg",100,100,true]},"uagb_author_info":{"display_name":"aden_admin","author_link":"https:\/\/adflow.agency\/de\/author\/"},"uagb_comment_info":0,"uagb_excerpt":"Kompletter Rotor\/Turbine f\u00fcr WH TE-95 \/ TE-98 Turbinen-Handst\u00fccke Hergestellt mit deutschen Hochpr\u00e4zisions-Radialkeramiklagern Alternative f\u00fcr WH REF. 06787501 12 Monate Garantie Hergestellt in Deutschland","_links":{"self":[{"href":"https:\/\/adflow.agency\/de\/wp-json\/wp\/v2\/product\/13506","targetHints":{"allow":["GET"]}}],"collection":[{"href":"https:\/\/adflow.agency\/de\/wp-json\/wp\/v2\/product"}],"about":[{"href":"https:\/\/adflow.agency\/de\/wp-json\/wp\/v2\/types\/product"}],"replies":[{"embeddable":true,"href":"https:\/\/adflow.agency\/de\/wp-json\/wp\/v2\/comments?post=13506"}],"wp:featuredmedia":[{"embeddable":true,"href":"https:\/\/adflow.agency\/de\/wp-json\/wp\/v2\/media\/3716"}],"wp:attachment":[{"href":"https:\/\/adflow.agency\/de\/wp-json\/wp\/v2\/media?parent=13506"}],"wp:term":[{"taxonomy":"product_brand","embeddable":true,"href":"https:\/\/adflow.agency\/de\/wp-json\/wp\/v2\/product_brand?post=13506"},{"taxonomy":"product_cat","embeddable":true,"href":"https:\/\/adflow.agency\/de\/wp-json\/wp\/v2\/product_cat?post=13506"},{"taxonomy":"product_tag","embeddable":true,"href":"https:\/\/adflow.agency\/de\/wp-json\/wp\/v2\/product_tag?post=13506"}],"curies":[{"name":"wp","href":"https:\/\/api.w.org\/{rel}","templated":true}]}}