{"id":13515,"date":"2018-05-17T18:05:28","date_gmt":"2018-05-17T16:05:28","guid":{"rendered":"https:\/\/adflow.agency\/product\/antriebssatz-fuer-kavo-e25l\/"},"modified":"2026-02-24T11:25:16","modified_gmt":"2026-02-24T10:25:16","slug":"antriebssatz-fuer-kavo-e25l","status":"publish","type":"product","link":"https:\/\/adflow.agency\/de\/product\/antriebssatz-fuer-kavo-e25l\/","title":{"rendered":"Antriebssatz f\u00fcr KaVo E25L"},"content":{"rendered":"","protected":false},"excerpt":{"rendered":"<ul>\n<li>Satz, bestehend aus Kopfrotor-Kartusche &amp; Zwischenwelle f\u00fcr KaVo E25L Winkelst\u00fcck<\/li>\n<li>Alternative f\u00fcr KaVo REF. 1.011.7478 (1.008.4040 f\u00fcr Kartusche und 1.007.9916 f\u00fcr Zwischenwelle)<\/li>\n<li>Jedes Kit wird gr\u00fcndlich in einem Handst\u00fcck getestet<\/li>\n<li>12 Monate Garantie<\/li>\n<li>Hergestellt in Deutschland<\/li>\n<\/ul>\n","protected":false},"featured_media":3519,"comment_status":"closed","ping_status":"closed","template":"","meta":{"inline_featured_image":false,"_uag_custom_page_level_css":""},"product_brand":[],"product_cat":[1145],"product_tag":[1106],"class_list":{"0":"post-13515","1":"product","2":"type-product","3":"status-publish","4":"has-post-thumbnail","6":"product_cat-kavo-bundel","7":"product_tag-kavo-e25l-c","9":"first","10":"outofstock","11":"taxable","12":"shipping-taxable","13":"product-type-simple"},"acf":[],"uagb_featured_image_src":{"full":["https:\/\/adflow.agency\/wp-content\/uploads\/2018\/05\/A10708-Kit-E25L-scaled.jpg",3456,3142,false],"thumbnail":["https:\/\/adflow.agency\/wp-content\/uploads\/2018\/05\/A10708-Kit-E25L-250x200.jpg",250,200,true],"medium":["https:\/\/adflow.agency\/wp-content\/uploads\/2018\/05\/A10708-Kit-E25L-330x300.jpg",330,300,true],"medium_large":["https:\/\/adflow.agency\/wp-content\/uploads\/2018\/05\/A10708-Kit-E25L-768x698.jpg",768,698,true],"large":["https:\/\/adflow.agency\/wp-content\/uploads\/2018\/05\/A10708-Kit-E25L-1320x1200.jpg",1320,1200,true],"1536x1536":["https:\/\/adflow.agency\/wp-content\/uploads\/2018\/05\/A10708-Kit-E25L-scaled.jpg",1536,1396,false],"2048x2048":["https:\/\/adflow.agency\/wp-content\/uploads\/2018\/05\/A10708-Kit-E25L-scaled.jpg",2048,1862,false],"woocommerce_thumbnail":["https:\/\/adflow.agency\/wp-content\/uploads\/2018\/05\/A10708-Kit-E25L-247x247.jpg",247,247,true],"woocommerce_single":["https:\/\/adflow.agency\/wp-content\/uploads\/2018\/05\/A10708-Kit-E25L-510x464.jpg",510,464,true],"woocommerce_gallery_thumbnail":["https:\/\/adflow.agency\/wp-content\/uploads\/2018\/05\/A10708-Kit-E25L-100x100.jpg",100,100,true]},"uagb_author_info":{"display_name":"aden_admin","author_link":"https:\/\/adflow.agency\/de\/author\/"},"uagb_comment_info":0,"uagb_excerpt":"Satz, bestehend aus Kopfrotor-Kartusche &amp; Zwischenwelle f\u00fcr KaVo E25L Winkelst\u00fcck Alternative f\u00fcr KaVo REF. 1.011.7478 (1.008.4040 f\u00fcr Kartusche und 1.007.9916 f\u00fcr Zwischenwelle) Jedes Kit wird gr\u00fcndlich in einem Handst\u00fcck getestet 12 Monate Garantie Hergestellt in Deutschland","_links":{"self":[{"href":"https:\/\/adflow.agency\/de\/wp-json\/wp\/v2\/product\/13515","targetHints":{"allow":["GET"]}}],"collection":[{"href":"https:\/\/adflow.agency\/de\/wp-json\/wp\/v2\/product"}],"about":[{"href":"https:\/\/adflow.agency\/de\/wp-json\/wp\/v2\/types\/product"}],"replies":[{"embeddable":true,"href":"https:\/\/adflow.agency\/de\/wp-json\/wp\/v2\/comments?post=13515"}],"wp:featuredmedia":[{"embeddable":true,"href":"https:\/\/adflow.agency\/de\/wp-json\/wp\/v2\/media\/3519"}],"wp:attachment":[{"href":"https:\/\/adflow.agency\/de\/wp-json\/wp\/v2\/media?parent=13515"}],"wp:term":[{"taxonomy":"product_brand","embeddable":true,"href":"https:\/\/adflow.agency\/de\/wp-json\/wp\/v2\/product_brand?post=13515"},{"taxonomy":"product_cat","embeddable":true,"href":"https:\/\/adflow.agency\/de\/wp-json\/wp\/v2\/product_cat?post=13515"},{"taxonomy":"product_tag","embeddable":true,"href":"https:\/\/adflow.agency\/de\/wp-json\/wp\/v2\/product_tag?post=13515"}],"curies":[{"name":"wp","href":"https:\/\/api.w.org\/{rel}","templated":true}]}}