{"id":13516,"date":"2017-11-02T11:26:47","date_gmt":"2017-11-02T10:26:47","guid":{"rendered":"https:\/\/adflow.agency\/product\/kopfrotor-kartusche-fuer-nsk-m95l-x95l\/"},"modified":"2026-02-24T11:27:46","modified_gmt":"2026-02-24T10:27:46","slug":"kopfrotor-kartusche-fuer-nsk-m95l-x95l","status":"publish","type":"product","link":"https:\/\/adflow.agency\/de\/product\/kopfrotor-kartusche-fuer-nsk-m95l-x95l\/","title":{"rendered":"Kopfrotor\/Kartusche f\u00fcr NSK M95L\/X95L"},"content":{"rendered":"","protected":false},"excerpt":{"rendered":"<ul>\n<li>Kompletter Kopfgetrieberotor\/Kartusche f\u00fcr NSK M95L\/X95L Winkelst\u00fcck<\/li>\n<li>Hergestellt mit hochpr\u00e4zisen, radialen Keramiklagern<\/li>\n<li>Alternative f\u00fcr NSK REF. C600C015 \/ C600F015<\/li>\n<li>Nur kompatibel mit M95, wenn SN &gt;&#8220;C&#8220;, und mit X95, wenn SN &gt; &#8222;G&#8220; (f\u00fcr C600F015)<\/li>\n<li>Jede Kartusche wird gr\u00fcndlich in einem Handst\u00fcck getestet<\/li>\n<li>12 Monate Garantie<\/li>\n<li>Hergestellt in Deutschland<\/li>\n<\/ul>\n","protected":false},"featured_media":3346,"comment_status":"closed","ping_status":"closed","template":"","meta":{"inline_featured_image":false,"_uag_custom_page_level_css":""},"product_brand":[],"product_cat":[1302],"product_tag":[1150,1151],"class_list":{"0":"post-13516","1":"product","2":"type-product","3":"status-publish","4":"has-post-thumbnail","6":"product_cat-nsk-rotoren-cartridges","7":"product_tag-nsk-m95l","8":"product_tag-nsk-x95l","10":"first","11":"instock","12":"taxable","13":"shipping-taxable","14":"product-type-simple"},"acf":[],"uagb_featured_image_src":{"full":["https:\/\/adflow.agency\/wp-content\/uploads\/2017\/08\/A10384.0-NSK-X95L-KT-OEM-front.jpg",2231,1869,false],"thumbnail":["https:\/\/adflow.agency\/wp-content\/uploads\/2017\/08\/A10384.0-NSK-X95L-KT-OEM-front.jpg",239,200,false],"medium":["https:\/\/adflow.agency\/wp-content\/uploads\/2017\/08\/A10384.0-NSK-X95L-KT-OEM-front.jpg",358,300,false],"medium_large":["https:\/\/adflow.agency\/wp-content\/uploads\/2017\/08\/A10384.0-NSK-X95L-KT-OEM-front.jpg",768,643,false],"large":["https:\/\/adflow.agency\/wp-content\/uploads\/2017\/08\/A10384.0-NSK-X95L-KT-OEM-front.jpg",1432,1200,false],"1536x1536":["https:\/\/adflow.agency\/wp-content\/uploads\/2017\/08\/A10384.0-NSK-X95L-KT-OEM-front.jpg",1536,1287,false],"2048x2048":["https:\/\/adflow.agency\/wp-content\/uploads\/2017\/08\/A10384.0-NSK-X95L-KT-OEM-front.jpg",2048,1716,false],"woocommerce_thumbnail":["https:\/\/adflow.agency\/wp-content\/uploads\/2017\/08\/A10384.0-NSK-X95L-KT-OEM-front-247x247.jpg",247,247,true],"woocommerce_single":["https:\/\/adflow.agency\/wp-content\/uploads\/2017\/08\/A10384.0-NSK-X95L-KT-OEM-front.jpg",510,427,false],"woocommerce_gallery_thumbnail":["https:\/\/adflow.agency\/wp-content\/uploads\/2017\/08\/A10384.0-NSK-X95L-KT-OEM-front-100x100.jpg",100,100,true]},"uagb_author_info":{"display_name":"aden_admin","author_link":"https:\/\/adflow.agency\/de\/author\/"},"uagb_comment_info":0,"uagb_excerpt":"Kompletter Kopfgetrieberotor\/Kartusche f\u00fcr NSK M95L\/X95L Winkelst\u00fcck Hergestellt mit hochpr\u00e4zisen, radialen Keramiklagern Alternative f\u00fcr NSK REF. C600C015 \/ C600F015 Nur kompatibel mit M95, wenn SN &gt;\"C\", und mit X95, wenn SN &gt; \"G\" (f\u00fcr C600F015) Jede Kartusche wird gr\u00fcndlich in einem Handst\u00fcck getestet 12 Monate Garantie Hergestellt in Deutschland","_links":{"self":[{"href":"https:\/\/adflow.agency\/de\/wp-json\/wp\/v2\/product\/13516","targetHints":{"allow":["GET"]}}],"collection":[{"href":"https:\/\/adflow.agency\/de\/wp-json\/wp\/v2\/product"}],"about":[{"href":"https:\/\/adflow.agency\/de\/wp-json\/wp\/v2\/types\/product"}],"replies":[{"embeddable":true,"href":"https:\/\/adflow.agency\/de\/wp-json\/wp\/v2\/comments?post=13516"}],"wp:featuredmedia":[{"embeddable":true,"href":"https:\/\/adflow.agency\/de\/wp-json\/wp\/v2\/media\/3346"}],"wp:attachment":[{"href":"https:\/\/adflow.agency\/de\/wp-json\/wp\/v2\/media?parent=13516"}],"wp:term":[{"taxonomy":"product_brand","embeddable":true,"href":"https:\/\/adflow.agency\/de\/wp-json\/wp\/v2\/product_brand?post=13516"},{"taxonomy":"product_cat","embeddable":true,"href":"https:\/\/adflow.agency\/de\/wp-json\/wp\/v2\/product_cat?post=13516"},{"taxonomy":"product_tag","embeddable":true,"href":"https:\/\/adflow.agency\/de\/wp-json\/wp\/v2\/product_tag?post=13516"}],"curies":[{"name":"wp","href":"https:\/\/api.w.org\/{rel}","templated":true}]}}