{"id":13518,"date":"2017-08-29T14:00:17","date_gmt":"2017-08-29T12:00:17","guid":{"rendered":"https:\/\/adflow.agency\/product\/glasfaser-lichtleiter-fuer-sirona-t1-classic\/"},"modified":"2026-02-24T11:27:41","modified_gmt":"2026-02-24T10:27:41","slug":"glasfaser-lichtleiter-fuer-sirona-t1-classic","status":"publish","type":"product","link":"https:\/\/adflow.agency\/de\/product\/glasfaser-lichtleiter-fuer-sirona-t1-classic\/","title":{"rendered":"Glasfaser-Lichtleiter f\u00fcr Sirona T1 Classic"},"content":{"rendered":"","protected":false},"excerpt":{"rendered":"<ul>\n<li>Glasfaser-Lichtleiter f\u00fcr Sirona T1 Classic Winkelst\u00fccke (S200L)<\/li>\n<li>Alternative f\u00fcr Sirona REF. 58 98 924<\/li>\n<\/ul>\n","protected":false},"featured_media":7562,"comment_status":"closed","ping_status":"closed","template":"","meta":{"inline_featured_image":false,"_uag_custom_page_level_css":""},"product_brand":[],"product_cat":[1312,1313,1314],"product_tag":[1184],"class_list":{"0":"post-13518","1":"product","2":"type-product","3":"status-publish","4":"has-post-thumbnail","6":"product_cat-b-a-international-lichtleiter-aus-glasstaben","7":"product_cat-midwest-lichtleiter-aus-glasstaben","8":"product_cat-sirona-lichtleiter-aus-glasstaben","9":"product_tag-sirona-a-c-s-200-l-o-97","11":"first","12":"instock","13":"taxable","14":"shipping-taxable","15":"product-type-simple"},"acf":[],"uagb_featured_image_src":{"full":["https:\/\/adflow.agency\/wp-content\/uploads\/2017\/08\/A10712.0_1-scaled.jpg",2718,3194,false],"thumbnail":["https:\/\/adflow.agency\/wp-content\/uploads\/2017\/08\/A10712.0_1-scaled.jpg",170,200,false],"medium":["https:\/\/adflow.agency\/wp-content\/uploads\/2017\/08\/A10712.0_1-scaled.jpg",255,300,false],"medium_large":["https:\/\/adflow.agency\/wp-content\/uploads\/2017\/08\/A10712.0_1-scaled.jpg",768,902,false],"large":["https:\/\/adflow.agency\/wp-content\/uploads\/2017\/08\/A10712.0_1-scaled.jpg",1021,1200,false],"1536x1536":["https:\/\/adflow.agency\/wp-content\/uploads\/2017\/08\/A10712.0_1-scaled.jpg",1307,1536,false],"2048x2048":["https:\/\/adflow.agency\/wp-content\/uploads\/2017\/08\/A10712.0_1-scaled.jpg",1743,2048,false],"woocommerce_thumbnail":["https:\/\/adflow.agency\/wp-content\/uploads\/2017\/08\/A10712.0_1-247x247.jpg",247,247,true],"woocommerce_single":["https:\/\/adflow.agency\/wp-content\/uploads\/2017\/08\/A10712.0_1-scaled.jpg",510,599,false],"woocommerce_gallery_thumbnail":["https:\/\/adflow.agency\/wp-content\/uploads\/2017\/08\/A10712.0_1-scaled-100x100.jpg",100,100,true]},"uagb_author_info":{"display_name":"aden_admin","author_link":"https:\/\/adflow.agency\/de\/author\/"},"uagb_comment_info":0,"uagb_excerpt":"Glasfaser-Lichtleiter f\u00fcr Sirona T1 Classic Winkelst\u00fccke (S200L) Alternative f\u00fcr Sirona REF. 58 98 924","_links":{"self":[{"href":"https:\/\/adflow.agency\/de\/wp-json\/wp\/v2\/product\/13518","targetHints":{"allow":["GET"]}}],"collection":[{"href":"https:\/\/adflow.agency\/de\/wp-json\/wp\/v2\/product"}],"about":[{"href":"https:\/\/adflow.agency\/de\/wp-json\/wp\/v2\/types\/product"}],"replies":[{"embeddable":true,"href":"https:\/\/adflow.agency\/de\/wp-json\/wp\/v2\/comments?post=13518"}],"wp:featuredmedia":[{"embeddable":true,"href":"https:\/\/adflow.agency\/de\/wp-json\/wp\/v2\/media\/7562"}],"wp:attachment":[{"href":"https:\/\/adflow.agency\/de\/wp-json\/wp\/v2\/media?parent=13518"}],"wp:term":[{"taxonomy":"product_brand","embeddable":true,"href":"https:\/\/adflow.agency\/de\/wp-json\/wp\/v2\/product_brand?post=13518"},{"taxonomy":"product_cat","embeddable":true,"href":"https:\/\/adflow.agency\/de\/wp-json\/wp\/v2\/product_cat?post=13518"},{"taxonomy":"product_tag","embeddable":true,"href":"https:\/\/adflow.agency\/de\/wp-json\/wp\/v2\/product_tag?post=13518"}],"curies":[{"name":"wp","href":"https:\/\/api.w.org\/{rel}","templated":true}]}}