{"id":13527,"date":"2017-06-15T17:54:00","date_gmt":"2017-06-15T15:54:00","guid":{"rendered":"https:\/\/adflow.agency\/product\/zwischenwelle-fuer-kavo-68ld-68lh-l68\/"},"modified":"2026-02-24T11:27:34","modified_gmt":"2026-02-24T10:27:34","slug":"zwischenwelle-fuer-kavo-68ld-68lh-l68","status":"publish","type":"product","link":"https:\/\/adflow.agency\/de\/product\/zwischenwelle-fuer-kavo-68ld-68lh-l68\/","title":{"rendered":"Zwischenwelle f\u00fcr KaVo 68LD\/68LH\/L68"},"content":{"rendered":"","protected":false},"excerpt":{"rendered":"<ul>\n<li>Komplette Zwischenwelle f\u00fcr KaVo 68LD\/68LH 1:1 Winkelst\u00fcck<\/li>\n<li>Alternative f\u00fcr KaVo REF. 0.540.1151<\/li>\n<li>Jede Welle wird gr\u00fcndlich in einem Handst\u00fcck getestet<\/li>\n<li>Produkt wird als fertige Baugruppe geliefert<\/li>\n<li>12 Monate Garantie<\/li>\n<\/ul>\n","protected":false},"featured_media":3525,"comment_status":"closed","ping_status":"closed","template":"","meta":{"inline_featured_image":false,"_uag_custom_page_level_css":""},"product_brand":[],"product_cat":[1300],"product_tag":[811],"class_list":{"0":"post-13527","1":"product","2":"type-product","3":"status-publish","4":"has-post-thumbnail","6":"product_cat-kavo-zwischenwellen","7":"product_tag-kavo-68-2","9":"first","10":"instock","11":"taxable","12":"shipping-taxable","13":"product-type-simple"},"acf":[],"uagb_featured_image_src":{"full":["https:\/\/adflow.agency\/wp-content\/uploads\/2018\/05\/A10680.0-ZST-K68LH-1.jpg",2400,2182,false],"thumbnail":["https:\/\/adflow.agency\/wp-content\/uploads\/2018\/05\/A10680.0-ZST-K68LH-1.jpg",220,200,false],"medium":["https:\/\/adflow.agency\/wp-content\/uploads\/2018\/05\/A10680.0-ZST-K68LH-1.jpg",330,300,false],"medium_large":["https:\/\/adflow.agency\/wp-content\/uploads\/2018\/05\/A10680.0-ZST-K68LH-1.jpg",768,698,false],"large":["https:\/\/adflow.agency\/wp-content\/uploads\/2018\/05\/A10680.0-ZST-K68LH-1.jpg",1320,1200,false],"1536x1536":["https:\/\/adflow.agency\/wp-content\/uploads\/2018\/05\/A10680.0-ZST-K68LH-1.jpg",1536,1396,false],"2048x2048":["https:\/\/adflow.agency\/wp-content\/uploads\/2018\/05\/A10680.0-ZST-K68LH-1.jpg",2048,1862,false],"woocommerce_thumbnail":["https:\/\/adflow.agency\/wp-content\/uploads\/2018\/05\/A10680.0-ZST-K68LH-1-247x247.jpg",247,247,true],"woocommerce_single":["https:\/\/adflow.agency\/wp-content\/uploads\/2018\/05\/A10680.0-ZST-K68LH-1.jpg",510,464,false],"woocommerce_gallery_thumbnail":["https:\/\/adflow.agency\/wp-content\/uploads\/2018\/05\/A10680.0-ZST-K68LH-1-100x100.jpg",100,100,true]},"uagb_author_info":{"display_name":"aden_admin","author_link":"https:\/\/adflow.agency\/de\/author\/"},"uagb_comment_info":0,"uagb_excerpt":"Komplette Zwischenwelle f\u00fcr KaVo 68LD\/68LH 1:1 Winkelst\u00fcck Alternative f\u00fcr KaVo REF. 0.540.1151 Jede Welle wird gr\u00fcndlich in einem Handst\u00fcck getestet Produkt wird als fertige Baugruppe geliefert 12 Monate Garantie","_links":{"self":[{"href":"https:\/\/adflow.agency\/de\/wp-json\/wp\/v2\/product\/13527","targetHints":{"allow":["GET"]}}],"collection":[{"href":"https:\/\/adflow.agency\/de\/wp-json\/wp\/v2\/product"}],"about":[{"href":"https:\/\/adflow.agency\/de\/wp-json\/wp\/v2\/types\/product"}],"replies":[{"embeddable":true,"href":"https:\/\/adflow.agency\/de\/wp-json\/wp\/v2\/comments?post=13527"}],"wp:featuredmedia":[{"embeddable":true,"href":"https:\/\/adflow.agency\/de\/wp-json\/wp\/v2\/media\/3525"}],"wp:attachment":[{"href":"https:\/\/adflow.agency\/de\/wp-json\/wp\/v2\/media?parent=13527"}],"wp:term":[{"taxonomy":"product_brand","embeddable":true,"href":"https:\/\/adflow.agency\/de\/wp-json\/wp\/v2\/product_brand?post=13527"},{"taxonomy":"product_cat","embeddable":true,"href":"https:\/\/adflow.agency\/de\/wp-json\/wp\/v2\/product_cat?post=13527"},{"taxonomy":"product_tag","embeddable":true,"href":"https:\/\/adflow.agency\/de\/wp-json\/wp\/v2\/product_tag?post=13527"}],"curies":[{"name":"wp","href":"https:\/\/api.w.org\/{rel}","templated":true}]}}