{"id":13529,"date":"2017-08-29T09:53:17","date_gmt":"2017-08-29T07:53:17","guid":{"rendered":"https:\/\/adflow.agency\/product\/kopfrotor-kartusche-fuer-kavo-68lh-l68\/"},"modified":"2026-02-24T11:27:35","modified_gmt":"2026-02-24T10:27:35","slug":"kopfrotor-kartusche-fuer-kavo-68lh-l68","status":"publish","type":"product","link":"https:\/\/adflow.agency\/de\/product\/kopfrotor-kartusche-fuer-kavo-68lh-l68\/","title":{"rendered":"Kopfrotor\/Kartusche f\u00fcr KaVo 68LH\/L68"},"content":{"rendered":"","protected":false},"excerpt":{"rendered":"<ul>\n<li>Kopfgetrieberotor\/Kartusche f\u00fcr KaVo 68LH\/L68 Handst\u00fcck<\/li>\n<li>Hergestellt mit deutschen Hochpr\u00e4zisions-Radiallagern aus Edelstahl<\/li>\n<li>Alternative f\u00fcr KaVo REF. 0.540.3661<\/li>\n<li><span style=\"font-size: 14.4px;\">Jede Kartusche wird gr\u00fcndlich in einem Handst\u00fcck getestet<\/span><\/li>\n<li>12 Monate Garantie<\/li>\n<li>Hergestellt in Deutschland<\/li>\n<\/ul>\n","protected":false},"featured_media":3342,"comment_status":"closed","ping_status":"closed","template":"","meta":{"inline_featured_image":false,"_uag_custom_page_level_css":""},"product_brand":[],"product_cat":[1157],"product_tag":[811],"class_list":{"0":"post-13529","1":"product","2":"type-product","3":"status-publish","4":"has-post-thumbnail","6":"product_cat-kavo-rotoren-cartridges","7":"product_tag-kavo-68-2","9":"first","10":"instock","11":"taxable","12":"shipping-taxable","13":"product-type-simple"},"acf":[],"uagb_featured_image_src":{"full":["https:\/\/adflow.agency\/wp-content\/uploads\/2017\/08\/A10546.0-KT-K68LH_front.jpg",1758,1606,false],"thumbnail":["https:\/\/adflow.agency\/wp-content\/uploads\/2017\/08\/A10546.0-KT-K68LH_front.jpg",219,200,false],"medium":["https:\/\/adflow.agency\/wp-content\/uploads\/2017\/08\/A10546.0-KT-K68LH_front.jpg",328,300,false],"medium_large":["https:\/\/adflow.agency\/wp-content\/uploads\/2017\/08\/A10546.0-KT-K68LH_front.jpg",768,702,false],"large":["https:\/\/adflow.agency\/wp-content\/uploads\/2017\/08\/A10546.0-KT-K68LH_front.jpg",1314,1200,false],"1536x1536":["https:\/\/adflow.agency\/wp-content\/uploads\/2017\/08\/A10546.0-KT-K68LH_front.jpg",1536,1403,false],"2048x2048":["https:\/\/adflow.agency\/wp-content\/uploads\/2017\/08\/A10546.0-KT-K68LH_front.jpg",1758,1606,false],"woocommerce_thumbnail":["https:\/\/adflow.agency\/wp-content\/uploads\/2017\/08\/A10546.0-KT-K68LH_front-247x247.jpg",247,247,true],"woocommerce_single":["https:\/\/adflow.agency\/wp-content\/uploads\/2017\/08\/A10546.0-KT-K68LH_front.jpg",510,466,false],"woocommerce_gallery_thumbnail":["https:\/\/adflow.agency\/wp-content\/uploads\/2017\/08\/A10546.0-KT-K68LH_front-100x100.jpg",100,100,true]},"uagb_author_info":{"display_name":"aden_admin","author_link":"https:\/\/adflow.agency\/de\/author\/"},"uagb_comment_info":0,"uagb_excerpt":"Kopfgetrieberotor\/Kartusche f\u00fcr KaVo 68LH\/L68 Handst\u00fcck Hergestellt mit deutschen Hochpr\u00e4zisions-Radiallagern aus Edelstahl Alternative f\u00fcr KaVo REF. 0.540.3661 Jede Kartusche wird gr\u00fcndlich in einem Handst\u00fcck getestet 12 Monate Garantie Hergestellt in Deutschland","_links":{"self":[{"href":"https:\/\/adflow.agency\/de\/wp-json\/wp\/v2\/product\/13529","targetHints":{"allow":["GET"]}}],"collection":[{"href":"https:\/\/adflow.agency\/de\/wp-json\/wp\/v2\/product"}],"about":[{"href":"https:\/\/adflow.agency\/de\/wp-json\/wp\/v2\/types\/product"}],"replies":[{"embeddable":true,"href":"https:\/\/adflow.agency\/de\/wp-json\/wp\/v2\/comments?post=13529"}],"wp:featuredmedia":[{"embeddable":true,"href":"https:\/\/adflow.agency\/de\/wp-json\/wp\/v2\/media\/3342"}],"wp:attachment":[{"href":"https:\/\/adflow.agency\/de\/wp-json\/wp\/v2\/media?parent=13529"}],"wp:term":[{"taxonomy":"product_brand","embeddable":true,"href":"https:\/\/adflow.agency\/de\/wp-json\/wp\/v2\/product_brand?post=13529"},{"taxonomy":"product_cat","embeddable":true,"href":"https:\/\/adflow.agency\/de\/wp-json\/wp\/v2\/product_cat?post=13529"},{"taxonomy":"product_tag","embeddable":true,"href":"https:\/\/adflow.agency\/de\/wp-json\/wp\/v2\/product_tag?post=13529"}],"curies":[{"name":"wp","href":"https:\/\/api.w.org\/{rel}","templated":true}]}}