{"id":13536,"date":"2017-05-18T15:52:34","date_gmt":"2017-05-18T13:52:34","guid":{"rendered":"https:\/\/adflow.agency\/product\/kartuschen-kit-fuer-bien-air-15l\/"},"modified":"2026-02-24T11:27:32","modified_gmt":"2026-02-24T10:27:32","slug":"kartuschen-kit-fuer-bien-air-15l","status":"publish","type":"product","link":"https:\/\/adflow.agency\/de\/product\/kartuschen-kit-fuer-bien-air-15l\/","title":{"rendered":"Kartuschen-Kit f\u00fcr Bien Air 1,5L"},"content":{"rendered":"","protected":false},"excerpt":{"rendered":"<ul>\n<li>Kit, bestehend aus Kopfrotorkartusche und vorderem Getriebe der Zwischenwelle f\u00fcr Bien Air 1,5L Winkelst\u00fcck<\/li>\n<li>Alternative f\u00fcr Bien Air REF. 1501933 (Kartusche) und Getriebe kompatibel mit REF. 1500057 (Zwischenwelle)<\/li>\n<li>Jede Kartusche wird gr\u00fcndlich in einem Handst\u00fcck getestet<\/li>\n<li>12 Monate Garantie<\/li>\n<li>Hergestellt in Deutschland<\/li>\n<\/ul>\n","protected":false},"featured_media":3232,"comment_status":"closed","ping_status":"closed","template":"","meta":{"inline_featured_image":false,"_uag_custom_page_level_css":""},"product_brand":[],"product_cat":[1169],"product_tag":[1233],"class_list":{"0":"post-13536","1":"product","2":"type-product","3":"status-publish","4":"has-post-thumbnail","6":"product_cat-bien-air-rotoren-cartridges","7":"product_tag-bien-air-15-l","9":"first","10":"instock","11":"taxable","12":"shipping-taxable","13":"product-type-simple"},"acf":[],"uagb_featured_image_src":{"full":["https:\/\/adflow.agency\/wp-content\/uploads\/2017\/05\/A10674.0-GEar-Kit-BA-1.5L.jpg",2551,1984,false],"thumbnail":["https:\/\/adflow.agency\/wp-content\/uploads\/2017\/05\/A10674.0-GEar-Kit-BA-1.5L.jpg",250,194,false],"medium":["https:\/\/adflow.agency\/wp-content\/uploads\/2017\/05\/A10674.0-GEar-Kit-BA-1.5L.jpg",386,300,false],"medium_large":["https:\/\/adflow.agency\/wp-content\/uploads\/2017\/05\/A10674.0-GEar-Kit-BA-1.5L.jpg",768,597,false],"large":["https:\/\/adflow.agency\/wp-content\/uploads\/2017\/05\/A10674.0-GEar-Kit-BA-1.5L.jpg",1543,1200,false],"1536x1536":["https:\/\/adflow.agency\/wp-content\/uploads\/2017\/05\/A10674.0-GEar-Kit-BA-1.5L.jpg",1536,1195,false],"2048x2048":["https:\/\/adflow.agency\/wp-content\/uploads\/2017\/05\/A10674.0-GEar-Kit-BA-1.5L.jpg",2048,1593,false],"woocommerce_thumbnail":["https:\/\/adflow.agency\/wp-content\/uploads\/2017\/05\/A10674.0-GEar-Kit-BA-1.5L-247x247.jpg",247,247,true],"woocommerce_single":["https:\/\/adflow.agency\/wp-content\/uploads\/2017\/05\/A10674.0-GEar-Kit-BA-1.5L.jpg",510,397,false],"woocommerce_gallery_thumbnail":["https:\/\/adflow.agency\/wp-content\/uploads\/2017\/05\/A10674.0-GEar-Kit-BA-1.5L-100x100.jpg",100,100,true]},"uagb_author_info":{"display_name":"aden_admin","author_link":"https:\/\/adflow.agency\/de\/author\/"},"uagb_comment_info":0,"uagb_excerpt":"Kit, bestehend aus Kopfrotorkartusche und vorderem Getriebe der Zwischenwelle f\u00fcr Bien Air 1,5L Winkelst\u00fcck Alternative f\u00fcr Bien Air REF. 1501933 (Kartusche) und Getriebe kompatibel mit REF. 1500057 (Zwischenwelle) Jede Kartusche wird gr\u00fcndlich in einem Handst\u00fcck getestet 12 Monate Garantie Hergestellt in Deutschland","_links":{"self":[{"href":"https:\/\/adflow.agency\/de\/wp-json\/wp\/v2\/product\/13536","targetHints":{"allow":["GET"]}}],"collection":[{"href":"https:\/\/adflow.agency\/de\/wp-json\/wp\/v2\/product"}],"about":[{"href":"https:\/\/adflow.agency\/de\/wp-json\/wp\/v2\/types\/product"}],"replies":[{"embeddable":true,"href":"https:\/\/adflow.agency\/de\/wp-json\/wp\/v2\/comments?post=13536"}],"wp:featuredmedia":[{"embeddable":true,"href":"https:\/\/adflow.agency\/de\/wp-json\/wp\/v2\/media\/3232"}],"wp:attachment":[{"href":"https:\/\/adflow.agency\/de\/wp-json\/wp\/v2\/media?parent=13536"}],"wp:term":[{"taxonomy":"product_brand","embeddable":true,"href":"https:\/\/adflow.agency\/de\/wp-json\/wp\/v2\/product_brand?post=13536"},{"taxonomy":"product_cat","embeddable":true,"href":"https:\/\/adflow.agency\/de\/wp-json\/wp\/v2\/product_cat?post=13536"},{"taxonomy":"product_tag","embeddable":true,"href":"https:\/\/adflow.agency\/de\/wp-json\/wp\/v2\/product_tag?post=13536"}],"curies":[{"name":"wp","href":"https:\/\/api.w.org\/{rel}","templated":true}]}}