{"id":13538,"date":"2017-01-31T17:54:24","date_gmt":"2017-01-31T16:54:24","guid":{"rendered":"https:\/\/adflow.agency\/product\/kopfrotor-kartusche-fuer-kavo-e25c-e25l\/"},"modified":"2026-02-24T11:27:28","modified_gmt":"2026-02-24T10:27:28","slug":"kopfrotor-kartusche-fuer-kavo-e25c-e25l","status":"publish","type":"product","link":"https:\/\/adflow.agency\/de\/product\/kopfrotor-kartusche-fuer-kavo-e25c-e25l\/","title":{"rendered":"Kopfrotor\/Kartusche f\u00fcr KaVo E25C\/E25L"},"content":{"rendered":"","protected":false},"excerpt":{"rendered":"<ul>\n<li>Kompletter Kopfgetrieberotor\/Kartusche f\u00fcr KaVo E25C\/E25L Winkelst\u00fcck<\/li>\n<li>Hergestellt mit deutschen Hochpr\u00e4zisions-Radialkeramiklagern<\/li>\n<li>Alternative f\u00fcr KaVo REF. 1.008.4040 oder Faro REF. MC01R \/RL <\/li>\n<li>Jede Kartusche wird gr\u00fcndlich in einem Handst\u00fcck getestet<\/li>\n<li>Produkt wird mit 1 x Wellscheibe geliefert<\/li>\n<li>12 Monate Garantie<\/li>\n<li>Hergestellt in Deutschland<\/li>\n<\/ul>\n","protected":false},"featured_media":3123,"comment_status":"open","ping_status":"closed","template":"","meta":{"inline_featured_image":false,"_uag_custom_page_level_css":""},"product_brand":[],"product_cat":[1157],"product_tag":[1106],"class_list":{"0":"post-13538","1":"product","2":"type-product","3":"status-publish","4":"has-post-thumbnail","6":"product_cat-kavo-rotoren-cartridges","7":"product_tag-kavo-e25l-c","9":"first","10":"instock","11":"taxable","12":"shipping-taxable","13":"product-type-simple"},"acf":[],"uagb_featured_image_src":{"full":["https:\/\/adflow.agency\/wp-content\/uploads\/2017\/01\/A10018.0-KE25L-back.jpg",2332,1963,false],"thumbnail":["https:\/\/adflow.agency\/wp-content\/uploads\/2017\/01\/A10018.0-KE25L-back.jpg",238,200,false],"medium":["https:\/\/adflow.agency\/wp-content\/uploads\/2017\/01\/A10018.0-KE25L-back.jpg",356,300,false],"medium_large":["https:\/\/adflow.agency\/wp-content\/uploads\/2017\/01\/A10018.0-KE25L-back.jpg",768,646,false],"large":["https:\/\/adflow.agency\/wp-content\/uploads\/2017\/01\/A10018.0-KE25L-back.jpg",1426,1200,false],"1536x1536":["https:\/\/adflow.agency\/wp-content\/uploads\/2017\/01\/A10018.0-KE25L-back.jpg",1536,1293,false],"2048x2048":["https:\/\/adflow.agency\/wp-content\/uploads\/2017\/01\/A10018.0-KE25L-back.jpg",2048,1724,false],"woocommerce_thumbnail":["https:\/\/adflow.agency\/wp-content\/uploads\/2017\/01\/A10018.0-KE25L-back-247x247.jpg",247,247,true],"woocommerce_single":["https:\/\/adflow.agency\/wp-content\/uploads\/2017\/01\/A10018.0-KE25L-back.jpg",510,429,false],"woocommerce_gallery_thumbnail":["https:\/\/adflow.agency\/wp-content\/uploads\/2017\/01\/A10018.0-KE25L-back-100x100.jpg",100,100,true]},"uagb_author_info":{"display_name":"aden_admin","author_link":"https:\/\/adflow.agency\/de\/author\/"},"uagb_comment_info":0,"uagb_excerpt":"Kompletter Kopfgetrieberotor\/Kartusche f\u00fcr KaVo E25C\/E25L Winkelst\u00fcck Hergestellt mit deutschen Hochpr\u00e4zisions-Radialkeramiklagern Alternative f\u00fcr KaVo REF. 1.008.4040 oder Faro REF. MC01R \/RL Jede Kartusche wird gr\u00fcndlich in einem Handst\u00fcck getestet Produkt wird mit 1 x Wellscheibe geliefert 12 Monate Garantie Hergestellt in Deutschland","_links":{"self":[{"href":"https:\/\/adflow.agency\/de\/wp-json\/wp\/v2\/product\/13538","targetHints":{"allow":["GET"]}}],"collection":[{"href":"https:\/\/adflow.agency\/de\/wp-json\/wp\/v2\/product"}],"about":[{"href":"https:\/\/adflow.agency\/de\/wp-json\/wp\/v2\/types\/product"}],"replies":[{"embeddable":true,"href":"https:\/\/adflow.agency\/de\/wp-json\/wp\/v2\/comments?post=13538"}],"wp:featuredmedia":[{"embeddable":true,"href":"https:\/\/adflow.agency\/de\/wp-json\/wp\/v2\/media\/3123"}],"wp:attachment":[{"href":"https:\/\/adflow.agency\/de\/wp-json\/wp\/v2\/media?parent=13538"}],"wp:term":[{"taxonomy":"product_brand","embeddable":true,"href":"https:\/\/adflow.agency\/de\/wp-json\/wp\/v2\/product_brand?post=13538"},{"taxonomy":"product_cat","embeddable":true,"href":"https:\/\/adflow.agency\/de\/wp-json\/wp\/v2\/product_cat?post=13538"},{"taxonomy":"product_tag","embeddable":true,"href":"https:\/\/adflow.agency\/de\/wp-json\/wp\/v2\/product_tag?post=13538"}],"curies":[{"name":"wp","href":"https:\/\/api.w.org\/{rel}","templated":true}]}}