{"id":13540,"date":"2017-04-11T18:49:07","date_gmt":"2017-04-11T16:49:07","guid":{"rendered":"https:\/\/adflow.agency\/product\/turbine-dr\/"},"modified":"2026-02-24T11:27:32","modified_gmt":"2026-02-24T10:27:32","slug":"turbine-dr","status":"publish","type":"product","link":"https:\/\/adflow.agency\/de\/product\/turbine-dr\/","title":{"rendered":"Turbine Dr."},"content":{"rendered":"<h2>Wir pr\u00e4sentieren \u201eTurbine Dr.\u201c, die neue Smartphone-App von ADENSYS!<\/h2>\n<p>Dieses revolution\u00e4re Tool nutzt das Schallsignal Ihres luftbetriebenen Dentalhandst\u00fccks, um den Betriebszustand Ihres Handst\u00fccks zu diagnostizieren. Dieses Produkt ist im Apple App Store und im Google Play Store erh\u00e4ltlich. <\/p>\n<p><a href=\"https:\/\/itunes.apple.com\/us\/app\/turbine-dr\/id1234185526?mt=8\" style=\"display:inline-block;overflow:hidden;background:url(https:\/\/linkmaker.itunes.apple.com\/assets\/shared\/badges\/en-us\/appstore-lrg.svg) no-repeat;width:203px;height:60px;background-size:contain;\"><\/a><br \/>\n<a href=\"https:\/\/play.google.com\/store\/apps\/details?id=net.adensys.turbinedr&amp;hl=en&amp;pcampaignid=MKT-Other-global-all-co-prtnr-py-PartBadge-Mar2515-1\"><img decoding=\"async\" alt=\"Jetzt bei Google Play\" src=\"https:\/\/play.google.com\/intl\/en_us\/badges\/images\/generic\/en_badge_web_generic.png\" style=\"display:inline-block; no-repeat;width:250px;height:97px;background-size:contain;\"><\/a><\/p>\n<p>Die App hat zwei Modi:<\/p>\n<h4>Diagnose<\/h4>\n<p>Die Verwendung von \u201eTurbine Dr.\u201c im Diagnosemodus erm\u00f6glicht es Benutzern, den Betriebszustand ihrer luftbetriebenen Handst\u00fccke zu \u00fcberpr\u00fcfen.<\/p>\n<p><img loading=\"lazy\" decoding=\"async\" class=\"alignnone size-medium wp-image-3211\" src=\"https:\/\/adflow.agency\/wp-content\/uploads\/2017\/05\/iphone6plus_diagnosis-247x300.jpg\" alt=\"\" width=\"247\" height=\"300\"><\/p>\n<p>Der Benutzer wird aufgefordert, sein Handst\u00fcckmodell und den Antriebsluftdruck f\u00fcr das Handst\u00fcck einzugeben. Bitte beachten Sie, dass der Antriebsluftdruck so nah wie m\u00f6glich am Handst\u00fcck gemessen werden sollte. <\/p>\n<p id=\"manometer\">Idealerweise w\u00fcrde ein Manometer zwischen dem Dentalschlauch und dem Handst\u00fcck verwendet. Wenn Sie kein Manometer zur Messung dieses Drucks zur Verf\u00fcgung haben, <a style=\"color: #79bde8; font-weight: bold;\" href=\"https:\/\/adflow.agency\/products\/one-channel-manometer\/\">K\u00d6NNEN SIE HIER EINES IM ADENSYS-WEBSHOP ERWERBEN<\/a>. <\/p>\n<p><img loading=\"lazy\" decoding=\"async\" class=\"alignnone size-medium wp-image-3162\" src=\"https:\/\/adflow.agency\/wp-content\/uploads\/2017\/04\/app1-343x300.jpg\" alt=\"\" width=\"343\" height=\"300\"><\/p>\n<p>Die App misst und zeigt die Drehzahl des Handst\u00fccks an und gleicht diese Drehzahl mit unserer Datenbank ab. Wir haben die Druck-\/Drehzahlkurven f\u00fcr 30 der g\u00e4ngigsten luftbetriebenen Dentalhandst\u00fccke auf dem heutigen Markt aufgezeichnet. Diese Daten erm\u00f6glichen es uns zusammen mit detailliertem Know-how \u00fcber Handst\u00fcckleistung und Lebensdauer, eine Aussage \u00fcber den allgemeinen Zustand Ihres Handst\u00fccks zu treffen. Abschlie\u00dfend gibt \u201eTurbine Dr.\u201c eine Empfehlung ab, ob Ihr Handst\u00fcck gewartet werden sollte oder nicht.   <\/p>\n<p><img loading=\"lazy\" decoding=\"async\" class=\"alignnone size-medium wp-image-3213\" src=\"https:\/\/adflow.agency\/wp-content\/uploads\/2017\/05\/iphone6plus_results_ok-247x300.jpg\" alt=\"\" width=\"247\" height=\"300\"><img loading=\"lazy\" decoding=\"async\" class=\"alignnone size-medium wp-image-3209\" src=\"https:\/\/adflow.agency\/wp-content\/uploads\/2017\/05\/iphone6plus_results_bad-247x300.jpg\" alt=\"\" width=\"247\" height=\"300\"><\/p>\n<h4><\/h4>\n<h4>Drehzahlpr\u00fcfung<\/h4>\n<p>Der Drehzahlpr\u00fcfungsmodus ist ziemlich selbsterkl\u00e4rend: Wenn das Handst\u00fcck mit voller Geschwindigkeit neben dem Telefon betrieben wird, zeigt die App einfach die Laufgeschwindigkeit Ihres Handst\u00fccks an.<\/p>\n<h4><img loading=\"lazy\" decoding=\"async\" class=\"alignnone size-medium wp-image-3215\" src=\"https:\/\/adflow.agency\/wp-content\/uploads\/2017\/05\/iphone6plus_rpmcheck-247x300.jpg\" alt=\"\" width=\"247\" height=\"300\"><\/h4>\n<h4>Hinweise:<\/h4>\n<ul>\n<li>Turbine Dr. kann nur f\u00fcr luftbetriebene Hochgeschwindigkeits-Dentalhandst\u00fccke im Turbinenstil verwendet werden. Es funktioniert nicht f\u00fcr motorbetriebene Winkelst\u00fccke oder Dentalmotoren. <\/li>\n<\/ul>\n","protected":false},"excerpt":{"rendered":"<p>Wir pr\u00e4sentieren \u201eTurbine Dr.\u201c, die neue Smartphone-App von ADENSYS! Dieses revolution\u00e4re Tool nutzt das Schallsignal Ihres luftbetriebenen Dentalhandst\u00fccks, um den Betriebszustand Ihres Handst\u00fccks zu diagnostizieren. Dieses Produkt ist im Apple App Store und im Google Play Store erh\u00e4ltlich. Die App hat zwei Modi: Diagnose Die Verwendung von \u201eTurbine Dr.\u201c im Diagnosemodus erm\u00f6glicht es Benutzern, den [&hellip;]<\/p>\n","protected":false},"featured_media":3205,"comment_status":"closed","ping_status":"closed","template":"","meta":{"inline_featured_image":false,"_uag_custom_page_level_css":""},"product_brand":[],"product_cat":[1339],"product_tag":[],"class_list":{"0":"post-13540","1":"product","2":"type-product","3":"status-publish","4":"has-post-thumbnail","6":"product_cat-turbinen","8":"first","9":"instock","10":"taxable","11":"shipping-taxable","12":"product-type-simple"},"acf":[],"uagb_featured_image_src":{"full":["https:\/\/adflow.agency\/wp-content\/uploads\/2017\/05\/3_iphones-1.jpg",1200,1457,false],"thumbnail":["https:\/\/adflow.agency\/wp-content\/uploads\/2017\/05\/3_iphones-1.jpg",165,200,false],"medium":["https:\/\/adflow.agency\/wp-content\/uploads\/2017\/05\/3_iphones-1.jpg",247,300,false],"medium_large":["https:\/\/adflow.agency\/wp-content\/uploads\/2017\/05\/3_iphones-1.jpg",768,932,false],"large":["https:\/\/adflow.agency\/wp-content\/uploads\/2017\/05\/3_iphones-1.jpg",988,1200,false],"1536x1536":["https:\/\/adflow.agency\/wp-content\/uploads\/2017\/05\/3_iphones-1.jpg",1200,1457,false],"2048x2048":["https:\/\/adflow.agency\/wp-content\/uploads\/2017\/05\/3_iphones-1.jpg",1200,1457,false],"woocommerce_thumbnail":["https:\/\/adflow.agency\/wp-content\/uploads\/2017\/05\/3_iphones-1-247x247.jpg",247,247,true],"woocommerce_single":["https:\/\/adflow.agency\/wp-content\/uploads\/2017\/05\/3_iphones-1.jpg",510,619,false],"woocommerce_gallery_thumbnail":["https:\/\/adflow.agency\/wp-content\/uploads\/2017\/05\/3_iphones-1-100x100.jpg",100,100,true]},"uagb_author_info":{"display_name":"aden_admin","author_link":"https:\/\/adflow.agency\/de\/author\/"},"uagb_comment_info":0,"uagb_excerpt":"Wir pr\u00e4sentieren \u201eTurbine Dr.\u201c, die neue Smartphone-App von ADENSYS! Dieses revolution\u00e4re Tool nutzt das Schallsignal Ihres luftbetriebenen Dentalhandst\u00fccks, um den Betriebszustand Ihres Handst\u00fccks zu diagnostizieren. Dieses Produkt ist im Apple App Store und im Google Play Store erh\u00e4ltlich. Die App hat zwei Modi: Diagnose Die Verwendung von \u201eTurbine Dr.\u201c im Diagnosemodus erm\u00f6glicht es Benutzern, den&hellip;","_links":{"self":[{"href":"https:\/\/adflow.agency\/de\/wp-json\/wp\/v2\/product\/13540","targetHints":{"allow":["GET"]}}],"collection":[{"href":"https:\/\/adflow.agency\/de\/wp-json\/wp\/v2\/product"}],"about":[{"href":"https:\/\/adflow.agency\/de\/wp-json\/wp\/v2\/types\/product"}],"replies":[{"embeddable":true,"href":"https:\/\/adflow.agency\/de\/wp-json\/wp\/v2\/comments?post=13540"}],"wp:featuredmedia":[{"embeddable":true,"href":"https:\/\/adflow.agency\/de\/wp-json\/wp\/v2\/media\/3205"}],"wp:attachment":[{"href":"https:\/\/adflow.agency\/de\/wp-json\/wp\/v2\/media?parent=13540"}],"wp:term":[{"taxonomy":"product_brand","embeddable":true,"href":"https:\/\/adflow.agency\/de\/wp-json\/wp\/v2\/product_brand?post=13540"},{"taxonomy":"product_cat","embeddable":true,"href":"https:\/\/adflow.agency\/de\/wp-json\/wp\/v2\/product_cat?post=13540"},{"taxonomy":"product_tag","embeddable":true,"href":"https:\/\/adflow.agency\/de\/wp-json\/wp\/v2\/product_tag?post=13540"}],"curies":[{"name":"wp","href":"https:\/\/api.w.org\/{rel}","templated":true}]}}