{"id":13544,"date":"2016-12-27T16:42:45","date_gmt":"2016-12-27T15:42:45","guid":{"rendered":"https:\/\/adflow.agency\/product\/schluessel-fuer-hintere-kappe-fuer-kavo-grosser-kopf\/"},"modified":"2026-02-24T11:27:28","modified_gmt":"2026-02-24T10:27:28","slug":"schluessel-fuer-hintere-kappe-fuer-kavo-grosser-kopf","status":"publish","type":"product","link":"https:\/\/adflow.agency\/de\/product\/schluessel-fuer-hintere-kappe-fuer-kavo-grosser-kopf\/","title":{"rendered":"Schl\u00fcssel f\u00fcr hintere Kappe f\u00fcr KaVo \u201egro\u00dfer Kopf\u201c"},"content":{"rendered":"","protected":false},"excerpt":{"rendered":"<ul>\n<li>Schl\u00fcssel\/Schraubenschl\u00fcssel zum \u00d6ffnen der hinteren Kappe f\u00fcr 655 \/ 660 \/ 6000 \/ 6500 \/ 7000 \/ 8000 \/ M8900 \/ M9000<\/li>\n<li>Getestet von ADENSYS<\/li>\n<\/ul>\n","protected":false},"featured_media":2546,"comment_status":"open","ping_status":"closed","template":"","meta":{"inline_featured_image":false,"_uag_custom_page_level_css":""},"product_brand":[],"product_cat":[1203],"product_tag":[1245,1229,1251,1246,1230,1231],"class_list":{"0":"post-13544","1":"product","2":"type-product","3":"status-publish","4":"has-post-thumbnail","6":"product_cat-kavo-tasten-auf-der-ruckseite","7":"product_tag-kavo-6000","8":"product_tag-kavo-6500","9":"product_tag-kavo-655-660","10":"product_tag-kavo-7000","11":"product_tag-kavo-8000","12":"product_tag-kavo-m8900-m9000","14":"first","15":"instock","16":"taxable","17":"shipping-taxable","18":"product-type-simple"},"acf":[],"uagb_featured_image_src":{"full":["https:\/\/adflow.agency\/wp-content\/uploads\/2016\/12\/A10654.0-key-K8000.jpg",2538,2214,false],"thumbnail":["https:\/\/adflow.agency\/wp-content\/uploads\/2016\/12\/A10654.0-key-K8000.jpg",229,200,false],"medium":["https:\/\/adflow.agency\/wp-content\/uploads\/2016\/12\/A10654.0-key-K8000.jpg",344,300,false],"medium_large":["https:\/\/adflow.agency\/wp-content\/uploads\/2016\/12\/A10654.0-key-K8000.jpg",768,670,false],"large":["https:\/\/adflow.agency\/wp-content\/uploads\/2016\/12\/A10654.0-key-K8000.jpg",1376,1200,false],"1536x1536":["https:\/\/adflow.agency\/wp-content\/uploads\/2016\/12\/A10654.0-key-K8000.jpg",1536,1340,false],"2048x2048":["https:\/\/adflow.agency\/wp-content\/uploads\/2016\/12\/A10654.0-key-K8000.jpg",2048,1787,false],"woocommerce_thumbnail":["https:\/\/adflow.agency\/wp-content\/uploads\/2016\/12\/A10654.0-key-K8000-247x247.jpg",247,247,true],"woocommerce_single":["https:\/\/adflow.agency\/wp-content\/uploads\/2016\/12\/A10654.0-key-K8000.jpg",510,445,false],"woocommerce_gallery_thumbnail":["https:\/\/adflow.agency\/wp-content\/uploads\/2016\/12\/A10654.0-key-K8000-100x100.jpg",100,100,true]},"uagb_author_info":{"display_name":"aden_admin","author_link":"https:\/\/adflow.agency\/de\/author\/"},"uagb_comment_info":0,"uagb_excerpt":"Schl\u00fcssel\/Schraubenschl\u00fcssel zum \u00d6ffnen der hinteren Kappe f\u00fcr 655 \/ 660 \/ 6000 \/ 6500 \/ 7000 \/ 8000 \/ M8900 \/ M9000 Getestet von ADENSYS","_links":{"self":[{"href":"https:\/\/adflow.agency\/de\/wp-json\/wp\/v2\/product\/13544","targetHints":{"allow":["GET"]}}],"collection":[{"href":"https:\/\/adflow.agency\/de\/wp-json\/wp\/v2\/product"}],"about":[{"href":"https:\/\/adflow.agency\/de\/wp-json\/wp\/v2\/types\/product"}],"replies":[{"embeddable":true,"href":"https:\/\/adflow.agency\/de\/wp-json\/wp\/v2\/comments?post=13544"}],"wp:featuredmedia":[{"embeddable":true,"href":"https:\/\/adflow.agency\/de\/wp-json\/wp\/v2\/media\/2546"}],"wp:attachment":[{"href":"https:\/\/adflow.agency\/de\/wp-json\/wp\/v2\/media?parent=13544"}],"wp:term":[{"taxonomy":"product_brand","embeddable":true,"href":"https:\/\/adflow.agency\/de\/wp-json\/wp\/v2\/product_brand?post=13544"},{"taxonomy":"product_cat","embeddable":true,"href":"https:\/\/adflow.agency\/de\/wp-json\/wp\/v2\/product_cat?post=13544"},{"taxonomy":"product_tag","embeddable":true,"href":"https:\/\/adflow.agency\/de\/wp-json\/wp\/v2\/product_tag?post=13544"}],"curies":[{"name":"wp","href":"https:\/\/api.w.org\/{rel}","templated":true}]}}